{"id":3687,"date":"2021-12-03T01:21:33","date_gmt":"2021-12-02T23:21:33","guid":{"rendered":"https:\/\/coopcabaces.coop\/politica-de-galletas-cookies\/"},"modified":"2025-04-09T00:06:50","modified_gmt":"2025-04-08T22:06:50","slug":"politica-de-galletas-cookies","status":"publish","type":"page","link":"https:\/\/coopcabaces.coop\/es\/politica-de-galletas-cookies\/","title":{"rendered":"Pol\u00edtica de galletas (cookies)"},"content":{"rendered":"\n<p>1. <strong>Uso de cookies en el Sitio Web<\/strong><\/p>\n\n<p>Este Sitio Web utiliza cookies propias con el fin de mejorar los servicios prestados a trav\u00e9s del mismo mediante el an\u00e1lisis de los h\u00e1bitos de navegaci\u00f3n del Usuario. El uso de cookies estar\u00e1 limitado a la configuraci\u00f3n del usuario, que elegir\u00e1 qu\u00e9 cookies habilitar en funci\u00f3n de su tipolog\u00eda. Es decir, la base jur\u00eddica del uso de cookies durante la navegaci\u00f3n del usuario la marcar\u00e1 el consentimiento del propio usuario.<\/p>\n\n<p>Tenga en cuenta que para poder utilizar y contar con una mejor experiencia de navegaci\u00f3n, es necesario que tenga habilitadas las cookies, especialmente aquellas de car\u00e1cter t\u00e9cnico que resulten necesarias para que pueda identificarte como usuario registrado cada vez que acceda a la presente web. En caso de no querer recibir cookies, por favor, configure su navegador de internet, para que las borre del disco duro de su ordenador, las bloquee o le avise si procede de instalaci\u00f3n de las mismas.<\/p>\n\n<p>El Responsable del tratamiento de las cookies y datos recogidos a trav\u00e9s de este Sitio Web es:<\/p>\n\n<div class=\"wp-block-group is-layout-flow wp-block-group-is-layout-flow\">\n<p>AGRICOLA I SECCIO DE CREDIT CABACES, SCCL<\/p>\n\n\n\n<p>NIF \/ CIF: F-43011600<\/p>\n\n\n\n<p>Calle Beat Joan d&#8217;Organy\u00e0, 1 43373-CABAC\u00c9S<\/p>\n\n\n\n<p>Correo electr\u00f3nico: <a href=\"mailto:info@coopcabaces.coop\">info@coopcabaces.coop<\/a><\/p>\n\n\n\n<p>Correo electr\u00f3nico ejercicio derechos: <a href=\"mailto:rgpd@coopcabaces.coop\">rgpd@coopcabaces.coop<\/a><\/p>\n<\/div>\n\n<p>2<strong>. \u00bfQu\u00e9 es una cookie?<\/strong><\/p>\n\n<p>Una cookie (o cookie) es un archivo que se descarga en el ordenador del Usuario cuando accede a determinados sitios web, como \u00e9ste. Las cookies permiten a estos sitios web, entre otras cosas, almacenar y recuperar informaci\u00f3n sobre los h\u00e1bitos de navegaci\u00f3n del Usuario o los de su equipo y, dependiendo de la informaci\u00f3n que contengan y de la forma en que utilice su equipo, se pueden utilizar para reconocer al usuario.<\/p>\n\n<p>3. <strong>\u00bfQu\u00e9 cookies utiliza este Sitio Web?<\/strong><\/p>\n\n<p>AGRICOLA I SECCIO DE CREDIT CABACES, SCCL utiliza diferentes tipos de cookies propias, donde el responsable del tratamiento es la Cooperativa. Actualmente no utiliza cookies de terceros, donde el responsable ser\u00eda una entidad externa.<\/p>\n\n<p>Las cookies propias son las gestionadas directamente por la Cooperativa para las que aplican las restricciones detalladas en nuestra pol\u00edtica de privacidad tanto para el tratamiento de los datos como para los derechos del usuario sobre la informaci\u00f3n contenida en las Cookies.<\/p>\n\n<p>Siguiendo las directrices de la Agencia Espa\u00f1ola de Protecci\u00f3n de Datos, procedemos a detallar el uso de las cookies que esta p\u00e1gina web utiliza, para proporcionarle la m\u00e1xima informaci\u00f3n posible:<\/p>\n\n<p><span style=\"text-decoration: underline;\">Necesarias<\/span><\/p>\n\n<p>Las cookies necesarias ayudan a realizar una p\u00e1gina web utilizable activando funciones b\u00e1sicas como la navegaci\u00f3n en la p\u00e1gina y el acceso a \u00e1reas seguras de la p\u00e1gina web. La p\u00e1gina web no puede funcionar adecuadamente sin estas cookies.<\/p>\n\n<figure class=\"wp-block-table\"><table><tbody><tr><td><strong>Nombre<\/strong><\/td><td><strong>Duraci\u00f3n<\/strong><\/td><td><strong>Prop\u00f3sito<\/strong><\/td><\/tr><tr><td>cmplz_choice<\/td><td>1 a\u00f1o<\/td><td>Guardar tus preferencias de cookies<\/td><\/tr><tr><td>cmplz_consent_status<\/td><td>1 a\u00f1o<\/td><td>Guardar tus preferencias de cookies<\/td><\/tr><tr><td>cmplz_functional<\/td><td>1 a\u00f1o<\/td><td>Guardar tus preferencias de cookies<\/td><\/tr><tr><td>cmplz_marketing<\/td><td>1 a\u00f1o<\/td><td>Guardar tus preferencias de cookies<\/td><\/tr><tr><td>cmplz_policy_id<\/td><td>1 a\u00f1o<\/td><td>Guardar tus preferencias de cookies<\/td><\/tr><tr><td>cmplz_preferences<\/td><td>1 a\u00f1o<\/td><td>Guardar tus preferencias de cookies<\/td><\/tr><tr><td>cmplz_statistics-anonymous<\/td><td>1 a\u00f1o<\/td><td>Guardar tus preferencias de cookies<\/td><\/tr><tr><td>cmplz_statistics<\/td><td>1 a\u00f1o<\/td><td>Guardar tus preferencias de cookies<\/td><\/tr><tr><td>wp_woocommerce_s<\/td><td>2 d\u00edas<\/td><td>Guardar los productos del carrito<\/td><\/tr><\/tbody><\/table><\/figure>\n\n<p><span style=\"text-decoration: underline;\">Preferencias<\/span><\/p>\n\n<p>Las cookies de preferencias permiten a la p\u00e1gina web recordar informaci\u00f3n que cambia la forma en que la p\u00e1gina se comporta o el aspecto que tiene, como su idioma preferido o la regi\u00f3n donde te encuentras.<\/p>\n\n<figure class=\"wp-block-table\"><table><tbody><tr><td><strong>Nombre<\/strong><\/td><td><strong>Duraci\u00f3n<\/strong><\/td><td><strong>Prop\u00f3sito<\/strong><\/td><\/tr><tr><td>wp-wpml_current_admin_language[&#8230;]<\/td><td>1 d\u00eda<\/td><td>Guardar tus preferencias de idioma<\/td><\/tr><tr><td>wp-wpml_current_language<\/td><td>1 d\u00eda<\/td><td>Guardar tus preferencias de idioma<\/td><\/tr><tr><td>mtm_[\u2026] \/ matomo[&#8230;]<\/td><td>1 a\u00f1o<\/td><td>Guardar tus preferencias de estad\u00edsticas<\/td><\/tr><\/tbody><\/table><\/figure>\n\n<p><span style=\"text-decoration: underline;\">Estad\u00edsticas<\/span><\/p>\n\n<p>Las cookies estad\u00edsticas ayudan a los propietarios de p\u00e1ginas web a comprender c\u00f3mo interact\u00faan los visitantes con las p\u00e1ginas web reuniendo y proporcionando informaci\u00f3n de forma an\u00f3nima.<\/p>\n\n<figure class=\"wp-block-table\"><table><tbody><tr><td><strong>Nombre<\/strong><\/td><td><strong>Duraci\u00f3n<\/strong><\/td><td><strong>Prop\u00f3sito<\/strong><\/td><\/tr><tr><td>_pk_id.1.bdb2<\/td><td>1 a\u00f1o<\/td><td>Saber qu\u00e9 paginas y productos son m\u00e1s vistos por los usuarios y c\u00f3mo interact\u00faan con la web, para poderla mejorar.<\/td><\/tr><tr><td>_pk_ses.1.bdb2<\/td><td>1 d\u00eda<\/td><td>Saber qu\u00e9 paginas y productos son m\u00e1s vistos por los usuarios y c\u00f3mo interact\u00faan con la web, para poder mejorarla.<\/td><\/tr><\/tbody><\/table><\/figure>\n\n<p>El plazo de conservaci\u00f3n de los datos obtenidos a trav\u00e9s de cookies est\u00e1 especificado en cada una de ellas y as\u00ed se mantendr\u00e1n en nuestros servidores.<\/p>\n\n<p>4. <strong>\u00bfC\u00f3mo puedo bloquear o eliminar las cookies que utiliza este sitio web?<\/strong><\/p>\n\n<p>Adem\u00e1s de por medio del panel de configuraci\u00f3n puesto a disposici\u00f3n del Usuario, \u00e9ste puede permitir, bloquear o eliminar las cookies instaladas en su equipo mediante la configuraci\u00f3n de las opciones del navegador instalado en su ordenador.<\/p>\n\n<p>Si el Usuario no quiere que sus datos se recopilen con Matomo, puede hacerlo desde la opci\u00f3n al final de esta pol\u00edtica.<\/p>\n\n<p>El hecho de bloquear la instalaci\u00f3n de las cookies de an\u00e1lisis descritas en esta pol\u00edtica no impide la utilizaci\u00f3n efectiva del Sitio Web por parte del Usuario.<\/p>\n\n<p>La mayor\u00eda de los navegadores acepta cookies por su configuraci\u00f3n predefinida.<\/p>\n\n<p>Es posible modificar la configuraci\u00f3n de su propio navegador para que no acepte cookies o los elimine completamente de su sistema.<\/p>\n\n<p>Debes saber tambi\u00e9n que la mayor\u00eda de los navegadores permite la navegaci\u00f3n en modalidad an\u00f3nima, permitiendo eliminar las cookies. Esta configuraci\u00f3n tiene un nombre distinto, seg\u00fan el tipo de navegador, por ejemplo:<\/p>\n\n<p>\u2013 Internet Explorer 8 y siguientes: InPrivate<\/p>\n\n<p>\u2013 FireFox 3.5 y siguientes: Private Browsing<\/p>\n\n<p>\u2013 Google Chrome 10 y siguientes: Inc\u00f3gnito<\/p>\n\n<p>\u2013 Safari 2 y siguientes: Private Browsing<\/p>\n\n<p>\u2013 Opera 10.5 y siguientes: Private Browsing<\/p>\n\n<p>Para m\u00e1s informaci\u00f3n puede leer la secci\u00f3n de ayuda del propio navegador donde viene indicado c\u00f3mo navegar en modalidad an\u00f3nima o c\u00f3mo eliminar las cookies.<\/p>\n\n<p>Es posible visitar nuestro sitio web en modalidad an\u00f3nima pero la experiencia de usuario pierde calidad, as\u00ed como ciertas funciones podr\u00edan estar desactivadas o dejar de funcionar.<\/p>\n\n<p>5. <strong>Modificaciones<\/strong><\/p>\n\n<p>Esta pol\u00edtica de cookies puede verse modificada en funci\u00f3n de las exigencias legales establecidas o con el fin de adaptar esta pol\u00edtica a las instrucciones dictadas por la Agencia Espa\u00f1ola de Protecci\u00f3n de Datos.<\/p>\n\n<p>Por eso, aconsejamos a los usuarios que visiten peri\u00f3dicamente nuestra pol\u00edtica de cookies.<\/p>\n\n<p>Cuando se produzcan cambios significativos en esta pol\u00edtica, en la medida de nuestras posibilidades, comunicaremos a los usuarios estos cambios mediante un aviso en nuestra p\u00e1gina web.<\/p>\n\n<p>Para el resto de informaci\u00f3n relacionada con el arte. 13 del RGPD consultar nuestra pol\u00edtica de privacidad.<\/p>\n\n<p>Si tiene dudas sobre esta pol\u00edtica de cookies, puede contactar con AGRICOLA I SECCIO DE CREDIT CABACES, SCCL a trav\u00e9s del siguiente correo electr\u00f3nico: <a href=\"mailto:rgpd@coopcabaces.coop\">rgpd@coopcabaces.coop<\/a> .<\/p>\n\n<p>Puede optar por evitar que este sitio web recopile y analice las acciones que haga aqu\u00ed. Si lo hace, proteger\u00e1 su privacidad, pero tambi\u00e9n impedir\u00e1 que el propietario aprenda de sus acciones y cree una mejor experiencia de usuario para usted y los dem\u00e1s usuarios. Desmarque la casilla al final de este texto para desactivar la recopilaci\u00f3n de datos.<\/p>\n<p id=\"matomo_opted_out_intro\" style=\"display:none;\">Opt-out complete; your visits to this website will not be recorded by the Web Analytics tool. Note that if you clear your cookies, delete the opt-out cookie, or if you change computers or Web browsers, you will need to perform the opt-out procedure again.<\/p><p id=\"matomo_opted_in_intro\" >You may choose to prevent this website from aggregating and analyzing the actions you take here. Doing so will protect your privacy, but will also prevent the owner from learning from your actions and creating a better experience for you and other users.<\/p><form>\n        <input type=\"checkbox\" id=\"matomo_optout_checkbox\" checked=\"checked\"\/>\n        <label for=\"matomo_optout_checkbox\"><strong>\n        <span id=\"matomo_opted_in_label\" >You are not opted out. Uncheck this box to opt-out.<\/span>\n\t\t<span id=\"matomo_opted_out_label\" style=\"display:none;\">You are currently opted out. Check this box to opt-in.<\/span>\n        <\/strong><\/label><\/form><noscript><p><strong style=\"color: #ff0000;\">This opt out feature requires JavaScript.<\/strong><\/p><\/noscript><p id=\"matomo_outout_err_cookies\" style=\"display: none;\"><strong>The tracking opt-out feature requires cookies to be enabled.<\/strong><\/p>\n\n<p>Cabac\u00e9s, abril 2025<\/p>\n<p>[dkpdf-button]<\/p>\n","protected":false},"excerpt":{"rendered":"<p>1. Uso de cookies en el Sitio Web Este Sitio Web utiliza cookies propias con el fin de mejorar los<\/p>\n","protected":false},"author":1,"featured_media":0,"parent":0,"menu_order":0,"comment_status":"closed","ping_status":"closed","template":"","meta":{"footnotes":""},"class_list":["post-3687","page","type-page","status-publish","hentry"],"yoast_head":"<!-- This site is optimized with the Yoast SEO plugin v27.0 - https:\/\/yoast.com\/product\/yoast-seo-wordpress\/ -->\n<title>Pol\u00edtica de galletas (cookies) - Cooperativa Cabac\u00e9s<\/title>\n<meta name=\"robots\" content=\"index, follow, max-snippet:-1, max-image-preview:large, max-video-preview:-1\" \/>\n<link rel=\"canonical\" href=\"https:\/\/coopcabaces.coop\/es\/politica-de-galletas-cookies\/\" \/>\n<meta property=\"og:locale\" content=\"es_ES\" \/>\n<meta property=\"og:type\" content=\"article\" \/>\n<meta property=\"og:title\" content=\"Pol\u00edtica de galletas (cookies) - Cooperativa Cabac\u00e9s\" \/>\n<meta property=\"og:description\" content=\"1. Uso de cookies en el Sitio Web Este Sitio Web utiliza cookies propias con el fin de mejorar los\" \/>\n<meta property=\"og:url\" content=\"https:\/\/coopcabaces.coop\/es\/politica-de-galletas-cookies\/\" \/>\n<meta property=\"og:site_name\" content=\"Cooperativa Cabac\u00e9s\" \/>\n<meta property=\"article:modified_time\" content=\"2025-04-08T22:06:50+00:00\" \/>\n<meta name=\"twitter:card\" content=\"summary_large_image\" \/>\n<meta name=\"twitter:label1\" content=\"Tiempo de lectura\" \/>\n\t<meta name=\"twitter:data1\" content=\"6 minutos\" \/>\n<script type=\"application\/ld+json\" class=\"yoast-schema-graph\">{\"@context\":\"https:\/\/schema.org\",\"@graph\":[{\"@type\":\"WebPage\",\"@id\":\"https:\/\/coopcabaces.coop\/es\/politica-de-galletas-cookies\/\",\"url\":\"https:\/\/coopcabaces.coop\/es\/politica-de-galletas-cookies\/\",\"name\":\"Pol\u00edtica de galletas (cookies) - Cooperativa Cabac\u00e9s\",\"isPartOf\":{\"@id\":\"https:\/\/coopcabaces.coop\/es\/#website\"},\"datePublished\":\"2021-12-02T23:21:33+00:00\",\"dateModified\":\"2025-04-08T22:06:50+00:00\",\"breadcrumb\":{\"@id\":\"https:\/\/coopcabaces.coop\/es\/politica-de-galletas-cookies\/#breadcrumb\"},\"inLanguage\":\"es\",\"potentialAction\":[{\"@type\":\"ReadAction\",\"target\":[\"https:\/\/coopcabaces.coop\/es\/politica-de-galletas-cookies\/\"]}]},{\"@type\":\"BreadcrumbList\",\"@id\":\"https:\/\/coopcabaces.coop\/es\/politica-de-galletas-cookies\/#breadcrumb\",\"itemListElement\":[{\"@type\":\"ListItem\",\"position\":1,\"name\":\"Inici\",\"item\":\"https:\/\/coopcabaces.coop\/es\/inicio\/\"},{\"@type\":\"ListItem\",\"position\":2,\"name\":\"Pol\u00edtica de galletas (cookies)\"}]},{\"@type\":\"WebSite\",\"@id\":\"https:\/\/coopcabaces.coop\/es\/#website\",\"url\":\"https:\/\/coopcabaces.coop\/es\/\",\"name\":\"Cooperativa Cabac\u00e9s\",\"description\":\"Aceite de oliva virgen extra Baronia de Cabac\u00e9s\",\"publisher\":{\"@id\":\"https:\/\/coopcabaces.coop\/es\/#organization\"},\"potentialAction\":[{\"@type\":\"SearchAction\",\"target\":{\"@type\":\"EntryPoint\",\"urlTemplate\":\"https:\/\/coopcabaces.coop\/es\/?s={search_term_string}\"},\"query-input\":{\"@type\":\"PropertyValueSpecification\",\"valueRequired\":true,\"valueName\":\"search_term_string\"}}],\"inLanguage\":\"es\"},{\"@type\":\"Organization\",\"@id\":\"https:\/\/coopcabaces.coop\/es\/#organization\",\"name\":\"Agr\u00edcola i Secci\u00f3 de Cr\u00e8dit de Cabac\u00e9s, S.C.C.L.\",\"url\":\"https:\/\/coopcabaces.coop\/es\/\",\"logo\":{\"@type\":\"ImageObject\",\"inLanguage\":\"es\",\"@id\":\"https:\/\/coopcabaces.coop\/es\/#\/schema\/logo\/image\/\",\"url\":\"https:\/\/coopcabaces.coop\/wp-content\/uploads\/2021\/11\/cooperativa-cabaces-logo-1454943363.jpg\",\"contentUrl\":\"https:\/\/coopcabaces.coop\/wp-content\/uploads\/2021\/11\/cooperativa-cabaces-logo-1454943363.jpg\",\"width\":402,\"height\":132,\"caption\":\"Agr\u00edcola i Secci\u00f3 de Cr\u00e8dit de Cabac\u00e9s, S.C.C.L.\"},\"image\":{\"@id\":\"https:\/\/coopcabaces.coop\/es\/#\/schema\/logo\/image\/\"},\"sameAs\":[\"https:\/\/instagram.com\/agr.isec.cre.decabaces\"]}]}<\/script>\n<!-- \/ Yoast SEO plugin. -->","yoast_head_json":{"title":"Pol\u00edtica de galletas (cookies) - Cooperativa Cabac\u00e9s","robots":{"index":"index","follow":"follow","max-snippet":"max-snippet:-1","max-image-preview":"max-image-preview:large","max-video-preview":"max-video-preview:-1"},"canonical":"https:\/\/coopcabaces.coop\/es\/politica-de-galletas-cookies\/","og_locale":"es_ES","og_type":"article","og_title":"Pol\u00edtica de galletas (cookies) - Cooperativa Cabac\u00e9s","og_description":"1. Uso de cookies en el Sitio Web Este Sitio Web utiliza cookies propias con el fin de mejorar los","og_url":"https:\/\/coopcabaces.coop\/es\/politica-de-galletas-cookies\/","og_site_name":"Cooperativa Cabac\u00e9s","article_modified_time":"2025-04-08T22:06:50+00:00","twitter_card":"summary_large_image","twitter_misc":{"Tiempo de lectura":"6 minutos"},"schema":{"@context":"https:\/\/schema.org","@graph":[{"@type":"WebPage","@id":"https:\/\/coopcabaces.coop\/es\/politica-de-galletas-cookies\/","url":"https:\/\/coopcabaces.coop\/es\/politica-de-galletas-cookies\/","name":"Pol\u00edtica de galletas (cookies) - Cooperativa Cabac\u00e9s","isPartOf":{"@id":"https:\/\/coopcabaces.coop\/es\/#website"},"datePublished":"2021-12-02T23:21:33+00:00","dateModified":"2025-04-08T22:06:50+00:00","breadcrumb":{"@id":"https:\/\/coopcabaces.coop\/es\/politica-de-galletas-cookies\/#breadcrumb"},"inLanguage":"es","potentialAction":[{"@type":"ReadAction","target":["https:\/\/coopcabaces.coop\/es\/politica-de-galletas-cookies\/"]}]},{"@type":"BreadcrumbList","@id":"https:\/\/coopcabaces.coop\/es\/politica-de-galletas-cookies\/#breadcrumb","itemListElement":[{"@type":"ListItem","position":1,"name":"Inici","item":"https:\/\/coopcabaces.coop\/es\/inicio\/"},{"@type":"ListItem","position":2,"name":"Pol\u00edtica de galletas (cookies)"}]},{"@type":"WebSite","@id":"https:\/\/coopcabaces.coop\/es\/#website","url":"https:\/\/coopcabaces.coop\/es\/","name":"Cooperativa Cabac\u00e9s","description":"Aceite de oliva virgen extra Baronia de Cabac\u00e9s","publisher":{"@id":"https:\/\/coopcabaces.coop\/es\/#organization"},"potentialAction":[{"@type":"SearchAction","target":{"@type":"EntryPoint","urlTemplate":"https:\/\/coopcabaces.coop\/es\/?s={search_term_string}"},"query-input":{"@type":"PropertyValueSpecification","valueRequired":true,"valueName":"search_term_string"}}],"inLanguage":"es"},{"@type":"Organization","@id":"https:\/\/coopcabaces.coop\/es\/#organization","name":"Agr\u00edcola i Secci\u00f3 de Cr\u00e8dit de Cabac\u00e9s, S.C.C.L.","url":"https:\/\/coopcabaces.coop\/es\/","logo":{"@type":"ImageObject","inLanguage":"es","@id":"https:\/\/coopcabaces.coop\/es\/#\/schema\/logo\/image\/","url":"https:\/\/coopcabaces.coop\/wp-content\/uploads\/2021\/11\/cooperativa-cabaces-logo-1454943363.jpg","contentUrl":"https:\/\/coopcabaces.coop\/wp-content\/uploads\/2021\/11\/cooperativa-cabaces-logo-1454943363.jpg","width":402,"height":132,"caption":"Agr\u00edcola i Secci\u00f3 de Cr\u00e8dit de Cabac\u00e9s, S.C.C.L."},"image":{"@id":"https:\/\/coopcabaces.coop\/es\/#\/schema\/logo\/image\/"},"sameAs":["https:\/\/instagram.com\/agr.isec.cre.decabaces"]}]}},"jetpack_sharing_enabled":true,"_links":{"self":[{"href":"https:\/\/coopcabaces.coop\/es\/wp-json\/wp\/v2\/pages\/3687","targetHints":{"allow":["GET"]}}],"collection":[{"href":"https:\/\/coopcabaces.coop\/es\/wp-json\/wp\/v2\/pages"}],"about":[{"href":"https:\/\/coopcabaces.coop\/es\/wp-json\/wp\/v2\/types\/page"}],"author":[{"embeddable":true,"href":"https:\/\/coopcabaces.coop\/es\/wp-json\/wp\/v2\/users\/1"}],"replies":[{"embeddable":true,"href":"https:\/\/coopcabaces.coop\/es\/wp-json\/wp\/v2\/comments?post=3687"}],"version-history":[{"count":15,"href":"https:\/\/coopcabaces.coop\/es\/wp-json\/wp\/v2\/pages\/3687\/revisions"}],"predecessor-version":[{"id":8230,"href":"https:\/\/coopcabaces.coop\/es\/wp-json\/wp\/v2\/pages\/3687\/revisions\/8230"}],"wp:attachment":[{"href":"https:\/\/coopcabaces.coop\/es\/wp-json\/wp\/v2\/media?parent=3687"}],"curies":[{"name":"wp","href":"https:\/\/api.w.org\/{rel}","templated":true}]}}