{"id":3759,"date":"2021-12-03T20:37:46","date_gmt":"2021-12-03T18:37:46","guid":{"rendered":"https:\/\/coopcabaces.coop\/politica-de-privacidad\/"},"modified":"2025-04-09T00:05:31","modified_gmt":"2025-04-08T22:05:31","slug":"politica-de-privacidad","status":"publish","type":"page","link":"https:\/\/coopcabaces.coop\/es\/politica-de-privacidad\/","title":{"rendered":"Pol\u00edtica de privacidad"},"content":{"rendered":"\n<p>De acuerdo con el Reglamento (UE) 2016\/679 del Parlamento Europeo y de Consejo, de 27 de abril, relativo a la protecci\u00f3n de las personas f\u00edsicas en lo que se refiere al tratamiento de datos personales ya la libre circulaci\u00f3n de los mismos, y en la legislaci\u00f3n espa\u00f1ola de protecci\u00f3n de datos, Ley 3\/2018, de 5 de diciembre, de protecci\u00f3n de datos y garant\u00eda de los derechos digitales, as\u00ed como en la Ley 34\/2002, de 11 de julio, de Servicios de la Sociedad de la Informaci\u00f3n y Comercio Electr\u00f3nico (LSSICE o LSSI), la entidad aqu\u00ed relacionada le informa del tratamiento de los datos personales seg\u00fan esta Pol\u00edtica de Privacidad.<\/p>\n\n<p>La entidad responsable de este sitio web, AGRICOLA I SECCIO DE CREDIT CABACES, SCCL, en adelante, AGRICOLA I SC CABACES pone a disposici\u00f3n de los usuarios del sitio web el presente documento para informarles de su Pol\u00edtica de Privacidad por el respecto a la protecci\u00f3n de datos personales.<\/p>\n\n<p>Toda persona que acceda a este sitio web asume el papel de usuario, comprometi\u00e9ndose a la observancia y riguroso cumplimiento de las disposiciones aqu\u00ed indicadas, as\u00ed como a cualquier otra disposici\u00f3n legal que fuera de aplicaci\u00f3n en cada momento.<\/p>\n\n<p><strong>Responsable del tratamiento de los datos<\/strong><\/p>\n\n<p>Identidad del Responsable: AGRICOLA I SECCIO DE CREDIT CABACES, SCCL<\/p>\n\n<p>Nombre comercial: AGRICOLA I SC CABACES<\/p>\n\n<p>NIF \/ CIF: F-43011600<\/p>\n\n<p>Direcci\u00f3n: Calle Beat Joan d&#8217;Organy\u00e0, 1, 43373-CABAC\u00c9S<\/p>\n\n<p>Correo electr\u00f3nico: <a href=\"mailto:info@coopcabaces.coop\">info@coopcabaces.coop<\/a><\/p>\n\n<p>E-mail ejercicio de derechos: <a href=\"mailto:rgpd@coopcabaces.coop\">rgpd@coopcabaces.coop<\/a><\/p>\n\n<p>Actividad: Cooperativa agr\u00edcola con Secci\u00f3n de Cr\u00e9dito y tienda on line.<\/p>\n\n<p> Inscrita en el Registro de Cooperativas de la Generalidad n\u00fam.: 56.<\/p>\n\n<p>A los efectos de lo que prev\u00e9 el Reglamento General de Protecci\u00f3n de Datos (RGPD 2016\/679) y Ley 3\/2018, de 5 de diciembre, de protecci\u00f3n de datos y garant\u00eda de los derechos digitales, los datos personales que nos facilite a trav\u00e9s de los formularios del web, registro de cuentas de clientes y \u00f3rdenes de pedido, compras en tienda on line, etc. recibir\u00e1n el tratamiento de datos de \u00abusuarios\u00bb.<\/p>\n\n<p><strong>Finalidades del tratamiento de datos<\/strong><\/p>\n\n<p>Tratamos los datos personales de nuestros contactos, socios, usuarios y clientes con el fin de gestionar la relaci\u00f3n con nuestra entidad y, en especial, los aspectos contractuales, el env\u00edo de informaci\u00f3n de nuestra entidad y del sector, y el env\u00edo de comunicaciones informativas y comerciales (tambi\u00e9n por v\u00eda electr\u00f3nica) y la venta de los productos que constan en el cat\u00e1logo de la tienda online.<\/p>\n\n<p>Todos los datos que nos proporcione a trav\u00e9s del registro y creaci\u00f3n de una cuenta de usuario, el orden de pedido y\/o los formularios de contacto, ser\u00e1n incorporados a una base de datos propiedad de AGRICOLA I SC CABACES con la finalidad de poder gestionar la solicitud o los pedidos y su cobro y, as\u00ed mismo para hacer llegar informaci\u00f3n sobre productos y servicios comercializados por AGRICOLA I SC CABACES, as\u00ed como para el env\u00edo de promociones comerciales de otras empresas relacionadas con los sectores que puedan ser de su inter\u00e9s.<\/p>\n\n<p><strong>Conservaci\u00f3n de datos<\/strong><\/p>\n\n<p>Los datos personales de los clientes se conservar\u00e1n durante el plazo de 5 a\u00f1os de conformidad con la normativa fiscal vigente.<\/p>\n\n<p>Los datos de contacto se conservar\u00e1n mientras no se solicite su supresi\u00f3n.<\/p>\n\n<p>En cualquier caso, AGRICOLA I SC CABACES conservar\u00e1 sus datos personales mientras sean necesarios para la prestaci\u00f3n de servicios contratados, a no ser que se nos solicite su supresi\u00f3n. Asimismo, se conservar\u00e1n durante el per\u00edodo de tiempo necesario para dar cumplimiento a las obligaciones legales que en cada caso corresponda de acuerdo con la tipolog\u00eda de los datos y la finalidad de su obtenci\u00f3n.<\/p>\n\n<p><strong>Legitimaci\u00f3n para el tratamiento de datos<\/strong><\/p>\n\n<p>La base legal para el tratamiento de sus datos es en la mayor\u00eda de las ocasiones la existencia de un contrato previo con AGRICOLA I SC CABACES, o en su defecto, el consentimiento expreso del usuario, otorgado en los formularios que puede rellenar y en los pedidos realizados en la tienda on line.<\/p>\n\n<p>La oferta prospectiva o comercial de productos y servicios est\u00e1 basada en el consentimiento que se le solicita, sin que en ning\u00fan caso la retirada de este consentimiento condicione la ejecuci\u00f3n de la compraventa.<\/p>\n\n<p>El consentimiento para recibir informaci\u00f3n sobre productos comercializados por AGRICOLA I SC CABACES u otras empresas seleccionadas por nosotros, se entender\u00e1 prestado de forma manifiesta e inequ\u00edvoca mediante la comunicaci\u00f3n de sus datos a AGRICOLA I SC CABACES. Estos env\u00edos publicitarios podr\u00e1n realizarse por cualquier medio, incluyendo sistemas de llamada autom\u00e1ticas a trav\u00e9s de servicios de telecomunicaciones sin intervenci\u00f3n humana: mensajes SMS, MMS y correo electr\u00f3nico. Le informamos que los datos que nos facilite no ser\u00e1n cedidos en ning\u00fan caso a las empresas anunciantes.<\/p>\n\n<p>Salvo que espec\u00edficamente se establezca lo contrario, se considerar\u00e1 necesario completar todos los datos requeridos en los formularios y apartados que encontrar\u00e1 en esta web.<\/p>\n\n<p><strong>Destinatarios<\/strong><\/p>\n\n<p>Los datos \u00fanicamente podr\u00e1n comunicarse a organizaciones vinculadas a AGRICOLA I SC CABACES en el \u00e1mbito de la gesti\u00f3n de sus productos y\/o servicios para las mismas finalidades referidas anteriormente, como ser\u00eda el caso de las empresas de transporte, as\u00ed como en aquellas Administraciones P\u00fablicas competentes cuando lo exija la normativa vigente.<\/p>\n\n<p>El personal de AGRICOLA I SC CABACES podr\u00e1 acceder a sus datos seg\u00fan cada uno de los fines del tratamiento y con los objetivos descritos en esta Pol\u00edtica de Privacidad. Todos los empleados de AGRICOLA I SC CABACES han sido formados e informados de sus responsabilidades al respecto y firman el acuerdo de confidencialidad y buenas praxis correspondiente. Igualmente, pueden acceder a sus datos, aquellas organizaciones necesarias para la adecuada gesti\u00f3n de la prestaci\u00f3n del servicio, como por ejemplo, proveedores inform\u00e1ticos y gestores de la p\u00e1gina web, empresas de env\u00edos postales y mensajer\u00edas o empresas de gesti\u00f3n de pagos.<\/p>\n\n<p>AGRICOLA I SC CABACES ha establecido contratos o acuerdos contractuales y medidas de seguridad con estos terceros, para garantizar el adecuado nivel de seguridad y protecci\u00f3n de los datos personales.<\/p>\n\n<p><strong>Derechos del interesado<\/strong><\/p>\n\n<p>Puede solicitar el acceso, rectificaci\u00f3n, supresi\u00f3n, limitaci\u00f3n al tratamiento, portabilidad y oposici\u00f3n al tratamiento de sus datos en cualquier momento.<\/p>\n\n<p>El usuario registrado conserva en todo momento la posibilidad de ejercitar sus derechos de acceso, rectificaci\u00f3n, oposici\u00f3n, supresi\u00f3n, limitaci\u00f3n del tratamiento, portabilidad u oposici\u00f3n al tratamiento de sus datos mediante el env\u00edo de un correo electr\u00f3nico a <a href=\"mailto:rgpd@coopcabaces.coop\">rgpd@coopcabaces.coop<\/a> o de un correo postal a Carrer Beat Joan d&#8217;Organy\u00e0, 1 43373-Cabac\u00e9s, con la menci\u00f3n RGPD y acompa\u00f1ado de un documento que acredite su identidad.<\/p>\n\n<p>Asimismo, y de conformidad con la Ley 34\/2002, de 1 de julio, de Servicios de la Sociedad de la Informaci\u00f3n y el Comercio Electr\u00f3nico, podr\u00e1 revocar en cualquier momento el consentimiento prestado en la recepci\u00f3n de comunicaciones comerciales. Tambi\u00e9n puede dirigirse a la AEPD ( <a href=\"http:\/\/www.agpd.es\/\">www.agpd.es<\/a> ) si ha visto vulnerados sus derechos y libertades.<\/p>\n\n<p><strong>Tipolog\u00eda de datos<\/strong><\/p>\n\n<p>Se tratan los datos b\u00e1sicos de identificaci\u00f3n (nombre, apellidos, NIF), de contacto (direcci\u00f3n postal y electr\u00f3nica, tel\u00e9fono) y bancarias (numero de tarjeta de cr\u00e9dito). No se tratan categor\u00edas de datos especialmente protegidas.<\/p>\n\n<p>No se elimina informaci\u00f3n, a menos que sea solicitada la supresi\u00f3n por parte del usuario y, siempre y cuando, esa supresi\u00f3n proceda. La informaci\u00f3n siempre est\u00e1 disponible, aunque puede estar bloqueada para entregas de car\u00e1cter informativo, de marketing y\/o comercial, si se han ejercitado los derechos de supresi\u00f3n, limitaci\u00f3n al tratamiento u oposici\u00f3n por parte del usuario.<\/p>\n\n<p>Los datos personales que ser\u00e1n objeto de tratamiento ser\u00e1n los datos personales que el usuario haya facilitado a AGRICOLA I SC CABACES al completar los formularios de contacto y los procedimientos de compra a trav\u00e9s de cualquier otro medio (Chat, WhatsApp, Telegram, tel\u00e9fono, correo electr\u00f3nico).<\/p>\n\n<p>No obstante, en el caso de uso de Redes sociales ser\u00e1 de aplicaci\u00f3n la Pol\u00edtica de Privacidad y seguridad prevista en las mismas y AGRICOLA I SC CABACES no tendr\u00e1 ninguna responsabilidad en materia de protecci\u00f3n de datos. En caso de que se soliciten datos del usuario a trav\u00e9s de una Red Social, la Pol\u00edtica de Privacidad aplicable ser\u00e1 la correspondiente a la citada Red Social.<\/p>\n\n<p><strong>Exactitud y veracidad de los datos<\/strong><\/p>\n\n<p>Como usuario, es el \u00fanico responsable de la veracidad y correcci\u00f3n de los datos que nos facilita exonerando a AGRICOLA I SC CABACES de cualquier responsabilidad al respecto, incluyendo el hecho de que nos facilite datos de terceros.<\/p>\n\n<p>Los usuarios garantizan y responden, en cualquier caso, de la exactitud, vigencia y autenticidad de los datos personales facilitados, comprometi\u00e9ndose a mantenerlos debidamente actualizados. El usuario acepta proporcionar informaci\u00f3n completa y correcta en el formulario de contacto o suscripci\u00f3n, as\u00ed como en el registro de usuarios para la tienda online. En caso de que facilite datos de terceros deber\u00e1 contar con el previo consentimiento de los mismos.<\/p>\n\n<p>Si nos proporciona datos personales sobre otra persona, ser\u00e1 responsable de cumplir con todas las obligaciones de consentimiento y de informaci\u00f3n en relaci\u00f3n con la legislaci\u00f3n aplicable en materia de protecci\u00f3n de datos y en relaci\u00f3n con esta divulgaci\u00f3n. En la medida en que lo exige la legislaci\u00f3n aplicable en materia de protecci\u00f3n de datos, deber\u00e1 asegurar que ha informado debidamente a la otra persona y que dispone de su consentimiento.<\/p>\n\n<p>La inserci\u00f3n y comunicaci\u00f3n de datos personales de menores de edad no est\u00e1 permitida en esta web por lo que exonera de forma expresa a AGRICOLA I SC CABACES de cualquier posible reclamaci\u00f3n o sanci\u00f3n derivada de este hecho, asumiendo el usuario que entreg\u00f3 y enviar la informaci\u00f3n la responsabilidad \u00edntegra que pudiera resultar.<\/p>\n\n<p><strong>Pol\u00edtica de Seguridad de la informaci\u00f3n y acceso<\/strong><\/p>\n\n<p>El acceso a la base de datos est\u00e1 protegido mediante usuario y contrase\u00f1a. En el caso de acceso remoto autorizado, \u00e9ste se realiza a trav\u00e9s de protocolos de comunicaciones seguros SSL.<\/p>\n\n<p>Sin embargo, AGRICOLA I SC CABACES no puede garantizar la absoluta inexpugnabilidad de la red Internet y por tanto la violaci\u00f3n de los datos mediante accesos fraudulentos a los mismos por parte de terceros, y no puede asumir ninguna responsabilidad por estos ataques.<\/p>\n\n<p><strong>Pol\u00edtica de respuesta frente a incidentes de seguridad<\/strong><\/p>\n\n<p><a><\/a> AGRICOLA I SC CABACES ha adoptado medidas de protecci\u00f3n t\u00e9cnicas y organizativas apropiadas y estas medidas se aplican a los datos que podr\u00edan estar afectados por potencial violaciones de seguridad. No hay acceso a datos de clientes\/usuarios por personas que no est\u00e9n autorizadas a acceder a las mismas. En caso de que AGRICOLA I SC CABACES identifique una violaci\u00f3n de seguridad de datos personales que comprometa a sus usuarios, se notificar\u00e1 a la autoridad competente dentro de las 72h siguientes ya los usuarios, en su caso, a la mayor brevedad posible.<\/p>\n\n<p><strong>Correos comerciales<\/strong><\/p>\n\n<p>De acuerdo con LSSICE, AGRICOLA Y SC CABACES, SCCL no realiza pr\u00e1cticas de Spam, por lo que no enviar\u00e1 correos comerciales por v\u00eda electr\u00f3nica que no hayan sido previamente solicitados o autorizados por el usuario. En consecuencia, en cada uno de los formularios insertados en la web, el usuario tiene la posibilidad de dar su consentimiento para recibir informaci\u00f3n comercial.<\/p>\n\n<p>De acuerdo con lo dispuesto en la Ley 34\/2002, de 1 de julio, de Servicios de la Sociedad de la Informaci\u00f3n y el Comercio Electr\u00f3nico, AGRICOLA I SC CABACES, SCCL se compromete a no enviar comunicaciones de car\u00e1cter comercial sin identificarse las debidamente.<\/p>\n\n<p><strong>Legislaci\u00f3n aplicable y competencia judicial<\/strong><\/p>\n\n<p>Cualquier controversia surgida en la interpretaci\u00f3n o ejecuci\u00f3n de esta Pol\u00edtica de Privacidad se interpretar\u00e1 a partir de la legislaci\u00f3n espa\u00f1ola. Asimismo, AGRICOLA I SC CABACES a trav\u00e9s de su representaci\u00f3n legal y el usuario, con renuncia a cualquier otra jurisdicci\u00f3n que pudiera corresponderles, se someten a la de los Juzgados y Tribunales de la ciudad de Tarragona.<\/p>\n\n<p><strong>Cambios en la Pol\u00edtica de Privacidad<\/strong><\/p>\n\n<p>AGRICOLA I SC CABACES se reserva el derecho a modificar la presente pol\u00edtica para adaptarla a novedades legislativas o jurisprudenciales. En estos supuestos, AGRICOLA I SC CABACES anunciar\u00e1 en esta p\u00e1gina los cambios introducidos con indicaci\u00f3n de la fecha de la \u00faltima versi\u00f3n.<\/p>\n\n<p>Versi\u00f3n: abril 2025<\/p>\n<p>[dkpdf-button]<\/p>\n","protected":false},"excerpt":{"rendered":"<p>De acuerdo con el Reglamento (UE) 2016\/679 del Parlamento Europeo y de Consejo, de 27 de abril, relativo a la<\/p>\n","protected":false},"author":1,"featured_media":0,"parent":0,"menu_order":0,"comment_status":"closed","ping_status":"open","template":"","meta":{"footnotes":""},"class_list":["post-3759","page","type-page","status-publish","hentry"],"yoast_head":"<!-- This site is optimized with the Yoast SEO plugin v27.0 - https:\/\/yoast.com\/product\/yoast-seo-wordpress\/ -->\n<title>Pol\u00edtica de privacidad - Cooperativa Cabac\u00e9s<\/title>\n<meta name=\"robots\" content=\"index, follow, max-snippet:-1, max-image-preview:large, max-video-preview:-1\" \/>\n<link rel=\"canonical\" href=\"https:\/\/coopcabaces.coop\/es\/politica-de-privacidad\/\" \/>\n<meta property=\"og:locale\" content=\"es_ES\" \/>\n<meta property=\"og:type\" content=\"article\" \/>\n<meta property=\"og:title\" content=\"Pol\u00edtica de privacidad - Cooperativa Cabac\u00e9s\" \/>\n<meta property=\"og:description\" content=\"De acuerdo con el Reglamento (UE) 2016\/679 del Parlamento Europeo y de Consejo, de 27 de abril, relativo a la\" \/>\n<meta property=\"og:url\" content=\"https:\/\/coopcabaces.coop\/es\/politica-de-privacidad\/\" \/>\n<meta property=\"og:site_name\" content=\"Cooperativa Cabac\u00e9s\" \/>\n<meta property=\"article:modified_time\" content=\"2025-04-08T22:05:31+00:00\" \/>\n<meta name=\"twitter:card\" content=\"summary_large_image\" \/>\n<meta name=\"twitter:label1\" content=\"Tiempo de lectura\" \/>\n\t<meta name=\"twitter:data1\" content=\"11 minutos\" \/>\n<script type=\"application\/ld+json\" class=\"yoast-schema-graph\">{\"@context\":\"https:\/\/schema.org\",\"@graph\":[{\"@type\":\"WebPage\",\"@id\":\"https:\/\/coopcabaces.coop\/es\/politica-de-privacidad\/\",\"url\":\"https:\/\/coopcabaces.coop\/es\/politica-de-privacidad\/\",\"name\":\"Pol\u00edtica de privacidad - Cooperativa Cabac\u00e9s\",\"isPartOf\":{\"@id\":\"https:\/\/coopcabaces.coop\/es\/#website\"},\"datePublished\":\"2021-12-03T18:37:46+00:00\",\"dateModified\":\"2025-04-08T22:05:31+00:00\",\"breadcrumb\":{\"@id\":\"https:\/\/coopcabaces.coop\/es\/politica-de-privacidad\/#breadcrumb\"},\"inLanguage\":\"es\",\"potentialAction\":[{\"@type\":\"ReadAction\",\"target\":[\"https:\/\/coopcabaces.coop\/es\/politica-de-privacidad\/\"]}]},{\"@type\":\"BreadcrumbList\",\"@id\":\"https:\/\/coopcabaces.coop\/es\/politica-de-privacidad\/#breadcrumb\",\"itemListElement\":[{\"@type\":\"ListItem\",\"position\":1,\"name\":\"Inici\",\"item\":\"https:\/\/coopcabaces.coop\/es\/inicio\/\"},{\"@type\":\"ListItem\",\"position\":2,\"name\":\"Pol\u00edtica de privacidad\"}]},{\"@type\":\"WebSite\",\"@id\":\"https:\/\/coopcabaces.coop\/es\/#website\",\"url\":\"https:\/\/coopcabaces.coop\/es\/\",\"name\":\"Cooperativa Cabac\u00e9s\",\"description\":\"Aceite de oliva virgen extra Baronia de Cabac\u00e9s\",\"publisher\":{\"@id\":\"https:\/\/coopcabaces.coop\/es\/#organization\"},\"potentialAction\":[{\"@type\":\"SearchAction\",\"target\":{\"@type\":\"EntryPoint\",\"urlTemplate\":\"https:\/\/coopcabaces.coop\/es\/?s={search_term_string}\"},\"query-input\":{\"@type\":\"PropertyValueSpecification\",\"valueRequired\":true,\"valueName\":\"search_term_string\"}}],\"inLanguage\":\"es\"},{\"@type\":\"Organization\",\"@id\":\"https:\/\/coopcabaces.coop\/es\/#organization\",\"name\":\"Agr\u00edcola i Secci\u00f3 de Cr\u00e8dit de Cabac\u00e9s, S.C.C.L.\",\"url\":\"https:\/\/coopcabaces.coop\/es\/\",\"logo\":{\"@type\":\"ImageObject\",\"inLanguage\":\"es\",\"@id\":\"https:\/\/coopcabaces.coop\/es\/#\/schema\/logo\/image\/\",\"url\":\"https:\/\/coopcabaces.coop\/wp-content\/uploads\/2021\/11\/cooperativa-cabaces-logo-1454943363.jpg\",\"contentUrl\":\"https:\/\/coopcabaces.coop\/wp-content\/uploads\/2021\/11\/cooperativa-cabaces-logo-1454943363.jpg\",\"width\":402,\"height\":132,\"caption\":\"Agr\u00edcola i Secci\u00f3 de Cr\u00e8dit de Cabac\u00e9s, S.C.C.L.\"},\"image\":{\"@id\":\"https:\/\/coopcabaces.coop\/es\/#\/schema\/logo\/image\/\"},\"sameAs\":[\"https:\/\/instagram.com\/agr.isec.cre.decabaces\"]}]}<\/script>\n<!-- \/ Yoast SEO plugin. -->","yoast_head_json":{"title":"Pol\u00edtica de privacidad - Cooperativa Cabac\u00e9s","robots":{"index":"index","follow":"follow","max-snippet":"max-snippet:-1","max-image-preview":"max-image-preview:large","max-video-preview":"max-video-preview:-1"},"canonical":"https:\/\/coopcabaces.coop\/es\/politica-de-privacidad\/","og_locale":"es_ES","og_type":"article","og_title":"Pol\u00edtica de privacidad - Cooperativa Cabac\u00e9s","og_description":"De acuerdo con el Reglamento (UE) 2016\/679 del Parlamento Europeo y de Consejo, de 27 de abril, relativo a la","og_url":"https:\/\/coopcabaces.coop\/es\/politica-de-privacidad\/","og_site_name":"Cooperativa Cabac\u00e9s","article_modified_time":"2025-04-08T22:05:31+00:00","twitter_card":"summary_large_image","twitter_misc":{"Tiempo de lectura":"11 minutos"},"schema":{"@context":"https:\/\/schema.org","@graph":[{"@type":"WebPage","@id":"https:\/\/coopcabaces.coop\/es\/politica-de-privacidad\/","url":"https:\/\/coopcabaces.coop\/es\/politica-de-privacidad\/","name":"Pol\u00edtica de privacidad - Cooperativa Cabac\u00e9s","isPartOf":{"@id":"https:\/\/coopcabaces.coop\/es\/#website"},"datePublished":"2021-12-03T18:37:46+00:00","dateModified":"2025-04-08T22:05:31+00:00","breadcrumb":{"@id":"https:\/\/coopcabaces.coop\/es\/politica-de-privacidad\/#breadcrumb"},"inLanguage":"es","potentialAction":[{"@type":"ReadAction","target":["https:\/\/coopcabaces.coop\/es\/politica-de-privacidad\/"]}]},{"@type":"BreadcrumbList","@id":"https:\/\/coopcabaces.coop\/es\/politica-de-privacidad\/#breadcrumb","itemListElement":[{"@type":"ListItem","position":1,"name":"Inici","item":"https:\/\/coopcabaces.coop\/es\/inicio\/"},{"@type":"ListItem","position":2,"name":"Pol\u00edtica de privacidad"}]},{"@type":"WebSite","@id":"https:\/\/coopcabaces.coop\/es\/#website","url":"https:\/\/coopcabaces.coop\/es\/","name":"Cooperativa Cabac\u00e9s","description":"Aceite de oliva virgen extra Baronia de Cabac\u00e9s","publisher":{"@id":"https:\/\/coopcabaces.coop\/es\/#organization"},"potentialAction":[{"@type":"SearchAction","target":{"@type":"EntryPoint","urlTemplate":"https:\/\/coopcabaces.coop\/es\/?s={search_term_string}"},"query-input":{"@type":"PropertyValueSpecification","valueRequired":true,"valueName":"search_term_string"}}],"inLanguage":"es"},{"@type":"Organization","@id":"https:\/\/coopcabaces.coop\/es\/#organization","name":"Agr\u00edcola i Secci\u00f3 de Cr\u00e8dit de Cabac\u00e9s, S.C.C.L.","url":"https:\/\/coopcabaces.coop\/es\/","logo":{"@type":"ImageObject","inLanguage":"es","@id":"https:\/\/coopcabaces.coop\/es\/#\/schema\/logo\/image\/","url":"https:\/\/coopcabaces.coop\/wp-content\/uploads\/2021\/11\/cooperativa-cabaces-logo-1454943363.jpg","contentUrl":"https:\/\/coopcabaces.coop\/wp-content\/uploads\/2021\/11\/cooperativa-cabaces-logo-1454943363.jpg","width":402,"height":132,"caption":"Agr\u00edcola i Secci\u00f3 de Cr\u00e8dit de Cabac\u00e9s, S.C.C.L."},"image":{"@id":"https:\/\/coopcabaces.coop\/es\/#\/schema\/logo\/image\/"},"sameAs":["https:\/\/instagram.com\/agr.isec.cre.decabaces"]}]}},"jetpack_sharing_enabled":true,"_links":{"self":[{"href":"https:\/\/coopcabaces.coop\/es\/wp-json\/wp\/v2\/pages\/3759","targetHints":{"allow":["GET"]}}],"collection":[{"href":"https:\/\/coopcabaces.coop\/es\/wp-json\/wp\/v2\/pages"}],"about":[{"href":"https:\/\/coopcabaces.coop\/es\/wp-json\/wp\/v2\/types\/page"}],"author":[{"embeddable":true,"href":"https:\/\/coopcabaces.coop\/es\/wp-json\/wp\/v2\/users\/1"}],"replies":[{"embeddable":true,"href":"https:\/\/coopcabaces.coop\/es\/wp-json\/wp\/v2\/comments?post=3759"}],"version-history":[{"count":8,"href":"https:\/\/coopcabaces.coop\/es\/wp-json\/wp\/v2\/pages\/3759\/revisions"}],"predecessor-version":[{"id":8228,"href":"https:\/\/coopcabaces.coop\/es\/wp-json\/wp\/v2\/pages\/3759\/revisions\/8228"}],"wp:attachment":[{"href":"https:\/\/coopcabaces.coop\/es\/wp-json\/wp\/v2\/media?parent=3759"}],"curies":[{"name":"wp","href":"https:\/\/api.w.org\/{rel}","templated":true}]}}