{"id":3766,"date":"2021-12-03T20:48:35","date_gmt":"2021-12-03T18:48:35","guid":{"rendered":"https:\/\/coopcabaces.coop\/condiciones-de-uso\/"},"modified":"2025-04-09T00:06:50","modified_gmt":"2025-04-08T22:06:50","slug":"condiciones-de-uso","status":"publish","type":"page","link":"https:\/\/coopcabaces.coop\/es\/condiciones-de-uso\/","title":{"rendered":"Condiciones de uso"},"content":{"rendered":"\n<p><strong>CONDICIONES DE USO<\/strong><\/p>\n\n<p><a><\/a> De acuerdo con el art. 10 LSSICE, el prestador de servicios de la sociedad de la informaci\u00f3n pone en su conocimiento la siguiente informaci\u00f3n:<\/p>\n\n<p>Identidad del Responsable: AGRICOLA I SECCIO DE CREDIT CABACES, SCCL<\/p>\n\n<p>NIF \/ CIF: F-43011600<\/p>\n\n<p>Direcci\u00f3n: Calle Beat Joan d&#8217;Organy\u00e0, 1, 43373-CABAC\u00c9S<\/p>\n\n<p>Correo electr\u00f3nico: <a href=\"mailto:info@coopcabaces.coop\">info@coopcabaces.coop<\/a><\/p>\n\n<p>E-mail ejercicio de derechos: <a href=\"mailto:rgpd@coopcabaces.coop\">rgpd@coopcabaces.coop<\/a><\/p>\n\n<p>Inscrita en el Registro de Cooperativas de la Generalitat num: 56<\/p>\n\n<p>N\u00famero de registro del RIA (alimentario): 16-04289\/CAT<\/p>\n\n<p><strong>Aceptaci\u00f3n del usuario<\/strong><\/p>\n\n<p>Este documento (en adelante llamado \u201cCondiciones de uso\u201d) tiene por objetivo regular el uso de sitio web que AGRICOLA I SECCIO DE CREDIT CABACES, SCCL (en adelante, \u201cAGRICOLA I SC CABACES\u201d) pone a disposici\u00f3n del p\u00fablico en el direcci\u00f3n <a href=\"https:\/\/coopcabaces.coop\/es\/\">https:\/\/coopcabaces.coop<\/a> .<\/p>\n\n<p>Los derechos de propiedad intelectual de este sitio web, las bases de datos y los diferentes elementos que contengan son propiedad titular de AGRICOLA I SC CABACES, a quien corresponde el ejercicio exclusivo de explotaci\u00f3n de los derechos de la propia web y , en especial, los de reproducci\u00f3n, distribuci\u00f3n, comunicaci\u00f3n p\u00fablica, mantenimiento y transformaci\u00f3n.<\/p>\n\n<p>La utilizaci\u00f3n del sitio web por un tercero le atribuye la condici\u00f3n de usuario y supone la completa aceptaci\u00f3n de este usuario de todas y cada una de las condiciones que se establecen en estas Condiciones de uso.<\/p>\n\n<p><strong>Uso correcto del sitio web<\/strong><\/p>\n\n<p>El usuario se compromete a utilizar el sitio web, los contenidos y los servicios de acuerdo con la Ley, estas Condiciones de uso, la Pol\u00edtica de Privacidad, las buenas pr\u00e1cticas y el orden p\u00fablico. Del mismo modo, el usuario se obliga a no utilizar el sitio web o los servicios que se prestan a trav\u00e9s del mismo con fines il\u00edcitos o contrarios al contenido de esta Pol\u00edtica de Privacidad, que lesionen los intereses o derechos de terceros, o que de cualquier forma se pueda da\u00f1ar, inutilizar o deteriorar el propio sitio web o sus servicios o impedir un uso satisfactorio del sitio web a otros usuarios.<\/p>\n\n<p>Asimismo, el usuario se compromete expresamente a no destruir, alterar, inutilizar o, de cualquier otra forma, da\u00f1ar los datos, programas o documentos electr\u00f3nicos y otros que se encuentren en el presente sitio web.<\/p>\n\n<p>El usuario se compromete a no obstaculizar el acceso de otros usuarios al servicio mediante el consumo masivo de los recursos inform\u00e1ticos a trav\u00e9s de los cuales AGRICOLA I SC CABACES presta los servicios, as\u00ed como a no realizar acciones que da\u00f1en, interrumpan o generen errores en dichos sistemas.<\/p>\n\n<p>El usuario se compromete a no introducir programas, virus, macroinstrucciones, mini aplicaciones, controles de cualquier tipo o cualquier otro dispositivo l\u00f3gico o secuencia de caracteres que causen o puedan causar cualquier tipo de alteraci\u00f3n en los sistemas inform\u00e1ticos de AGRICOLA I SC CABACES o de terceros o, en su caso, violar los derechos de propiedad intelectual o industrial.<\/p>\n\n<p>El usuario se compromete a no hacer un mal uso de las informaciones, mensajes, gr\u00e1ficos, dibujos, archivos de sonido y\/o imagen, fotograf\u00edas, programas y, en general, cualquier clase de material accesible a trav\u00e9s del presente sitio web o de los servicios que ofrece.<\/p>\n\n<p>Esta web tiene un sistema de detecci\u00f3n automatizado de comentarios basura a trav\u00e9s de <a href=\"https:\/\/jetpack.com\/\">https:\/\/jetpack.com\/<\/a><\/p>\n\n<p>No se permite, salvo en los supuestos en los que AGRICOLA Y SC CABACES lo autorice expresamente, establecer enlaces desde portales o webs de terceros, a p\u00e1ginas web de AGRICOLA Y SC CABACES, diferentes de la p\u00e1gina principal de su portal, accesible en la direcci\u00f3n URL <a href=\"https:\/\/coopcabaces.coop\/es\/\">https:\/\/coopcabaces.coop<\/a> , s, signos distintivos, marcas o denominaciones sociales o comerciales de otra persona, empresa o entidad.<\/p>\n\n<p><strong>Propiedad intelectual e industrial<\/strong><\/p>\n\n<p>Este sitio web y todos sus contenidos, incluidos los textos, documentos, fotograf\u00edas, dibujos, representaciones gr\u00e1ficas, bases de datos, programas inform\u00e1ticos, as\u00ed como logos, marcas, nombres comerciales y otros signos distintivos son propiedad de AGRICOLA I SC CABACES o de terceros que la han autorizado para su uso.<\/p>\n\n<p><strong>Todos los derechos reservados.<\/strong><\/p>\n\n<p>En virtud de lo dispuesto en los arts. 8 y 32.1, p\u00e1rrafo segundo, de la Ley de propiedad intelectual, quedan expresamente prohibidas la reproducci\u00f3n, distribuci\u00f3n y comunicaci\u00f3n p\u00fablica, incluida su modalidad de puesta a disposici\u00f3n, de la totalidad o parte de los contenidos de esta p\u00e1gina web , con fines comerciales, en cualquier soporte y por cualquier medio t\u00e9cnico, sin la autorizaci\u00f3n de AGRICOLA I SC CABACES.<\/p>\n\n<p>El usuario se compromete a respetar los derechos de propiedad intelectual e industrial titularidad de AGRICOLA I SC CABACES. Podr\u00e1 visualizar los elementos del portal e incluso imprimirlos, copiarlos y almacenarlos en el disco duro de su ordenador o en cualquier otro soporte f\u00edsico siempre que sea, \u00fanica y exclusivamente, para su uso personal y privado. El Usuario deber\u00e1 abstenerse de suprimir, alterar, eludir o manipular cualquier dispositivo de protecci\u00f3n o sistema de seguridad que estuviera instalado en las p\u00e1ginas de AGRICOLA I SC CABACES.<\/p>\n\n<p><strong>Exclusi\u00f3n de garant\u00edas y responsabilidad<\/strong><\/p>\n\n<p>AGRICOLA I SC CABACES no se hace responsable, en ning\u00fan caso, de los da\u00f1os y perjuicios de cualquier naturaleza que pudieran ocasionar, a t\u00edtulo enunciativo: errores u omisiones en los contenidos, carencia de disponibilidad del portal o la transmisi\u00f3n de virus o programas maliciosos o lesivos en los contenidos, a pesar de haber adoptado todas las medidas tecnol\u00f3gicas necesarias para evitarlo.<\/p>\n\n<p>\u2022 Responsabilidad de AGRICOLA I SC CABACES por la utilizaci\u00f3n de la web<\/p>\n\n<p>El usuario es el \u00fanico responsable de las infracciones en que pueda incurrirse y de los perjuicios que pueda causar o causarse por la utilizaci\u00f3n del presente sitio web. Por su parte AGRICOLA I SC CABACES queda exonerada de cualquier responsabilidad que pudiera derivarse por las acciones del usuario.<\/p>\n\n<p>El usuario ser\u00e1 el \u00fanico responsable por cualquier reclamaci\u00f3n o acci\u00f3n legal, judicial o extrajudicial iniciada por terceras personas contra AGRICOLA I SC CABACES, basada en la utilizaci\u00f3n del sitio web por el usuario. En su caso, el usuario asumir\u00e1 todos los gastos, costes e indemnizaciones que se reclamen a AGRICOLA I SC CABACES con motivo de reclamaciones o acciones legales que le sean atribuidas.<\/p>\n\n<p>\u2022 Responsabilidad de AGRICOLA I SC CABACES para el funcionamiento de la web<\/p>\n\n<p>Este sitio web ha sido revisado y probado para que funcione adecuadamente. En principio, puede garantizarse el correcto funcionamiento diario. Sin embargo, no puede descartarse la posibilidad de que puedan darse circunstancias, como pueden ser los errores de programaci\u00f3n, que se produzcan interrupciones en el servicio, para llevar a cabo tareas de mantenimiento, o que sucedan hechos fuera de su control, como pueden ser las causas de fuerza mayor, cat\u00e1strofes naturales, acciones de hackers o crackers, o circunstancias similares que imposibiliten el acceso a la p\u00e1gina web.<\/p>\n\n<p>\u2022 Responsabilidad de AGRICOLA I SC CABACES para enlaces desde la web<\/p>\n\n<p>Desde el sitio web es posible que se redirija a contenidos de terceros. Dado que AGRICOLA I SC CABACES no puede controlar siempre los contenidos introducidos por los terceros en su sitio web, la cooperativa no asume ning\u00fan tipo de responsabilidad respecto a dichos contenidos. En todo caso, se proceder\u00e1 a la retirada inmediata de cualquier enlace que pudiera contravenir la legislaci\u00f3n nacional o internacional, la moral o el orden p\u00fablico, procediendo a la retirada inmediata de la redirecci\u00f3n a dicho sitio web e informando a las autoridades competentes del contenido en cuesti\u00f3n.<\/p>\n\n<p><strong>Navegaci\u00f3n<\/strong><\/p>\n\n<p>Al navegar por la web se pueden recoger datos no identificables, que pueden incluir, direcciones IP, ubicaci\u00f3n geogr\u00e1fica (aproximada), un registro de c\u00f3mo se utilizan los servicios y sitios web, y otros datos que no pueden ser utilizados para identificar usuario. Entre los datos no identificativos se encuentran tambi\u00e9n los relacionados con sus h\u00e1bitos de navegaci\u00f3n a trav\u00e9s de servicios de terceros. Esta web utiliza los siguientes servicios de an\u00e1lisis propios y de terceros:<\/p>\n\n<p>\u2022 Matomo (propio)<\/p>\n\n<p>Utilizamos esta informaci\u00f3n para analizar tendencias, administrar el sitio, rastrear los movimientos de los usuarios alrededor del sitio y para recopilar informaci\u00f3n demogr\u00e1fica sobre nuestra base de usuarios en su conjunto.<\/p>\n\n<p>\u2022 Jetpack (terceros)<\/p>\n\n<p>Utilizamos esta informaci\u00f3n para analizar y detectar autom\u00e1ticamente contenido no deseado en los comentarios y otros formularios y eliminarlo.<\/p>\n\n<p>Versi\u00f3n: abril 2025<\/p>\n<p>[dkpdf-button]<\/p>\n","protected":false},"excerpt":{"rendered":"<p>CONDICIONES DE USO De acuerdo con el art. 10 LSSICE, el prestador de servicios de la sociedad de la informaci\u00f3n<\/p>\n","protected":false},"author":1,"featured_media":0,"parent":0,"menu_order":0,"comment_status":"closed","ping_status":"closed","template":"","meta":{"footnotes":""},"class_list":["post-3766","page","type-page","status-publish","hentry"],"yoast_head":"<!-- This site is optimized with the Yoast SEO plugin v27.0 - https:\/\/yoast.com\/product\/yoast-seo-wordpress\/ -->\n<title>Condiciones de uso - Cooperativa Cabac\u00e9s<\/title>\n<meta name=\"robots\" content=\"index, follow, max-snippet:-1, max-image-preview:large, max-video-preview:-1\" \/>\n<link rel=\"canonical\" href=\"https:\/\/coopcabaces.coop\/es\/condiciones-de-uso\/\" \/>\n<meta property=\"og:locale\" content=\"es_ES\" \/>\n<meta property=\"og:type\" content=\"article\" \/>\n<meta property=\"og:title\" content=\"Condiciones de uso - Cooperativa Cabac\u00e9s\" \/>\n<meta property=\"og:description\" content=\"CONDICIONES DE USO De acuerdo con el art. 10 LSSICE, el prestador de servicios de la sociedad de la informaci\u00f3n\" \/>\n<meta property=\"og:url\" content=\"https:\/\/coopcabaces.coop\/es\/condiciones-de-uso\/\" \/>\n<meta property=\"og:site_name\" content=\"Cooperativa Cabac\u00e9s\" \/>\n<meta property=\"article:modified_time\" content=\"2025-04-08T22:06:50+00:00\" \/>\n<meta name=\"twitter:card\" content=\"summary_large_image\" \/>\n<meta name=\"twitter:label1\" content=\"Tiempo de lectura\" \/>\n\t<meta name=\"twitter:data1\" content=\"7 minutos\" \/>\n<script type=\"application\/ld+json\" class=\"yoast-schema-graph\">{\"@context\":\"https:\/\/schema.org\",\"@graph\":[{\"@type\":\"WebPage\",\"@id\":\"https:\/\/coopcabaces.coop\/es\/condiciones-de-uso\/\",\"url\":\"https:\/\/coopcabaces.coop\/es\/condiciones-de-uso\/\",\"name\":\"Condiciones de uso - Cooperativa Cabac\u00e9s\",\"isPartOf\":{\"@id\":\"https:\/\/coopcabaces.coop\/es\/#website\"},\"datePublished\":\"2021-12-03T18:48:35+00:00\",\"dateModified\":\"2025-04-08T22:06:50+00:00\",\"breadcrumb\":{\"@id\":\"https:\/\/coopcabaces.coop\/es\/condiciones-de-uso\/#breadcrumb\"},\"inLanguage\":\"es\",\"potentialAction\":[{\"@type\":\"ReadAction\",\"target\":[\"https:\/\/coopcabaces.coop\/es\/condiciones-de-uso\/\"]}]},{\"@type\":\"BreadcrumbList\",\"@id\":\"https:\/\/coopcabaces.coop\/es\/condiciones-de-uso\/#breadcrumb\",\"itemListElement\":[{\"@type\":\"ListItem\",\"position\":1,\"name\":\"Inici\",\"item\":\"https:\/\/coopcabaces.coop\/es\/inicio\/\"},{\"@type\":\"ListItem\",\"position\":2,\"name\":\"Condiciones de uso\"}]},{\"@type\":\"WebSite\",\"@id\":\"https:\/\/coopcabaces.coop\/es\/#website\",\"url\":\"https:\/\/coopcabaces.coop\/es\/\",\"name\":\"Cooperativa Cabac\u00e9s\",\"description\":\"Aceite de oliva virgen extra Baronia de Cabac\u00e9s\",\"publisher\":{\"@id\":\"https:\/\/coopcabaces.coop\/es\/#organization\"},\"potentialAction\":[{\"@type\":\"SearchAction\",\"target\":{\"@type\":\"EntryPoint\",\"urlTemplate\":\"https:\/\/coopcabaces.coop\/es\/?s={search_term_string}\"},\"query-input\":{\"@type\":\"PropertyValueSpecification\",\"valueRequired\":true,\"valueName\":\"search_term_string\"}}],\"inLanguage\":\"es\"},{\"@type\":\"Organization\",\"@id\":\"https:\/\/coopcabaces.coop\/es\/#organization\",\"name\":\"Agr\u00edcola i Secci\u00f3 de Cr\u00e8dit de Cabac\u00e9s, S.C.C.L.\",\"url\":\"https:\/\/coopcabaces.coop\/es\/\",\"logo\":{\"@type\":\"ImageObject\",\"inLanguage\":\"es\",\"@id\":\"https:\/\/coopcabaces.coop\/es\/#\/schema\/logo\/image\/\",\"url\":\"https:\/\/coopcabaces.coop\/wp-content\/uploads\/2021\/11\/cooperativa-cabaces-logo-1454943363.jpg\",\"contentUrl\":\"https:\/\/coopcabaces.coop\/wp-content\/uploads\/2021\/11\/cooperativa-cabaces-logo-1454943363.jpg\",\"width\":402,\"height\":132,\"caption\":\"Agr\u00edcola i Secci\u00f3 de Cr\u00e8dit de Cabac\u00e9s, S.C.C.L.\"},\"image\":{\"@id\":\"https:\/\/coopcabaces.coop\/es\/#\/schema\/logo\/image\/\"},\"sameAs\":[\"https:\/\/instagram.com\/agr.isec.cre.decabaces\"]}]}<\/script>\n<!-- \/ Yoast SEO plugin. -->","yoast_head_json":{"title":"Condiciones de uso - Cooperativa Cabac\u00e9s","robots":{"index":"index","follow":"follow","max-snippet":"max-snippet:-1","max-image-preview":"max-image-preview:large","max-video-preview":"max-video-preview:-1"},"canonical":"https:\/\/coopcabaces.coop\/es\/condiciones-de-uso\/","og_locale":"es_ES","og_type":"article","og_title":"Condiciones de uso - Cooperativa Cabac\u00e9s","og_description":"CONDICIONES DE USO De acuerdo con el art. 10 LSSICE, el prestador de servicios de la sociedad de la informaci\u00f3n","og_url":"https:\/\/coopcabaces.coop\/es\/condiciones-de-uso\/","og_site_name":"Cooperativa Cabac\u00e9s","article_modified_time":"2025-04-08T22:06:50+00:00","twitter_card":"summary_large_image","twitter_misc":{"Tiempo de lectura":"7 minutos"},"schema":{"@context":"https:\/\/schema.org","@graph":[{"@type":"WebPage","@id":"https:\/\/coopcabaces.coop\/es\/condiciones-de-uso\/","url":"https:\/\/coopcabaces.coop\/es\/condiciones-de-uso\/","name":"Condiciones de uso - Cooperativa Cabac\u00e9s","isPartOf":{"@id":"https:\/\/coopcabaces.coop\/es\/#website"},"datePublished":"2021-12-03T18:48:35+00:00","dateModified":"2025-04-08T22:06:50+00:00","breadcrumb":{"@id":"https:\/\/coopcabaces.coop\/es\/condiciones-de-uso\/#breadcrumb"},"inLanguage":"es","potentialAction":[{"@type":"ReadAction","target":["https:\/\/coopcabaces.coop\/es\/condiciones-de-uso\/"]}]},{"@type":"BreadcrumbList","@id":"https:\/\/coopcabaces.coop\/es\/condiciones-de-uso\/#breadcrumb","itemListElement":[{"@type":"ListItem","position":1,"name":"Inici","item":"https:\/\/coopcabaces.coop\/es\/inicio\/"},{"@type":"ListItem","position":2,"name":"Condiciones de uso"}]},{"@type":"WebSite","@id":"https:\/\/coopcabaces.coop\/es\/#website","url":"https:\/\/coopcabaces.coop\/es\/","name":"Cooperativa Cabac\u00e9s","description":"Aceite de oliva virgen extra Baronia de Cabac\u00e9s","publisher":{"@id":"https:\/\/coopcabaces.coop\/es\/#organization"},"potentialAction":[{"@type":"SearchAction","target":{"@type":"EntryPoint","urlTemplate":"https:\/\/coopcabaces.coop\/es\/?s={search_term_string}"},"query-input":{"@type":"PropertyValueSpecification","valueRequired":true,"valueName":"search_term_string"}}],"inLanguage":"es"},{"@type":"Organization","@id":"https:\/\/coopcabaces.coop\/es\/#organization","name":"Agr\u00edcola i Secci\u00f3 de Cr\u00e8dit de Cabac\u00e9s, S.C.C.L.","url":"https:\/\/coopcabaces.coop\/es\/","logo":{"@type":"ImageObject","inLanguage":"es","@id":"https:\/\/coopcabaces.coop\/es\/#\/schema\/logo\/image\/","url":"https:\/\/coopcabaces.coop\/wp-content\/uploads\/2021\/11\/cooperativa-cabaces-logo-1454943363.jpg","contentUrl":"https:\/\/coopcabaces.coop\/wp-content\/uploads\/2021\/11\/cooperativa-cabaces-logo-1454943363.jpg","width":402,"height":132,"caption":"Agr\u00edcola i Secci\u00f3 de Cr\u00e8dit de Cabac\u00e9s, S.C.C.L."},"image":{"@id":"https:\/\/coopcabaces.coop\/es\/#\/schema\/logo\/image\/"},"sameAs":["https:\/\/instagram.com\/agr.isec.cre.decabaces"]}]}},"jetpack_sharing_enabled":true,"_links":{"self":[{"href":"https:\/\/coopcabaces.coop\/es\/wp-json\/wp\/v2\/pages\/3766","targetHints":{"allow":["GET"]}}],"collection":[{"href":"https:\/\/coopcabaces.coop\/es\/wp-json\/wp\/v2\/pages"}],"about":[{"href":"https:\/\/coopcabaces.coop\/es\/wp-json\/wp\/v2\/types\/page"}],"author":[{"embeddable":true,"href":"https:\/\/coopcabaces.coop\/es\/wp-json\/wp\/v2\/users\/1"}],"replies":[{"embeddable":true,"href":"https:\/\/coopcabaces.coop\/es\/wp-json\/wp\/v2\/comments?post=3766"}],"version-history":[{"count":13,"href":"https:\/\/coopcabaces.coop\/es\/wp-json\/wp\/v2\/pages\/3766\/revisions"}],"predecessor-version":[{"id":8233,"href":"https:\/\/coopcabaces.coop\/es\/wp-json\/wp\/v2\/pages\/3766\/revisions\/8233"}],"wp:attachment":[{"href":"https:\/\/coopcabaces.coop\/es\/wp-json\/wp\/v2\/media?parent=3766"}],"curies":[{"name":"wp","href":"https:\/\/api.w.org\/{rel}","templated":true}]}}