{"id":3778,"date":"2021-12-03T21:20:47","date_gmt":"2021-12-03T19:20:47","guid":{"rendered":"https:\/\/coopcabaces.coop\/creditos\/"},"modified":"2021-12-24T14:51:49","modified_gmt":"2021-12-24T12:51:49","slug":"creditos","status":"publish","type":"page","link":"https:\/\/coopcabaces.coop\/es\/creditos\/","title":{"rendered":"Cr\u00e9ditos"},"content":{"rendered":"\n<p>Dise\u00f1o y desarrollo de la p\u00e1gina web: <a href=\"https:\/\/marcmasip.com\" data-type=\"URL\" data-id=\"https:\/\/marcmasip.com\">Marc Masip Compte<\/a> .<\/p>\n\n<p>Video p\u00e1gina principal: Cristina Masip Robles originalmente para Tierras ROSIP (cedido).<\/p>\n\n<p>Im\u00e1genes: <a href=\"https:\/\/marcmasip.com\" data-type=\"URL\" data-id=\"https:\/\/marcmasip.com\">Marc Masip Compte<\/a> , Cristina Masip Robles, Santi Carnasa Bru, Ramon Masip, Francesc Prats, Carles Prats, y otros.<\/p>\n\n<p>Historia: Fuente: Prats Ferr\u00e9, C. (2008) 75 anys fent cam\u00ed, 1933-2008: Hist\u00f2ria del cooperativisme agrari a Cabac\u00e9s. Agr\u00edcola i Secci\u00f3 de Cr\u00e8dit, SCCL. \/ Entrevistas personales. Redacci\u00f3n: <a href=\"https:\/\/marcmasip.com\" data-type=\"URL\" data-id=\"https:\/\/marcmasip.com\">Marc Masip Compte<\/a> .<\/p>\n\n<p>Desarrollado para Agr\u00edcola i Secci\u00f3 de Cr\u00e8dit de Cabac\u00e9s, SCCL. Todos los derechos reservados.<\/p>\n","protected":false},"excerpt":{"rendered":"<p>Dise\u00f1o y desarrollo de la p\u00e1gina web: Marc Masip Compte . Video p\u00e1gina principal: Cristina Masip Robles originalmente para Tierras<\/p>\n","protected":false},"author":1,"featured_media":0,"parent":0,"menu_order":0,"comment_status":"closed","ping_status":"closed","template":"","meta":{"footnotes":""},"class_list":["post-3778","page","type-page","status-publish","hentry"],"yoast_head":"<!-- This site is optimized with the Yoast SEO plugin v27.0 - https:\/\/yoast.com\/product\/yoast-seo-wordpress\/ -->\n<title>Cr\u00e9ditos - Cooperativa Cabac\u00e9s<\/title>\n<meta name=\"robots\" content=\"index, follow, max-snippet:-1, max-image-preview:large, max-video-preview:-1\" \/>\n<link rel=\"canonical\" href=\"https:\/\/coopcabaces.coop\/es\/creditos\/\" \/>\n<meta property=\"og:locale\" content=\"es_ES\" \/>\n<meta property=\"og:type\" content=\"article\" \/>\n<meta property=\"og:title\" content=\"Cr\u00e9ditos - Cooperativa Cabac\u00e9s\" \/>\n<meta property=\"og:description\" content=\"Dise\u00f1o y desarrollo de la p\u00e1gina web: Marc Masip Compte . Video p\u00e1gina principal: Cristina Masip Robles originalmente para Tierras\" \/>\n<meta property=\"og:url\" content=\"https:\/\/coopcabaces.coop\/es\/creditos\/\" \/>\n<meta property=\"og:site_name\" content=\"Cooperativa Cabac\u00e9s\" \/>\n<meta property=\"article:modified_time\" content=\"2021-12-24T12:51:49+00:00\" \/>\n<meta name=\"twitter:card\" content=\"summary_large_image\" \/>\n<script type=\"application\/ld+json\" class=\"yoast-schema-graph\">{\"@context\":\"https:\/\/schema.org\",\"@graph\":[{\"@type\":\"WebPage\",\"@id\":\"https:\/\/coopcabaces.coop\/es\/creditos\/\",\"url\":\"https:\/\/coopcabaces.coop\/es\/creditos\/\",\"name\":\"Cr\u00e9ditos - Cooperativa Cabac\u00e9s\",\"isPartOf\":{\"@id\":\"https:\/\/coopcabaces.coop\/es\/#website\"},\"datePublished\":\"2021-12-03T19:20:47+00:00\",\"dateModified\":\"2021-12-24T12:51:49+00:00\",\"breadcrumb\":{\"@id\":\"https:\/\/coopcabaces.coop\/es\/creditos\/#breadcrumb\"},\"inLanguage\":\"es\",\"potentialAction\":[{\"@type\":\"ReadAction\",\"target\":[\"https:\/\/coopcabaces.coop\/es\/creditos\/\"]}]},{\"@type\":\"BreadcrumbList\",\"@id\":\"https:\/\/coopcabaces.coop\/es\/creditos\/#breadcrumb\",\"itemListElement\":[{\"@type\":\"ListItem\",\"position\":1,\"name\":\"Inici\",\"item\":\"https:\/\/coopcabaces.coop\/es\/inicio\/\"},{\"@type\":\"ListItem\",\"position\":2,\"name\":\"Cr\u00e9ditos\"}]},{\"@type\":\"WebSite\",\"@id\":\"https:\/\/coopcabaces.coop\/es\/#website\",\"url\":\"https:\/\/coopcabaces.coop\/es\/\",\"name\":\"Cooperativa Cabac\u00e9s\",\"description\":\"Aceite de oliva virgen extra Baronia de Cabac\u00e9s\",\"publisher\":{\"@id\":\"https:\/\/coopcabaces.coop\/es\/#organization\"},\"potentialAction\":[{\"@type\":\"SearchAction\",\"target\":{\"@type\":\"EntryPoint\",\"urlTemplate\":\"https:\/\/coopcabaces.coop\/es\/?s={search_term_string}\"},\"query-input\":{\"@type\":\"PropertyValueSpecification\",\"valueRequired\":true,\"valueName\":\"search_term_string\"}}],\"inLanguage\":\"es\"},{\"@type\":\"Organization\",\"@id\":\"https:\/\/coopcabaces.coop\/es\/#organization\",\"name\":\"Agr\u00edcola i Secci\u00f3 de Cr\u00e8dit de Cabac\u00e9s, S.C.C.L.\",\"url\":\"https:\/\/coopcabaces.coop\/es\/\",\"logo\":{\"@type\":\"ImageObject\",\"inLanguage\":\"es\",\"@id\":\"https:\/\/coopcabaces.coop\/es\/#\/schema\/logo\/image\/\",\"url\":\"https:\/\/coopcabaces.coop\/wp-content\/uploads\/2021\/11\/cooperativa-cabaces-logo-1454943363.jpg\",\"contentUrl\":\"https:\/\/coopcabaces.coop\/wp-content\/uploads\/2021\/11\/cooperativa-cabaces-logo-1454943363.jpg\",\"width\":402,\"height\":132,\"caption\":\"Agr\u00edcola i Secci\u00f3 de Cr\u00e8dit de Cabac\u00e9s, S.C.C.L.\"},\"image\":{\"@id\":\"https:\/\/coopcabaces.coop\/es\/#\/schema\/logo\/image\/\"},\"sameAs\":[\"https:\/\/instagram.com\/agr.isec.cre.decabaces\"]}]}<\/script>\n<!-- \/ Yoast SEO plugin. -->","yoast_head_json":{"title":"Cr\u00e9ditos - Cooperativa Cabac\u00e9s","robots":{"index":"index","follow":"follow","max-snippet":"max-snippet:-1","max-image-preview":"max-image-preview:large","max-video-preview":"max-video-preview:-1"},"canonical":"https:\/\/coopcabaces.coop\/es\/creditos\/","og_locale":"es_ES","og_type":"article","og_title":"Cr\u00e9ditos - Cooperativa Cabac\u00e9s","og_description":"Dise\u00f1o y desarrollo de la p\u00e1gina web: Marc Masip Compte . Video p\u00e1gina principal: Cristina Masip Robles originalmente para Tierras","og_url":"https:\/\/coopcabaces.coop\/es\/creditos\/","og_site_name":"Cooperativa Cabac\u00e9s","article_modified_time":"2021-12-24T12:51:49+00:00","twitter_card":"summary_large_image","schema":{"@context":"https:\/\/schema.org","@graph":[{"@type":"WebPage","@id":"https:\/\/coopcabaces.coop\/es\/creditos\/","url":"https:\/\/coopcabaces.coop\/es\/creditos\/","name":"Cr\u00e9ditos - Cooperativa Cabac\u00e9s","isPartOf":{"@id":"https:\/\/coopcabaces.coop\/es\/#website"},"datePublished":"2021-12-03T19:20:47+00:00","dateModified":"2021-12-24T12:51:49+00:00","breadcrumb":{"@id":"https:\/\/coopcabaces.coop\/es\/creditos\/#breadcrumb"},"inLanguage":"es","potentialAction":[{"@type":"ReadAction","target":["https:\/\/coopcabaces.coop\/es\/creditos\/"]}]},{"@type":"BreadcrumbList","@id":"https:\/\/coopcabaces.coop\/es\/creditos\/#breadcrumb","itemListElement":[{"@type":"ListItem","position":1,"name":"Inici","item":"https:\/\/coopcabaces.coop\/es\/inicio\/"},{"@type":"ListItem","position":2,"name":"Cr\u00e9ditos"}]},{"@type":"WebSite","@id":"https:\/\/coopcabaces.coop\/es\/#website","url":"https:\/\/coopcabaces.coop\/es\/","name":"Cooperativa Cabac\u00e9s","description":"Aceite de oliva virgen extra Baronia de Cabac\u00e9s","publisher":{"@id":"https:\/\/coopcabaces.coop\/es\/#organization"},"potentialAction":[{"@type":"SearchAction","target":{"@type":"EntryPoint","urlTemplate":"https:\/\/coopcabaces.coop\/es\/?s={search_term_string}"},"query-input":{"@type":"PropertyValueSpecification","valueRequired":true,"valueName":"search_term_string"}}],"inLanguage":"es"},{"@type":"Organization","@id":"https:\/\/coopcabaces.coop\/es\/#organization","name":"Agr\u00edcola i Secci\u00f3 de Cr\u00e8dit de Cabac\u00e9s, S.C.C.L.","url":"https:\/\/coopcabaces.coop\/es\/","logo":{"@type":"ImageObject","inLanguage":"es","@id":"https:\/\/coopcabaces.coop\/es\/#\/schema\/logo\/image\/","url":"https:\/\/coopcabaces.coop\/wp-content\/uploads\/2021\/11\/cooperativa-cabaces-logo-1454943363.jpg","contentUrl":"https:\/\/coopcabaces.coop\/wp-content\/uploads\/2021\/11\/cooperativa-cabaces-logo-1454943363.jpg","width":402,"height":132,"caption":"Agr\u00edcola i Secci\u00f3 de Cr\u00e8dit de Cabac\u00e9s, S.C.C.L."},"image":{"@id":"https:\/\/coopcabaces.coop\/es\/#\/schema\/logo\/image\/"},"sameAs":["https:\/\/instagram.com\/agr.isec.cre.decabaces"]}]}},"jetpack_sharing_enabled":true,"_links":{"self":[{"href":"https:\/\/coopcabaces.coop\/es\/wp-json\/wp\/v2\/pages\/3778","targetHints":{"allow":["GET"]}}],"collection":[{"href":"https:\/\/coopcabaces.coop\/es\/wp-json\/wp\/v2\/pages"}],"about":[{"href":"https:\/\/coopcabaces.coop\/es\/wp-json\/wp\/v2\/types\/page"}],"author":[{"embeddable":true,"href":"https:\/\/coopcabaces.coop\/es\/wp-json\/wp\/v2\/users\/1"}],"replies":[{"embeddable":true,"href":"https:\/\/coopcabaces.coop\/es\/wp-json\/wp\/v2\/comments?post=3778"}],"version-history":[{"count":6,"href":"https:\/\/coopcabaces.coop\/es\/wp-json\/wp\/v2\/pages\/3778\/revisions"}],"predecessor-version":[{"id":4389,"href":"https:\/\/coopcabaces.coop\/es\/wp-json\/wp\/v2\/pages\/3778\/revisions\/4389"}],"wp:attachment":[{"href":"https:\/\/coopcabaces.coop\/es\/wp-json\/wp\/v2\/media?parent=3778"}],"curies":[{"name":"wp","href":"https:\/\/api.w.org\/{rel}","templated":true}]}}