{"id":3636,"date":"2021-11-30T00:04:11","date_gmt":"2021-11-29T22:04:11","guid":{"rendered":"https:\/\/coopcabaces.coop\/producte\/caja-de-6-unidades-de-500ml-fusio-daromes\/"},"modified":"2025-10-24T13:17:05","modified_gmt":"2025-10-24T11:17:05","slug":"caja-de-6-unidades-de-500ml-fusio-aromes","status":"publish","type":"product","link":"https:\/\/coopcabaces.coop\/es\/producto\/caja-de-6-unidades-de-500ml-fusio-aromes\/","title":{"rendered":"Caja de 6 unidades de 500ml \u00abFusi\u00f3 d&#8217;Aromes\u00bb"},"content":{"rendered":"\t\t<div data-elementor-type=\"wp-post\" data-elementor-id=\"3636\" class=\"elementor elementor-3636 elementor-3418\">\n\t\t\t\t\t\t<section class=\"wd-negative-gap elementor-section elementor-top-section elementor-element elementor-element-10a8df3 elementor-section-boxed elementor-section-height-default elementor-section-height-default\" data-id=\"10a8df3\" data-element_type=\"section\" data-e-type=\"section\">\n\t\t\t\t\t\t<div class=\"elementor-container elementor-column-gap-default\">\n\t\t\t\t\t<div class=\"elementor-column elementor-col-33 elementor-top-column elementor-element elementor-element-bb809e3\" data-id=\"bb809e3\" data-element_type=\"column\" data-e-type=\"column\">\n\t\t\t<div class=\"elementor-widget-wrap elementor-element-populated\">\n\t\t\t\t\t\t<div class=\"elementor-element elementor-element-4f419fc elementor-widget elementor-widget-wd_infobox\" data-id=\"4f419fc\" data-element_type=\"widget\" data-e-type=\"widget\" data-widget_type=\"wd_infobox.default\">\n\t\t\t\t<div class=\"elementor-widget-container\">\n\t\t\t\t\t\t\t<div class=\"info-box-wrapper\">\n\t\t\t<div class=\"wd-info-box text-left box-icon-align-left box-style-base color-scheme- wd-items-top\">\n\t\t\t\t\t\t\t\t\t<div class=\"box-icon-wrapper  box-with-icon box-icon-simple\">\n\t\t\t\t\t\t<div class=\"info-box-icon\">\n\t\t\t\t\t\t\t\t\t\t\t\t\t\t\t<img data-recalc-dims=\"1\" loading=\"lazy\" decoding=\"async\" width=\"50\" height=\"50\" src=\"https:\/\/i0.wp.com\/coopcabaces.coop\/wp-content\/uploads\/2021\/11\/Artboard-1.png?resize=50%2C50&#038;ssl=1\" class=\"attachment-50x50 size-50x50\" alt=\"\" srcset=\"https:\/\/i0.wp.com\/coopcabaces.coop\/wp-content\/uploads\/2021\/11\/Artboard-1.png?w=50&amp;ssl=1 50w, https:\/\/i0.wp.com\/coopcabaces.coop\/wp-content\/uploads\/2021\/11\/Artboard-1.png?resize=100%2C100&amp;ssl=1 100w, https:\/\/i0.wp.com\/coopcabaces.coop\/wp-content\/uploads\/2021\/11\/Artboard-1.png?resize=300%2C300&amp;ssl=1 300w, https:\/\/i0.wp.com\/coopcabaces.coop\/wp-content\/uploads\/2021\/11\/Artboard-1.png?resize=150%2C150&amp;ssl=1 150w, https:\/\/i0.wp.com\/coopcabaces.coop\/wp-content\/uploads\/2021\/11\/Artboard-1.png?resize=768%2C768&amp;ssl=1 768w, https:\/\/i0.wp.com\/coopcabaces.coop\/wp-content\/uploads\/2021\/11\/Artboard-1.png?resize=45%2C45&amp;ssl=1 45w, https:\/\/i0.wp.com\/coopcabaces.coop\/wp-content\/uploads\/2021\/11\/Artboard-1.png?w=1000&amp;ssl=1 1000w\" sizes=\"auto, (max-width: 50px) 100vw, 50px\" \/>\t\t\t\t\t\t\t\t\t\t\t\t\t<\/div>\n\t\t\t\t\t<\/div>\n\t\t\t\t\n\t\t\t\t<div class=\"info-box-content\">\n\t\t\t\t\t\n\t\t\t\t\t\t\t\t\t\t\t<h4\t\t\t\t\t\tclass=\"info-box-title title box-title-style-default wd-fontsize-m\" data-elementor-setting-key=\"title\">\n\t\t\t\t\t\t\t\tAceite de oliva virgen extra \"Fusi\u00f3 d'Aromes\" de agricultura ecol\u00f3gica\t\t\t\t\t\t<\/h4>\n\t\t\t\t\t\n\t\t\t\t\t<div class=\"info-box-inner reset-last-child\"data-elementor-setting-key=\"content\"><p>Aceite virgen extra de oliva, de m\u00e1xima calidad, obtenido directamente de aceitunas de Cabac\u00e9s y s\u00f3lo mediante procedimientos mec\u00e1nicos. Coupage de variedades arbequina, rojal y negrita.<\/p>\n<\/div>\n\n\t\t\t\t\t\t\t\t\t<\/div>\n\n\t\t\t\t\t\t\t<\/div>\n\t\t<\/div>\n\t\t\t\t\t\t<\/div>\n\t\t\t\t<\/div>\n\t\t\t\t\t<\/div>\n\t\t<\/div>\n\t\t\t\t<div class=\"elementor-column elementor-col-33 elementor-top-column elementor-element elementor-element-55241b3\" data-id=\"55241b3\" data-element_type=\"column\" data-e-type=\"column\">\n\t\t\t<div class=\"elementor-widget-wrap elementor-element-populated\">\n\t\t\t\t\t\t<div class=\"elementor-element elementor-element-f03b937 elementor-widget elementor-widget-wd_infobox\" data-id=\"f03b937\" data-element_type=\"widget\" data-e-type=\"widget\" data-widget_type=\"wd_infobox.default\">\n\t\t\t\t<div class=\"elementor-widget-container\">\n\t\t\t\t\t\t\t<div class=\"info-box-wrapper\">\n\t\t\t<div class=\"wd-info-box text-left box-icon-align-left box-style-base color-scheme- wd-items-top\">\n\t\t\t\t\t\t\t\t\t<div class=\"box-icon-wrapper  box-with-icon box-icon-simple\">\n\t\t\t\t\t\t<div class=\"info-box-icon\">\n\t\t\t\t\t\t\t\t\t\t\t\t\t\t\t<img data-recalc-dims=\"1\" loading=\"lazy\" decoding=\"async\" width=\"50\" height=\"50\" src=\"https:\/\/i0.wp.com\/coopcabaces.coop\/wp-content\/uploads\/2021\/11\/Artboard-1.png?resize=50%2C50&#038;ssl=1\" class=\"attachment-50x50 size-50x50\" alt=\"\" srcset=\"https:\/\/i0.wp.com\/coopcabaces.coop\/wp-content\/uploads\/2021\/11\/Artboard-1.png?w=50&amp;ssl=1 50w, https:\/\/i0.wp.com\/coopcabaces.coop\/wp-content\/uploads\/2021\/11\/Artboard-1.png?resize=100%2C100&amp;ssl=1 100w, https:\/\/i0.wp.com\/coopcabaces.coop\/wp-content\/uploads\/2021\/11\/Artboard-1.png?resize=300%2C300&amp;ssl=1 300w, https:\/\/i0.wp.com\/coopcabaces.coop\/wp-content\/uploads\/2021\/11\/Artboard-1.png?resize=150%2C150&amp;ssl=1 150w, https:\/\/i0.wp.com\/coopcabaces.coop\/wp-content\/uploads\/2021\/11\/Artboard-1.png?resize=768%2C768&amp;ssl=1 768w, https:\/\/i0.wp.com\/coopcabaces.coop\/wp-content\/uploads\/2021\/11\/Artboard-1.png?resize=45%2C45&amp;ssl=1 45w, https:\/\/i0.wp.com\/coopcabaces.coop\/wp-content\/uploads\/2021\/11\/Artboard-1.png?w=1000&amp;ssl=1 1000w\" sizes=\"auto, (max-width: 50px) 100vw, 50px\" \/>\t\t\t\t\t\t\t\t\t\t\t\t\t<\/div>\n\t\t\t\t\t<\/div>\n\t\t\t\t\n\t\t\t\t<div class=\"info-box-content\">\n\t\t\t\t\t\n\t\t\t\t\t\t\t\t\t\t\t<h4\t\t\t\t\t\tclass=\"info-box-title title box-title-style-default wd-fontsize-m\" data-elementor-setting-key=\"title\">\n\t\t\t\t\t\t\t\tConservaci\u00f3n\t\t\t\t\t\t<\/h4>\n\t\t\t\t\t\n\t\t\t\t\t<div class=\"info-box-inner reset-last-child\"data-elementor-setting-key=\"content\"><p>El nivel de antioxidantes naturales es suficiente para asegurar una vida \u00fatil a medio plazo. Con el tiempo, los aromas ir\u00e1n evolucionando a sensaciones maduras. Se recomienda conservar en lugar fresco y seco, evitando la exposici\u00f3n a la luz y a olores fuertes.<\/p>\n<\/div>\n\n\t\t\t\t\t\t\t\t\t<\/div>\n\n\t\t\t\t\t\t\t<\/div>\n\t\t<\/div>\n\t\t\t\t\t\t<\/div>\n\t\t\t\t<\/div>\n\t\t\t\t\t<\/div>\n\t\t<\/div>\n\t\t\t\t<div class=\"elementor-column elementor-col-33 elementor-top-column elementor-element elementor-element-64e60c0\" data-id=\"64e60c0\" data-element_type=\"column\" data-e-type=\"column\">\n\t\t\t<div class=\"elementor-widget-wrap elementor-element-populated\">\n\t\t\t\t\t\t<div class=\"elementor-element elementor-element-5c75cee elementor-widget elementor-widget-wd_infobox\" data-id=\"5c75cee\" data-element_type=\"widget\" data-e-type=\"widget\" data-widget_type=\"wd_infobox.default\">\n\t\t\t\t<div class=\"elementor-widget-container\">\n\t\t\t\t\t\t\t<div class=\"info-box-wrapper\">\n\t\t\t<div class=\"wd-info-box text-left box-icon-align-left box-style-base color-scheme- wd-items-top with-btn box-btn-static\">\n\t\t\t\t\t\t\t\t\t<div class=\"box-icon-wrapper  box-with-icon box-icon-simple\">\n\t\t\t\t\t\t<div class=\"info-box-icon\">\n\t\t\t\t\t\t\t\t\t\t\t\t\t\t\t<img data-recalc-dims=\"1\" loading=\"lazy\" decoding=\"async\" width=\"50\" height=\"50\" src=\"https:\/\/i0.wp.com\/coopcabaces.coop\/wp-content\/uploads\/2021\/11\/Artboard-1.png?resize=50%2C50&#038;ssl=1\" class=\"attachment-50x50 size-50x50\" alt=\"\" srcset=\"https:\/\/i0.wp.com\/coopcabaces.coop\/wp-content\/uploads\/2021\/11\/Artboard-1.png?w=50&amp;ssl=1 50w, https:\/\/i0.wp.com\/coopcabaces.coop\/wp-content\/uploads\/2021\/11\/Artboard-1.png?resize=100%2C100&amp;ssl=1 100w, https:\/\/i0.wp.com\/coopcabaces.coop\/wp-content\/uploads\/2021\/11\/Artboard-1.png?resize=300%2C300&amp;ssl=1 300w, https:\/\/i0.wp.com\/coopcabaces.coop\/wp-content\/uploads\/2021\/11\/Artboard-1.png?resize=150%2C150&amp;ssl=1 150w, https:\/\/i0.wp.com\/coopcabaces.coop\/wp-content\/uploads\/2021\/11\/Artboard-1.png?resize=768%2C768&amp;ssl=1 768w, https:\/\/i0.wp.com\/coopcabaces.coop\/wp-content\/uploads\/2021\/11\/Artboard-1.png?resize=45%2C45&amp;ssl=1 45w, https:\/\/i0.wp.com\/coopcabaces.coop\/wp-content\/uploads\/2021\/11\/Artboard-1.png?w=1000&amp;ssl=1 1000w\" sizes=\"auto, (max-width: 50px) 100vw, 50px\" \/>\t\t\t\t\t\t\t\t\t\t\t\t\t<\/div>\n\t\t\t\t\t<\/div>\n\t\t\t\t\n\t\t\t\t<div class=\"info-box-content\">\n\t\t\t\t\t\n\t\t\t\t\t\t\t\t\t\t\t<h4\t\t\t\t\t\tclass=\"info-box-title title box-title-style-default wd-fontsize-m\" data-elementor-setting-key=\"title\">\n\t\t\t\t\t\t\t\tM\u00e1s informaci\u00f3n\t\t\t\t\t\t<\/h4>\n\t\t\t\t\t\n\t\t\t\t\t<div class=\"info-box-inner reset-last-child\"data-elementor-setting-key=\"content\"><p>Para m\u00e1s informaci\u00f3n visite la p\u00e1gina de caracter\u00edsticas del aceite de oliva virgen extra \"Fusi\u00f3 d'Aromes\":<\/p>\n<\/div>\n\n\t\t\t\t\t\t\t\t\t\t\t<div class=\"info-btn-wrapper\">\n\t\t\t\t\t\t\t\t\t<div class=\"wd-button-wrapper text-left\" >\n\t\t\t<a class=\"btn btn-style-default btn-shape-rectangle btn-size-default btn-icon-pos-right\"  href=\"https:\/\/coopcabaces.coop\/es\/fusio-daromes-aceite-de-oliva-virgen-extra-de-agricultura-ecologica\/\">\n\t\t\t\t<span class=\"wd-btn-text\" data-elementor-setting-key=\"text\">\n\t\t\t\t\t&quot;Fusi\u00f3 d&#039;Aromes&quot;\t\t\t\t<\/span>\n\n\t\t\t\t\t\t\t<\/a>\n\t\t<\/div>\n\t\t\t\t\t\t\t\t<\/div>\n\t\t\t\t\t\t\t\t\t<\/div>\n\n\t\t\t\t\t\t\t<\/div>\n\t\t<\/div>\n\t\t\t\t\t\t<\/div>\n\t\t\t\t<\/div>\n\t\t\t\t\t<\/div>\n\t\t<\/div>\n\t\t\t\t\t<\/div>\n\t\t<\/section>\n\t\t\t\t<\/div>\n\t\t","protected":false},"excerpt":{"rendered":"<p>Caja de 6 botellas de vidrio de 500ml de aceite de oliva virgen extra \u00abFusi\u00f3 d&#8217;Aromes\u00bb (fusi\u00f3n de aromas) de agricultura ecol\u00f3gica.<\/p>\n","protected":false},"featured_media":4590,"comment_status":"closed","ping_status":"closed","template":"","meta":[],"product_brand":[],"product_cat":[129,123],"product_tag":[124,125,128,127,126],"class_list":{"0":"post-3636","1":"product","2":"type-product","3":"status-publish","4":"has-post-thumbnail","6":"product_cat-agricultura-ecologica-es","7":"product_cat-fusio-daromes","8":"product_tag-aceite","9":"product_tag-aceituna","10":"product_tag-ecologico","11":"product_tag-extra-es","12":"product_tag-virgen","14":"first","15":"outofstock","16":"taxable","17":"shipping-taxable","18":"purchasable","19":"product-type-simple"},"yoast_head":"<!-- This site is optimized with the Yoast SEO plugin v27.0 - https:\/\/yoast.com\/product\/yoast-seo-wordpress\/ -->\n<title>Caja de 6 unidades de 500ml &quot;Fusi\u00f3 d&#039;Aromes&quot; - Cooperativa Cabac\u00e9s<\/title>\n<meta name=\"description\" content=\"Coupage de aceite de oliva arbequina, rojal y negrita. Obtenido directamente de aceitunas mediante procedimientos mec\u00e1nicos. Elaboraci\u00f3n limitada.\" \/>\n<meta name=\"robots\" content=\"index, follow, max-snippet:-1, max-image-preview:large, max-video-preview:-1\" \/>\n<link rel=\"canonical\" href=\"https:\/\/coopcabaces.coop\/es\/producto\/caja-de-6-unidades-de-500ml-fusio-aromes\/\" \/>\n<meta property=\"og:locale\" content=\"es_ES\" \/>\n<meta property=\"og:type\" content=\"article\" \/>\n<meta property=\"og:title\" content=\"Caja de 6 unidades de 500ml &quot;Fusi\u00f3 d&#039;Aromes&quot; - Cooperativa Cabac\u00e9s\" \/>\n<meta property=\"og:description\" content=\"Coupage de aceite de oliva arbequina, rojal y negrita. Obtenido directamente de aceitunas mediante procedimientos mec\u00e1nicos. Elaboraci\u00f3n limitada.\" \/>\n<meta property=\"og:url\" content=\"https:\/\/coopcabaces.coop\/es\/producto\/caja-de-6-unidades-de-500ml-fusio-aromes\/\" \/>\n<meta property=\"og:site_name\" content=\"Cooperativa Cabac\u00e9s\" \/>\n<meta property=\"article:modified_time\" content=\"2025-10-24T11:17:05+00:00\" \/>\n<meta property=\"og:image\" content=\"https:\/\/coopcabaces.coop\/wp-content\/uploads\/2021\/11\/FUS500ML-2.png\" \/>\n\t<meta property=\"og:image:width\" content=\"600\" \/>\n\t<meta property=\"og:image:height\" content=\"800\" \/>\n\t<meta property=\"og:image:type\" content=\"image\/png\" \/>\n<meta name=\"twitter:card\" content=\"summary_large_image\" \/>\n<meta name=\"twitter:label1\" content=\"Tiempo de lectura\" \/>\n\t<meta name=\"twitter:data1\" content=\"1 minuto\" \/>\n<script type=\"application\/ld+json\" class=\"yoast-schema-graph\">{\"@context\":\"https:\/\/schema.org\",\"@graph\":[{\"@type\":\"WebPage\",\"@id\":\"https:\/\/coopcabaces.coop\/es\/producto\/caja-de-6-unidades-de-500ml-fusio-aromes\/\",\"url\":\"https:\/\/coopcabaces.coop\/es\/producto\/caja-de-6-unidades-de-500ml-fusio-aromes\/\",\"name\":\"Caja de 6 unidades de 500ml \\\"Fusi\u00f3 d'Aromes\\\" - Cooperativa Cabac\u00e9s\",\"isPartOf\":{\"@id\":\"https:\/\/coopcabaces.coop\/es\/#website\"},\"primaryImageOfPage\":{\"@id\":\"https:\/\/coopcabaces.coop\/es\/producto\/caja-de-6-unidades-de-500ml-fusio-aromes\/#primaryimage\"},\"image\":{\"@id\":\"https:\/\/coopcabaces.coop\/es\/producto\/caja-de-6-unidades-de-500ml-fusio-aromes\/#primaryimage\"},\"thumbnailUrl\":\"https:\/\/i0.wp.com\/coopcabaces.coop\/wp-content\/uploads\/2021\/11\/FUS500ML-2.png?fit=600%2C800&ssl=1\",\"datePublished\":\"2021-11-29T22:04:11+00:00\",\"dateModified\":\"2025-10-24T11:17:05+00:00\",\"description\":\"Coupage de aceite de oliva arbequina, rojal y negrita. Obtenido directamente de aceitunas mediante procedimientos mec\u00e1nicos. Elaboraci\u00f3n limitada.\",\"breadcrumb\":{\"@id\":\"https:\/\/coopcabaces.coop\/es\/producto\/caja-de-6-unidades-de-500ml-fusio-aromes\/#breadcrumb\"},\"inLanguage\":\"es\",\"potentialAction\":[{\"@type\":\"ReadAction\",\"target\":[\"https:\/\/coopcabaces.coop\/es\/producto\/caja-de-6-unidades-de-500ml-fusio-aromes\/\"]}]},{\"@type\":\"ImageObject\",\"inLanguage\":\"es\",\"@id\":\"https:\/\/coopcabaces.coop\/es\/producto\/caja-de-6-unidades-de-500ml-fusio-aromes\/#primaryimage\",\"url\":\"https:\/\/i0.wp.com\/coopcabaces.coop\/wp-content\/uploads\/2021\/11\/FUS500ML-2.png?fit=600%2C800&ssl=1\",\"contentUrl\":\"https:\/\/i0.wp.com\/coopcabaces.coop\/wp-content\/uploads\/2021\/11\/FUS500ML-2.png?fit=600%2C800&ssl=1\",\"width\":600,\"height\":800},{\"@type\":\"BreadcrumbList\",\"@id\":\"https:\/\/coopcabaces.coop\/es\/producto\/caja-de-6-unidades-de-500ml-fusio-aromes\/#breadcrumb\",\"itemListElement\":[{\"@type\":\"ListItem\",\"position\":1,\"name\":\"Inici\",\"item\":\"https:\/\/coopcabaces.coop\/es\/inicio\/\"},{\"@type\":\"ListItem\",\"position\":2,\"name\":\"Tienda\",\"item\":\"https:\/\/coopcabaces.coop\/es\/tienda\/\"},{\"@type\":\"ListItem\",\"position\":3,\"name\":\"Caja de 6 unidades de 500ml &#8220;Fusi\u00f3 d&#8217;Aromes&#8221;\"}]},{\"@type\":\"WebSite\",\"@id\":\"https:\/\/coopcabaces.coop\/es\/#website\",\"url\":\"https:\/\/coopcabaces.coop\/es\/\",\"name\":\"Cooperativa Cabac\u00e9s\",\"description\":\"Aceite de oliva virgen extra Baronia de Cabac\u00e9s\",\"publisher\":{\"@id\":\"https:\/\/coopcabaces.coop\/es\/#organization\"},\"potentialAction\":[{\"@type\":\"SearchAction\",\"target\":{\"@type\":\"EntryPoint\",\"urlTemplate\":\"https:\/\/coopcabaces.coop\/es\/?s={search_term_string}\"},\"query-input\":{\"@type\":\"PropertyValueSpecification\",\"valueRequired\":true,\"valueName\":\"search_term_string\"}}],\"inLanguage\":\"es\"},{\"@type\":\"Organization\",\"@id\":\"https:\/\/coopcabaces.coop\/es\/#organization\",\"name\":\"Agr\u00edcola i Secci\u00f3 de Cr\u00e8dit de Cabac\u00e9s, S.C.C.L.\",\"url\":\"https:\/\/coopcabaces.coop\/es\/\",\"logo\":{\"@type\":\"ImageObject\",\"inLanguage\":\"es\",\"@id\":\"https:\/\/coopcabaces.coop\/es\/#\/schema\/logo\/image\/\",\"url\":\"https:\/\/coopcabaces.coop\/wp-content\/uploads\/2021\/11\/cooperativa-cabaces-logo-1454943363.jpg\",\"contentUrl\":\"https:\/\/coopcabaces.coop\/wp-content\/uploads\/2021\/11\/cooperativa-cabaces-logo-1454943363.jpg\",\"width\":402,\"height\":132,\"caption\":\"Agr\u00edcola i Secci\u00f3 de Cr\u00e8dit de Cabac\u00e9s, S.C.C.L.\"},\"image\":{\"@id\":\"https:\/\/coopcabaces.coop\/es\/#\/schema\/logo\/image\/\"},\"sameAs\":[\"https:\/\/instagram.com\/agr.isec.cre.decabaces\"]}]}<\/script>\n<!-- \/ Yoast SEO plugin. -->","yoast_head_json":{"title":"Caja de 6 unidades de 500ml \"Fusi\u00f3 d'Aromes\" - Cooperativa Cabac\u00e9s","description":"Coupage de aceite de oliva arbequina, rojal y negrita. Obtenido directamente de aceitunas mediante procedimientos mec\u00e1nicos. Elaboraci\u00f3n limitada.","robots":{"index":"index","follow":"follow","max-snippet":"max-snippet:-1","max-image-preview":"max-image-preview:large","max-video-preview":"max-video-preview:-1"},"canonical":"https:\/\/coopcabaces.coop\/es\/producto\/caja-de-6-unidades-de-500ml-fusio-aromes\/","og_locale":"es_ES","og_type":"article","og_title":"Caja de 6 unidades de 500ml \"Fusi\u00f3 d'Aromes\" - Cooperativa Cabac\u00e9s","og_description":"Coupage de aceite de oliva arbequina, rojal y negrita. Obtenido directamente de aceitunas mediante procedimientos mec\u00e1nicos. Elaboraci\u00f3n limitada.","og_url":"https:\/\/coopcabaces.coop\/es\/producto\/caja-de-6-unidades-de-500ml-fusio-aromes\/","og_site_name":"Cooperativa Cabac\u00e9s","article_modified_time":"2025-10-24T11:17:05+00:00","og_image":[{"width":600,"height":800,"url":"https:\/\/coopcabaces.coop\/wp-content\/uploads\/2021\/11\/FUS500ML-2.png","type":"image\/png"}],"twitter_card":"summary_large_image","twitter_misc":{"Tiempo de lectura":"1 minuto"},"schema":{"@context":"https:\/\/schema.org","@graph":[{"@type":"WebPage","@id":"https:\/\/coopcabaces.coop\/es\/producto\/caja-de-6-unidades-de-500ml-fusio-aromes\/","url":"https:\/\/coopcabaces.coop\/es\/producto\/caja-de-6-unidades-de-500ml-fusio-aromes\/","name":"Caja de 6 unidades de 500ml \"Fusi\u00f3 d'Aromes\" - Cooperativa Cabac\u00e9s","isPartOf":{"@id":"https:\/\/coopcabaces.coop\/es\/#website"},"primaryImageOfPage":{"@id":"https:\/\/coopcabaces.coop\/es\/producto\/caja-de-6-unidades-de-500ml-fusio-aromes\/#primaryimage"},"image":{"@id":"https:\/\/coopcabaces.coop\/es\/producto\/caja-de-6-unidades-de-500ml-fusio-aromes\/#primaryimage"},"thumbnailUrl":"https:\/\/i0.wp.com\/coopcabaces.coop\/wp-content\/uploads\/2021\/11\/FUS500ML-2.png?fit=600%2C800&ssl=1","datePublished":"2021-11-29T22:04:11+00:00","dateModified":"2025-10-24T11:17:05+00:00","description":"Coupage de aceite de oliva arbequina, rojal y negrita. Obtenido directamente de aceitunas mediante procedimientos mec\u00e1nicos. Elaboraci\u00f3n limitada.","breadcrumb":{"@id":"https:\/\/coopcabaces.coop\/es\/producto\/caja-de-6-unidades-de-500ml-fusio-aromes\/#breadcrumb"},"inLanguage":"es","potentialAction":[{"@type":"ReadAction","target":["https:\/\/coopcabaces.coop\/es\/producto\/caja-de-6-unidades-de-500ml-fusio-aromes\/"]}]},{"@type":"ImageObject","inLanguage":"es","@id":"https:\/\/coopcabaces.coop\/es\/producto\/caja-de-6-unidades-de-500ml-fusio-aromes\/#primaryimage","url":"https:\/\/i0.wp.com\/coopcabaces.coop\/wp-content\/uploads\/2021\/11\/FUS500ML-2.png?fit=600%2C800&ssl=1","contentUrl":"https:\/\/i0.wp.com\/coopcabaces.coop\/wp-content\/uploads\/2021\/11\/FUS500ML-2.png?fit=600%2C800&ssl=1","width":600,"height":800},{"@type":"BreadcrumbList","@id":"https:\/\/coopcabaces.coop\/es\/producto\/caja-de-6-unidades-de-500ml-fusio-aromes\/#breadcrumb","itemListElement":[{"@type":"ListItem","position":1,"name":"Inici","item":"https:\/\/coopcabaces.coop\/es\/inicio\/"},{"@type":"ListItem","position":2,"name":"Tienda","item":"https:\/\/coopcabaces.coop\/es\/tienda\/"},{"@type":"ListItem","position":3,"name":"Caja de 6 unidades de 500ml &#8220;Fusi\u00f3 d&#8217;Aromes&#8221;"}]},{"@type":"WebSite","@id":"https:\/\/coopcabaces.coop\/es\/#website","url":"https:\/\/coopcabaces.coop\/es\/","name":"Cooperativa Cabac\u00e9s","description":"Aceite de oliva virgen extra Baronia de Cabac\u00e9s","publisher":{"@id":"https:\/\/coopcabaces.coop\/es\/#organization"},"potentialAction":[{"@type":"SearchAction","target":{"@type":"EntryPoint","urlTemplate":"https:\/\/coopcabaces.coop\/es\/?s={search_term_string}"},"query-input":{"@type":"PropertyValueSpecification","valueRequired":true,"valueName":"search_term_string"}}],"inLanguage":"es"},{"@type":"Organization","@id":"https:\/\/coopcabaces.coop\/es\/#organization","name":"Agr\u00edcola i Secci\u00f3 de Cr\u00e8dit de Cabac\u00e9s, S.C.C.L.","url":"https:\/\/coopcabaces.coop\/es\/","logo":{"@type":"ImageObject","inLanguage":"es","@id":"https:\/\/coopcabaces.coop\/es\/#\/schema\/logo\/image\/","url":"https:\/\/coopcabaces.coop\/wp-content\/uploads\/2021\/11\/cooperativa-cabaces-logo-1454943363.jpg","contentUrl":"https:\/\/coopcabaces.coop\/wp-content\/uploads\/2021\/11\/cooperativa-cabaces-logo-1454943363.jpg","width":402,"height":132,"caption":"Agr\u00edcola i Secci\u00f3 de Cr\u00e8dit de Cabac\u00e9s, S.C.C.L."},"image":{"@id":"https:\/\/coopcabaces.coop\/es\/#\/schema\/logo\/image\/"},"sameAs":["https:\/\/instagram.com\/agr.isec.cre.decabaces"]}]}},"jetpack_sharing_enabled":true,"_links":{"self":[{"href":"https:\/\/coopcabaces.coop\/es\/wp-json\/wp\/v2\/product\/3636","targetHints":{"allow":["GET"]}}],"collection":[{"href":"https:\/\/coopcabaces.coop\/es\/wp-json\/wp\/v2\/product"}],"about":[{"href":"https:\/\/coopcabaces.coop\/es\/wp-json\/wp\/v2\/types\/product"}],"replies":[{"embeddable":true,"href":"https:\/\/coopcabaces.coop\/es\/wp-json\/wp\/v2\/comments?post=3636"}],"version-history":[{"count":18,"href":"https:\/\/coopcabaces.coop\/es\/wp-json\/wp\/v2\/product\/3636\/revisions"}],"predecessor-version":[{"id":8882,"href":"https:\/\/coopcabaces.coop\/es\/wp-json\/wp\/v2\/product\/3636\/revisions\/8882"}],"wp:featuredmedia":[{"embeddable":true,"href":"https:\/\/coopcabaces.coop\/es\/wp-json\/wp\/v2\/media\/4590"}],"wp:attachment":[{"href":"https:\/\/coopcabaces.coop\/es\/wp-json\/wp\/v2\/media?parent=3636"}],"wp:term":[{"taxonomy":"product_brand","embeddable":true,"href":"https:\/\/coopcabaces.coop\/es\/wp-json\/wp\/v2\/product_brand?post=3636"},{"taxonomy":"product_cat","embeddable":true,"href":"https:\/\/coopcabaces.coop\/es\/wp-json\/wp\/v2\/product_cat?post=3636"},{"taxonomy":"product_tag","embeddable":true,"href":"https:\/\/coopcabaces.coop\/es\/wp-json\/wp\/v2\/product_tag?post=3636"}],"curies":[{"name":"wp","href":"https:\/\/api.w.org\/{rel}","templated":true}]}}