{"id":4285,"date":"2021-12-15T21:09:27","date_gmt":"2021-12-15T19:09:27","guid":{"rendered":"https:\/\/coopcabaces.coop\/credits-2\/"},"modified":"2021-12-15T21:09:27","modified_gmt":"2021-12-15T19:09:27","slug":"credits-2","status":"publish","type":"page","link":"https:\/\/coopcabaces.coop\/fr\/credits-2\/","title":{"rendered":"Cr\u00e9dits"},"content":{"rendered":"\n<p>Conception et d\u00e9veloppement de la web: <a href=\"https:\/\/marcmasip.com\" data-type=\"URL\" data-id=\"https:\/\/marcmasip.com\">Marc Masip Compte<\/a> .<\/p>\n\n<p>Video page principale: Cristina Masip Robles \u00e0 l&rsquo;origine pour Tierras ROSIP (cedido).<\/p>\n\n<p>Images: <a href=\"https:\/\/marcmasip.com\" data-type=\"URL\" data-id=\"https:\/\/marcmasip.com\">Marc Masip Compte<\/a>, Cristina Masip Robles, Santi Carnasa Bru, Ramon Masip, Francesc Prats, Carles Prats, etc&#8230;<\/p>\n\n<p>Histoire : Source : Prats Ferr\u00e9, C. (2008) 75 ans fent cam\u00ed, 1933-2008 : Hist\u00f2ria del cooperativisme agrari a Cabac\u00e9s. Agr\u00edcola i Secci\u00f3 de Cr\u00e8dit, SCCL. \/ Entretiens personnels. R\u00e9daction : <a href=\"https:\/\/marcmasip.com\" data-type=\"URL\" data-id=\"https:\/\/marcmasip.com\">Marc Masip Compte<\/a> .<\/p>\n\n<p>D\u00e9velopp\u00e9 pour la Section Agriculture et Cr\u00e9dit de Cabac\u00e9s, SCCL Tous droits r\u00e9serv\u00e9s.<\/p>\n","protected":false},"excerpt":{"rendered":"<p>Conception et d\u00e9veloppement de la web: Marc Masip Compte . Video page principale: Cristina Masip Robles \u00e0 l&rsquo;origine pour Tierras<\/p>\n","protected":false},"author":1,"featured_media":0,"parent":0,"menu_order":0,"comment_status":"closed","ping_status":"closed","template":"","meta":{"footnotes":""},"class_list":["post-4285","page","type-page","status-publish","hentry"],"yoast_head":"<!-- This site is optimized with the Yoast SEO plugin v27.0 - https:\/\/yoast.com\/product\/yoast-seo-wordpress\/ -->\n<title>Cr\u00e9dits - Cooperativa Cabac\u00e9s<\/title>\n<meta name=\"robots\" content=\"index, follow, max-snippet:-1, max-image-preview:large, max-video-preview:-1\" \/>\n<link rel=\"canonical\" href=\"https:\/\/coopcabaces.coop\/fr\/credits-2\/\" \/>\n<meta property=\"og:locale\" content=\"fr_FR\" \/>\n<meta property=\"og:type\" content=\"article\" \/>\n<meta property=\"og:title\" content=\"Cr\u00e9dits - Cooperativa Cabac\u00e9s\" \/>\n<meta property=\"og:description\" content=\"Conception et d\u00e9veloppement de la web: Marc Masip Compte . Video page principale: Cristina Masip Robles \u00e0 l&rsquo;origine pour Tierras\" \/>\n<meta property=\"og:url\" content=\"https:\/\/coopcabaces.coop\/fr\/credits-2\/\" \/>\n<meta property=\"og:site_name\" content=\"Cooperativa Cabac\u00e9s\" \/>\n<meta name=\"twitter:card\" content=\"summary_large_image\" \/>\n<script type=\"application\/ld+json\" class=\"yoast-schema-graph\">{\"@context\":\"https:\/\/schema.org\",\"@graph\":[{\"@type\":\"WebPage\",\"@id\":\"https:\/\/coopcabaces.coop\/fr\/credits-2\/\",\"url\":\"https:\/\/coopcabaces.coop\/fr\/credits-2\/\",\"name\":\"Cr\u00e9dits - Cooperativa Cabac\u00e9s\",\"isPartOf\":{\"@id\":\"https:\/\/coopcabaces.coop\/fr\/#website\"},\"datePublished\":\"2021-12-15T19:09:27+00:00\",\"breadcrumb\":{\"@id\":\"https:\/\/coopcabaces.coop\/fr\/credits-2\/#breadcrumb\"},\"inLanguage\":\"fr-FR\",\"potentialAction\":[{\"@type\":\"ReadAction\",\"target\":[\"https:\/\/coopcabaces.coop\/fr\/credits-2\/\"]}]},{\"@type\":\"BreadcrumbList\",\"@id\":\"https:\/\/coopcabaces.coop\/fr\/credits-2\/#breadcrumb\",\"itemListElement\":[{\"@type\":\"ListItem\",\"position\":1,\"name\":\"Inici\",\"item\":\"https:\/\/coopcabaces.coop\/fr\/debut\/\"},{\"@type\":\"ListItem\",\"position\":2,\"name\":\"Cr\u00e9dits\"}]},{\"@type\":\"WebSite\",\"@id\":\"https:\/\/coopcabaces.coop\/fr\/#website\",\"url\":\"https:\/\/coopcabaces.coop\/fr\/\",\"name\":\"Cooperativa Cabac\u00e9s\",\"description\":\"Oli d&#039;oliva verge extra Baronia de Cabac\u00e9s\",\"publisher\":{\"@id\":\"https:\/\/coopcabaces.coop\/fr\/#organization\"},\"potentialAction\":[{\"@type\":\"SearchAction\",\"target\":{\"@type\":\"EntryPoint\",\"urlTemplate\":\"https:\/\/coopcabaces.coop\/fr\/?s={search_term_string}\"},\"query-input\":{\"@type\":\"PropertyValueSpecification\",\"valueRequired\":true,\"valueName\":\"search_term_string\"}}],\"inLanguage\":\"fr-FR\"},{\"@type\":\"Organization\",\"@id\":\"https:\/\/coopcabaces.coop\/fr\/#organization\",\"name\":\"Agr\u00edcola i Secci\u00f3 de Cr\u00e8dit de Cabac\u00e9s, S.C.C.L.\",\"url\":\"https:\/\/coopcabaces.coop\/fr\/\",\"logo\":{\"@type\":\"ImageObject\",\"inLanguage\":\"fr-FR\",\"@id\":\"https:\/\/coopcabaces.coop\/fr\/#\/schema\/logo\/image\/\",\"url\":\"https:\/\/coopcabaces.coop\/wp-content\/uploads\/2021\/11\/cooperativa-cabaces-logo-1454943363.jpg\",\"contentUrl\":\"https:\/\/coopcabaces.coop\/wp-content\/uploads\/2021\/11\/cooperativa-cabaces-logo-1454943363.jpg\",\"width\":402,\"height\":132,\"caption\":\"Agr\u00edcola i Secci\u00f3 de Cr\u00e8dit de Cabac\u00e9s, S.C.C.L.\"},\"image\":{\"@id\":\"https:\/\/coopcabaces.coop\/fr\/#\/schema\/logo\/image\/\"},\"sameAs\":[\"https:\/\/instagram.com\/agr.isec.cre.decabaces\"]}]}<\/script>\n<!-- \/ Yoast SEO plugin. -->","yoast_head_json":{"title":"Cr\u00e9dits - Cooperativa Cabac\u00e9s","robots":{"index":"index","follow":"follow","max-snippet":"max-snippet:-1","max-image-preview":"max-image-preview:large","max-video-preview":"max-video-preview:-1"},"canonical":"https:\/\/coopcabaces.coop\/fr\/credits-2\/","og_locale":"fr_FR","og_type":"article","og_title":"Cr\u00e9dits - Cooperativa Cabac\u00e9s","og_description":"Conception et d\u00e9veloppement de la web: Marc Masip Compte . Video page principale: Cristina Masip Robles \u00e0 l&rsquo;origine pour Tierras","og_url":"https:\/\/coopcabaces.coop\/fr\/credits-2\/","og_site_name":"Cooperativa Cabac\u00e9s","twitter_card":"summary_large_image","schema":{"@context":"https:\/\/schema.org","@graph":[{"@type":"WebPage","@id":"https:\/\/coopcabaces.coop\/fr\/credits-2\/","url":"https:\/\/coopcabaces.coop\/fr\/credits-2\/","name":"Cr\u00e9dits - Cooperativa Cabac\u00e9s","isPartOf":{"@id":"https:\/\/coopcabaces.coop\/fr\/#website"},"datePublished":"2021-12-15T19:09:27+00:00","breadcrumb":{"@id":"https:\/\/coopcabaces.coop\/fr\/credits-2\/#breadcrumb"},"inLanguage":"fr-FR","potentialAction":[{"@type":"ReadAction","target":["https:\/\/coopcabaces.coop\/fr\/credits-2\/"]}]},{"@type":"BreadcrumbList","@id":"https:\/\/coopcabaces.coop\/fr\/credits-2\/#breadcrumb","itemListElement":[{"@type":"ListItem","position":1,"name":"Inici","item":"https:\/\/coopcabaces.coop\/fr\/debut\/"},{"@type":"ListItem","position":2,"name":"Cr\u00e9dits"}]},{"@type":"WebSite","@id":"https:\/\/coopcabaces.coop\/fr\/#website","url":"https:\/\/coopcabaces.coop\/fr\/","name":"Cooperativa Cabac\u00e9s","description":"Oli d&#039;oliva verge extra Baronia de Cabac\u00e9s","publisher":{"@id":"https:\/\/coopcabaces.coop\/fr\/#organization"},"potentialAction":[{"@type":"SearchAction","target":{"@type":"EntryPoint","urlTemplate":"https:\/\/coopcabaces.coop\/fr\/?s={search_term_string}"},"query-input":{"@type":"PropertyValueSpecification","valueRequired":true,"valueName":"search_term_string"}}],"inLanguage":"fr-FR"},{"@type":"Organization","@id":"https:\/\/coopcabaces.coop\/fr\/#organization","name":"Agr\u00edcola i Secci\u00f3 de Cr\u00e8dit de Cabac\u00e9s, S.C.C.L.","url":"https:\/\/coopcabaces.coop\/fr\/","logo":{"@type":"ImageObject","inLanguage":"fr-FR","@id":"https:\/\/coopcabaces.coop\/fr\/#\/schema\/logo\/image\/","url":"https:\/\/coopcabaces.coop\/wp-content\/uploads\/2021\/11\/cooperativa-cabaces-logo-1454943363.jpg","contentUrl":"https:\/\/coopcabaces.coop\/wp-content\/uploads\/2021\/11\/cooperativa-cabaces-logo-1454943363.jpg","width":402,"height":132,"caption":"Agr\u00edcola i Secci\u00f3 de Cr\u00e8dit de Cabac\u00e9s, S.C.C.L."},"image":{"@id":"https:\/\/coopcabaces.coop\/fr\/#\/schema\/logo\/image\/"},"sameAs":["https:\/\/instagram.com\/agr.isec.cre.decabaces"]}]}},"jetpack_sharing_enabled":true,"_links":{"self":[{"href":"https:\/\/coopcabaces.coop\/fr\/wp-json\/wp\/v2\/pages\/4285","targetHints":{"allow":["GET"]}}],"collection":[{"href":"https:\/\/coopcabaces.coop\/fr\/wp-json\/wp\/v2\/pages"}],"about":[{"href":"https:\/\/coopcabaces.coop\/fr\/wp-json\/wp\/v2\/types\/page"}],"author":[{"embeddable":true,"href":"https:\/\/coopcabaces.coop\/fr\/wp-json\/wp\/v2\/users\/1"}],"replies":[{"embeddable":true,"href":"https:\/\/coopcabaces.coop\/fr\/wp-json\/wp\/v2\/comments?post=4285"}],"version-history":[{"count":3,"href":"https:\/\/coopcabaces.coop\/fr\/wp-json\/wp\/v2\/pages\/4285\/revisions"}],"predecessor-version":[{"id":4288,"href":"https:\/\/coopcabaces.coop\/fr\/wp-json\/wp\/v2\/pages\/4285\/revisions\/4288"}],"wp:attachment":[{"href":"https:\/\/coopcabaces.coop\/fr\/wp-json\/wp\/v2\/media?parent=4285"}],"curies":[{"name":"wp","href":"https:\/\/api.w.org\/{rel}","templated":true}]}}