{"id":4695,"date":"2022-01-28T20:27:26","date_gmt":"2022-01-28T18:27:26","guid":{"rendered":"https:\/\/coopcabaces.coop\/politique-de-cookies-cookies\/"},"modified":"2025-04-09T00:06:50","modified_gmt":"2025-04-08T22:06:50","slug":"politique-de-cookies-cookies","status":"publish","type":"page","link":"https:\/\/coopcabaces.coop\/fr\/politique-de-cookies-cookies\/","title":{"rendered":"Politique de cookies"},"content":{"rendered":"\n<p>1. <strong>Utilisation des cookies sur le site Web<\/strong><\/p>\n\n<p>Ce site Web utilise ses propres cookies afin d&rsquo;am\u00e9liorer les services fournis par son interm\u00e9diaire en analysant les habitudes de navigation de l&rsquo;utilisateur. L&rsquo;utilisation des cookies sera limit\u00e9e \u00e0 la configuration de l&rsquo;utilisateur, qui choisira quels cookies activer en fonction de leur type. Autrement dit, la base juridique de l&rsquo;utilisation des cookies lors de la navigation de l&rsquo;utilisateur sera le consentement de l&rsquo;utilisateur lui-m\u00eame.<\/p>\n\n<p>Veuillez noter que pour utiliser et avoir une meilleure exp\u00e9rience de navigation, vous devez avoir activ\u00e9 les cookies, en particulier ceux de nature technique qui sont n\u00e9cessaires pour que vous puissiez vous identifier en tant qu&rsquo;utilisateur enregistr\u00e9 \u00e0 chaque fois que vous acc\u00e9dez \u00e0 ce site Web. Si vous ne souhaitez pas recevoir de cookies, veuillez configurer votre navigateur Internet pour les supprimer du disque dur de votre ordinateur, les bloquer ou vous avertir s&rsquo;ils sont install\u00e9s.<\/p>\n\n<p>Le responsable du traitement des cookies et des donn\u00e9es collect\u00e9es via ce site Web est :<\/p>\n\n<div class=\"wp-block-group is-layout-flow wp-block-group-is-layout-flow\">\n<p>SECTION AGRICOLE ET CR\u00c9DIT CABACES, SCCL<\/p>\n\n\n\n<p>NIF \/ CIF : F-43011600<\/p>\n\n\n\n<p>Carrer Beat Joan d&rsquo;Organy\u00e0, 1 43373-CABAC\u00c9S<\/p>\n\n\n\n<p>Courriel : <a href=\"mailto:info@coopcabaces.coop\">info@coopcabaces.coop<\/a><\/p>\n\n\n\n<p>Courriel pour exercer vos droits : <a href=\"mailto:rgpd@coopcabaces.coop\">rgpd@coopcabaces.coop<\/a><\/p>\n<\/div>\n\n<p>2<strong>. Qu&rsquo;est-ce qu&rsquo;un cookie ?<\/strong><\/p>\n\n<p>Un cookie est un fichier qui est t\u00e9l\u00e9charg\u00e9 sur l&rsquo;ordinateur de l&rsquo;Utilisateur lorsqu&rsquo;il acc\u00e8de \u00e0 certains sites Web, tels que celui-ci. Les cookies permettent \u00e0 ces sites Web, entre autres, de stocker et de r\u00e9cup\u00e9rer des informations sur les habitudes de navigation de l&rsquo;utilisateur ou de son ordinateur et, en fonction des informations qu&rsquo;ils contiennent et de la mani\u00e8re dont il utilise son ordinateur, ils peuvent \u00eatre utilis\u00e9s pour reconna\u00eetre l&rsquo;utilisateur. <\/p>\n\n<p>3. <strong>Quels cookies ce site Web utilise-t-il ?<\/strong><\/p>\n\n<p>AGR\u00cdCOLA I SECCI\u00d3 DE CR\u00c8DIT CABAC\u00c9S, SCCL utilise diff\u00e9rents types de cookies propres, dont le responsable du traitement est la Coop\u00e9rative. Il n&rsquo;utilise actuellement pas de cookies tiers, dans lesquels le responsable du traitement serait une entit\u00e9 externe.<\/p>\n\n<p>Les cookies propri\u00e9taires sont ceux g\u00e9r\u00e9s directement par la Coop\u00e9rative pour lesquels les restrictions d\u00e9taill\u00e9es dans notre politique de confidentialit\u00e9 s&rsquo;appliquent tant pour le traitement des donn\u00e9es que pour les droits de l&rsquo;utilisateur sur les informations contenues dans les Cookies.<\/p>\n\n<p>Conform\u00e9ment aux directives de l&rsquo;Agence espagnole de protection des donn\u00e9es, nous proc\u00e9dons \u00e0 d\u00e9tailler l&rsquo;utilisation des cookies que ce site Web utilise, afin de vous fournir le maximum d&rsquo;informations possible :<\/p>\n\n<p><span style=\"text-decoration: underline;\">N\u00e9cessaire<\/span><\/p>\n\n<p>Les cookies n\u00e9cessaires contribuent \u00e0 rendre un site Web utilisable en activant des fonctions de base telles que la navigation sur les pages et l&rsquo;acc\u00e8s aux zones s\u00e9curis\u00e9es du site Web. Le site Web ne peut pas fonctionner correctement sans ces cookies.<\/p>\n\n<figure class=\"wp-block-table\"><table><tbody><tr><td><strong>Nom<\/strong><\/td><td><strong>Dur\u00e9e<\/strong><\/td><td><strong>But<\/strong><\/td><\/tr><tr><td>cmplz_choice<\/td><td>1 an<\/td><td>Enregistrez vos pr\u00e9f\u00e9rences en mati\u00e8re de cookies<\/td><\/tr><tr><td>cmplz_consent_status<\/td><td>1 an<\/td><td>Enregistrez vos pr\u00e9f\u00e9rences en mati\u00e8re de cookies<\/td><\/tr><tr><td>cmplz_functional<\/td><td>1 an<\/td><td>Enregistrez vos pr\u00e9f\u00e9rences en mati\u00e8re de cookies<\/td><\/tr><tr><td>cmplz_marketing<\/td><td>1 an<\/td><td>Enregistrez vos pr\u00e9f\u00e9rences en mati\u00e8re de cookies<\/td><\/tr><tr><td>cmplz_policy_id<\/td><td>1 an<\/td><td>Enregistrez vos pr\u00e9f\u00e9rences en mati\u00e8re de cookies<\/td><\/tr><tr><td>cmplz_preferences<\/td><td>1 an<\/td><td>Enregistrez vos pr\u00e9f\u00e9rences en mati\u00e8re de cookies<\/td><\/tr><tr><td>cmplz_statistics-anonyme<\/td><td>1 an<\/td><td>Enregistrez vos pr\u00e9f\u00e9rences en mati\u00e8re de cookies<\/td><\/tr><tr><td>cmplz_statistics<\/td><td>1 an<\/td><td>Enregistrez vos pr\u00e9f\u00e9rences en mati\u00e8re de cookies<\/td><\/tr><tr><td>wp_woocommerce_s<\/td><td>2 jours<\/td><td>Enregistrer les produits du panier<\/td><\/tr><\/tbody><\/table><\/figure>\n\n<p><span style=\"text-decoration: underline;\">Pr\u00e9f\u00e9rences<\/span><\/p>\n\n<p>Les cookies de pr\u00e9f\u00e9rence permettent au site Web de m\u00e9moriser des informations qui modifient le comportement ou l&rsquo;apparence de la page, telles que votre langue pr\u00e9f\u00e9r\u00e9e ou la r\u00e9gion dans laquelle vous vous trouvez.<\/p>\n\n<figure class=\"wp-block-table\"><table><tbody><tr><td><strong>Nom<\/strong><\/td><td><strong>Dur\u00e9e<\/strong><\/td><td><strong>But<\/strong><\/td><\/tr><tr><td>wp-wpml_current_admin_language[&#8230;]<\/td><td>1 jour<\/td><td>Enregistrez vos pr\u00e9f\u00e9rences linguistiques<\/td><\/tr><tr><td>wp-wpml_current_language<\/td><td>1 jour<\/td><td>Enregistrez vos pr\u00e9f\u00e9rences linguistiques<\/td><\/tr><tr><td>mtm_[\u2026] \/ matomo[\u2026]<\/td><td>1 an<\/td><td>Enregistrez vos pr\u00e9f\u00e9rences de statistiques<\/td><\/tr><\/tbody><\/table><\/figure>\n\n<p><span style=\"text-decoration: underline;\">Statistiques<\/span><\/p>\n\n<p>Les cookies statistiques aident les propri\u00e9taires de sites Web \u00e0 comprendre comment les visiteurs interagissent avec les sites Web en collectant et en fournissant des informations de mani\u00e8re anonyme.<\/p>\n\n<figure class=\"wp-block-table\"><table><tbody><tr><td><strong>Nom<\/strong><\/td><td><strong>Dur\u00e9e<\/strong><\/td><td><strong>But<\/strong><\/td><\/tr><tr><td>_pk_id.1.bdb2<\/td><td>1 an<\/td><td>Sachez quelles pages et quels produits sont les plus consult\u00e9s par les utilisateurs et comment ils interagissent avec le site Web, afin de l&rsquo;am\u00e9liorer.<\/td><\/tr><tr><td>_pk_ses.1.bdb2<\/td><td>1 jour<\/td><td>Sachez quelles pages et quels produits sont les plus consult\u00e9s par les utilisateurs et comment ils interagissent avec le site Web, afin de l&rsquo;am\u00e9liorer.<\/td><\/tr><\/tbody><\/table><\/figure>\n\n<p>La dur\u00e9e de conservation des donn\u00e9es obtenues via les cookies est pr\u00e9cis\u00e9e dans chacun d&rsquo;eux et sera donc conserv\u00e9e sur nos serveurs.<\/p>\n\n<p>4. <strong>Comment puis-je bloquer ou supprimer les cookies utilis\u00e9s par ce site Web ?<\/strong><\/p>\n\n<p>En plus d&rsquo;utiliser le panneau de configuration mis \u00e0 disposition de l&rsquo;Utilisateur, l&rsquo;Utilisateur peut autoriser, bloquer ou supprimer les cookies install\u00e9s sur son ordinateur en configurant les options du navigateur install\u00e9 sur son ordinateur.<\/p>\n\n<p>Si l&rsquo;Utilisateur ne souhaite pas que ses donn\u00e9es soient collect\u00e9es avec Matomo, vous pouvez le faire \u00e0 partir de l&rsquo;option \u00e0 la fin de cette politique.<\/p>\n\n<p>Le blocage de l&rsquo;installation des cookies d&rsquo;analyse d\u00e9crits dans cette politique n&#8217;emp\u00eache pas l&rsquo;utilisation effective du Site Web par l&rsquo;Utilisateur.<\/p>\n\n<p>La plupart des navigateurs acceptent les cookies par d\u00e9faut.<\/p>\n\n<p>Il est possible de modifier les param\u00e8tres de votre propre navigateur afin qu&rsquo;il n&rsquo;accepte pas les cookies ou qu&rsquo;il les supprime compl\u00e8tement de votre syst\u00e8me.<\/p>\n\n<p>Sachez \u00e9galement que la plupart des navigateurs permettent de naviguer en mode anonyme, ce qui permet de supprimer les cookies. Ce param\u00e8tre a un nom diff\u00e9rent selon le type de navigateur, par exemple\u00a0:<\/p>\n\n<p>\u2013 Internet Explorer 8 et versions ult\u00e9rieures\u00a0: InPrivate<\/p>\n\n<p>\u2013 FireFox 3.5 et suivants\u00a0: navigation priv\u00e9e<\/p>\n\n<p>\u2013 Google Chrome 10 et sup\u00e9rieur\u00a0: Incognito<\/p>\n\n<p>\u2013 Safari 2 et suivants\u00a0: Navigation priv\u00e9e<\/p>\n\n<p>\u2013 Opera 10.5 et suivants\u00a0: navigation priv\u00e9e<\/p>\n\n<p>Pour plus d&rsquo;informations, vous pouvez consulter la section d&rsquo;aide de votre navigateur lui-m\u00eame, qui indique comment naviguer en mode anonyme ou comment supprimer les cookies.<\/p>\n\n<p>Il est possible de visiter notre site Web en mode anonyme mais l&rsquo;exp\u00e9rience utilisateur perd en qualit\u00e9 et certaines fonctions peuvent \u00eatre d\u00e9sactiv\u00e9es ou cesser de fonctionner.<\/p>\n\n<p>5. <strong>Modifications<\/strong><\/p>\n\n<p>Cette politique de cookies peut \u00eatre modifi\u00e9e en fonction des exigences l\u00e9gales \u00e9tablies ou afin d&rsquo;adapter cette politique aux instructions \u00e9mises par l&rsquo;Agence espagnole de protection des donn\u00e9es.<\/p>\n\n<p>Pour cette raison, nous conseillons aux utilisateurs de consulter p\u00e9riodiquement notre politique en mati\u00e8re de cookies.<\/p>\n\n<p>Lorsque des modifications importantes sont apport\u00e9es \u00e0 cette politique, dans la mesure de nos capacit\u00e9s, nous communiquerons ces modifications aux utilisateurs par le biais d&rsquo;un avis sur notre site Web.<\/p>\n\n<p>Pour d&rsquo;autres informations relatives \u00e0 l&rsquo;art. 13 du RGPD, consultez notre politique de confidentialit\u00e9.<\/p>\n\n<p>Si vous avez des questions sur cette politique de cookies, vous pouvez contacter AGR\u00cdCOLA I SECCI\u00d3 DE CR\u00c8DIT CABAC\u00c9S, SCCL via l&rsquo;e-mail suivant : <a href=\"mailto:rgpd@coopcabaces.coop\">rgpd@coopcabaces.coop<\/a> .<\/p>\n\n<p>Vous pouvez choisir d&#8217;emp\u00eacher ce site Web de collecter et d&rsquo;analyser les actions que vous effectuez ici. Cela prot\u00e9gera votre vie priv\u00e9e, mais cela emp\u00eachera \u00e9galement le propri\u00e9taire d\u2019apprendre de vos actions et de cr\u00e9er une meilleure exp\u00e9rience utilisateur pour vous et les autres utilisateurs. D\u00e9cochez la case \u00e0 la fin de ce texte pour d\u00e9sactiver la collecte de donn\u00e9es.<\/p>\n<p id=\"matomo_opted_out_intro\" style=\"display:none;\">Opt-out complete; your visits to this website will not be recorded by the Web Analytics tool. Note that if you clear your cookies, delete the opt-out cookie, or if you change computers or Web browsers, you will need to perform the opt-out procedure again.<\/p><p id=\"matomo_opted_in_intro\" >You may choose to prevent this website from aggregating and analyzing the actions you take here. Doing so will protect your privacy, but will also prevent the owner from learning from your actions and creating a better experience for you and other users.<\/p><form>\n        <input type=\"checkbox\" id=\"matomo_optout_checkbox\" checked=\"checked\"\/>\n        <label for=\"matomo_optout_checkbox\"><strong>\n        <span id=\"matomo_opted_in_label\" >You are not opted out. Uncheck this box to opt-out.<\/span>\n\t\t<span id=\"matomo_opted_out_label\" style=\"display:none;\">You are currently opted out. Check this box to opt-in.<\/span>\n        <\/strong><\/label><\/form><noscript><p><strong style=\"color: #ff0000;\">This opt out feature requires JavaScript.<\/strong><\/p><\/noscript><p id=\"matomo_outout_err_cookies\" style=\"display: none;\"><strong>The tracking opt-out feature requires cookies to be enabled.<\/strong><\/p>\n\n<p>Cabac\u00e9s, avril 2025<\/p>\n<p>[dkpdf-button]<\/p>\n","protected":false},"excerpt":{"rendered":"<p>1. Utilisation des cookies sur le site Web Ce site Web utilise ses propres cookies afin d&rsquo;am\u00e9liorer les services fournis<\/p>\n","protected":false},"author":1,"featured_media":0,"parent":0,"menu_order":0,"comment_status":"closed","ping_status":"closed","template":"","meta":{"footnotes":""},"class_list":["post-4695","page","type-page","status-publish","hentry"],"yoast_head":"<!-- This site is optimized with the Yoast SEO plugin v27.0 - https:\/\/yoast.com\/product\/yoast-seo-wordpress\/ -->\n<title>Politique de cookies - Cooperativa Cabac\u00e9s<\/title>\n<meta name=\"robots\" content=\"index, follow, max-snippet:-1, max-image-preview:large, max-video-preview:-1\" \/>\n<link rel=\"canonical\" href=\"https:\/\/coopcabaces.coop\/fr\/politique-de-cookies-cookies\/\" \/>\n<meta property=\"og:locale\" content=\"fr_FR\" \/>\n<meta property=\"og:type\" content=\"article\" \/>\n<meta property=\"og:title\" content=\"Politique de cookies - Cooperativa Cabac\u00e9s\" \/>\n<meta property=\"og:description\" content=\"1. Utilisation des cookies sur le site Web Ce site Web utilise ses propres cookies afin d&rsquo;am\u00e9liorer les services fournis\" \/>\n<meta property=\"og:url\" content=\"https:\/\/coopcabaces.coop\/fr\/politique-de-cookies-cookies\/\" \/>\n<meta property=\"og:site_name\" content=\"Cooperativa Cabac\u00e9s\" \/>\n<meta property=\"article:modified_time\" content=\"2025-04-08T22:06:50+00:00\" \/>\n<meta name=\"twitter:card\" content=\"summary_large_image\" \/>\n<meta name=\"twitter:label1\" content=\"Dur\u00e9e de lecture estim\u00e9e\" \/>\n\t<meta name=\"twitter:data1\" content=\"6 minutes\" \/>\n<script type=\"application\/ld+json\" class=\"yoast-schema-graph\">{\"@context\":\"https:\/\/schema.org\",\"@graph\":[{\"@type\":\"WebPage\",\"@id\":\"https:\/\/coopcabaces.coop\/fr\/politique-de-cookies-cookies\/\",\"url\":\"https:\/\/coopcabaces.coop\/fr\/politique-de-cookies-cookies\/\",\"name\":\"Politique de cookies - Cooperativa Cabac\u00e9s\",\"isPartOf\":{\"@id\":\"https:\/\/coopcabaces.coop\/fr\/#website\"},\"datePublished\":\"2022-01-28T18:27:26+00:00\",\"dateModified\":\"2025-04-08T22:06:50+00:00\",\"breadcrumb\":{\"@id\":\"https:\/\/coopcabaces.coop\/fr\/politique-de-cookies-cookies\/#breadcrumb\"},\"inLanguage\":\"fr-FR\",\"potentialAction\":[{\"@type\":\"ReadAction\",\"target\":[\"https:\/\/coopcabaces.coop\/fr\/politique-de-cookies-cookies\/\"]}]},{\"@type\":\"BreadcrumbList\",\"@id\":\"https:\/\/coopcabaces.coop\/fr\/politique-de-cookies-cookies\/#breadcrumb\",\"itemListElement\":[{\"@type\":\"ListItem\",\"position\":1,\"name\":\"Inici\",\"item\":\"https:\/\/coopcabaces.coop\/fr\/debut\/\"},{\"@type\":\"ListItem\",\"position\":2,\"name\":\"Politique de cookies\"}]},{\"@type\":\"WebSite\",\"@id\":\"https:\/\/coopcabaces.coop\/fr\/#website\",\"url\":\"https:\/\/coopcabaces.coop\/fr\/\",\"name\":\"Cooperativa Cabac\u00e9s\",\"description\":\"Oli d&#039;oliva verge extra Baronia de Cabac\u00e9s\",\"publisher\":{\"@id\":\"https:\/\/coopcabaces.coop\/fr\/#organization\"},\"potentialAction\":[{\"@type\":\"SearchAction\",\"target\":{\"@type\":\"EntryPoint\",\"urlTemplate\":\"https:\/\/coopcabaces.coop\/fr\/?s={search_term_string}\"},\"query-input\":{\"@type\":\"PropertyValueSpecification\",\"valueRequired\":true,\"valueName\":\"search_term_string\"}}],\"inLanguage\":\"fr-FR\"},{\"@type\":\"Organization\",\"@id\":\"https:\/\/coopcabaces.coop\/fr\/#organization\",\"name\":\"Agr\u00edcola i Secci\u00f3 de Cr\u00e8dit de Cabac\u00e9s, S.C.C.L.\",\"url\":\"https:\/\/coopcabaces.coop\/fr\/\",\"logo\":{\"@type\":\"ImageObject\",\"inLanguage\":\"fr-FR\",\"@id\":\"https:\/\/coopcabaces.coop\/fr\/#\/schema\/logo\/image\/\",\"url\":\"https:\/\/coopcabaces.coop\/wp-content\/uploads\/2021\/11\/cooperativa-cabaces-logo-1454943363.jpg\",\"contentUrl\":\"https:\/\/coopcabaces.coop\/wp-content\/uploads\/2021\/11\/cooperativa-cabaces-logo-1454943363.jpg\",\"width\":402,\"height\":132,\"caption\":\"Agr\u00edcola i Secci\u00f3 de Cr\u00e8dit de Cabac\u00e9s, S.C.C.L.\"},\"image\":{\"@id\":\"https:\/\/coopcabaces.coop\/fr\/#\/schema\/logo\/image\/\"},\"sameAs\":[\"https:\/\/instagram.com\/agr.isec.cre.decabaces\"]}]}<\/script>\n<!-- \/ Yoast SEO plugin. -->","yoast_head_json":{"title":"Politique de cookies - Cooperativa Cabac\u00e9s","robots":{"index":"index","follow":"follow","max-snippet":"max-snippet:-1","max-image-preview":"max-image-preview:large","max-video-preview":"max-video-preview:-1"},"canonical":"https:\/\/coopcabaces.coop\/fr\/politique-de-cookies-cookies\/","og_locale":"fr_FR","og_type":"article","og_title":"Politique de cookies - Cooperativa Cabac\u00e9s","og_description":"1. Utilisation des cookies sur le site Web Ce site Web utilise ses propres cookies afin d&rsquo;am\u00e9liorer les services fournis","og_url":"https:\/\/coopcabaces.coop\/fr\/politique-de-cookies-cookies\/","og_site_name":"Cooperativa Cabac\u00e9s","article_modified_time":"2025-04-08T22:06:50+00:00","twitter_card":"summary_large_image","twitter_misc":{"Dur\u00e9e de lecture estim\u00e9e":"6 minutes"},"schema":{"@context":"https:\/\/schema.org","@graph":[{"@type":"WebPage","@id":"https:\/\/coopcabaces.coop\/fr\/politique-de-cookies-cookies\/","url":"https:\/\/coopcabaces.coop\/fr\/politique-de-cookies-cookies\/","name":"Politique de cookies - Cooperativa Cabac\u00e9s","isPartOf":{"@id":"https:\/\/coopcabaces.coop\/fr\/#website"},"datePublished":"2022-01-28T18:27:26+00:00","dateModified":"2025-04-08T22:06:50+00:00","breadcrumb":{"@id":"https:\/\/coopcabaces.coop\/fr\/politique-de-cookies-cookies\/#breadcrumb"},"inLanguage":"fr-FR","potentialAction":[{"@type":"ReadAction","target":["https:\/\/coopcabaces.coop\/fr\/politique-de-cookies-cookies\/"]}]},{"@type":"BreadcrumbList","@id":"https:\/\/coopcabaces.coop\/fr\/politique-de-cookies-cookies\/#breadcrumb","itemListElement":[{"@type":"ListItem","position":1,"name":"Inici","item":"https:\/\/coopcabaces.coop\/fr\/debut\/"},{"@type":"ListItem","position":2,"name":"Politique de cookies"}]},{"@type":"WebSite","@id":"https:\/\/coopcabaces.coop\/fr\/#website","url":"https:\/\/coopcabaces.coop\/fr\/","name":"Cooperativa Cabac\u00e9s","description":"Oli d&#039;oliva verge extra Baronia de Cabac\u00e9s","publisher":{"@id":"https:\/\/coopcabaces.coop\/fr\/#organization"},"potentialAction":[{"@type":"SearchAction","target":{"@type":"EntryPoint","urlTemplate":"https:\/\/coopcabaces.coop\/fr\/?s={search_term_string}"},"query-input":{"@type":"PropertyValueSpecification","valueRequired":true,"valueName":"search_term_string"}}],"inLanguage":"fr-FR"},{"@type":"Organization","@id":"https:\/\/coopcabaces.coop\/fr\/#organization","name":"Agr\u00edcola i Secci\u00f3 de Cr\u00e8dit de Cabac\u00e9s, S.C.C.L.","url":"https:\/\/coopcabaces.coop\/fr\/","logo":{"@type":"ImageObject","inLanguage":"fr-FR","@id":"https:\/\/coopcabaces.coop\/fr\/#\/schema\/logo\/image\/","url":"https:\/\/coopcabaces.coop\/wp-content\/uploads\/2021\/11\/cooperativa-cabaces-logo-1454943363.jpg","contentUrl":"https:\/\/coopcabaces.coop\/wp-content\/uploads\/2021\/11\/cooperativa-cabaces-logo-1454943363.jpg","width":402,"height":132,"caption":"Agr\u00edcola i Secci\u00f3 de Cr\u00e8dit de Cabac\u00e9s, S.C.C.L."},"image":{"@id":"https:\/\/coopcabaces.coop\/fr\/#\/schema\/logo\/image\/"},"sameAs":["https:\/\/instagram.com\/agr.isec.cre.decabaces"]}]}},"jetpack_sharing_enabled":true,"_links":{"self":[{"href":"https:\/\/coopcabaces.coop\/fr\/wp-json\/wp\/v2\/pages\/4695","targetHints":{"allow":["GET"]}}],"collection":[{"href":"https:\/\/coopcabaces.coop\/fr\/wp-json\/wp\/v2\/pages"}],"about":[{"href":"https:\/\/coopcabaces.coop\/fr\/wp-json\/wp\/v2\/types\/page"}],"author":[{"embeddable":true,"href":"https:\/\/coopcabaces.coop\/fr\/wp-json\/wp\/v2\/users\/1"}],"replies":[{"embeddable":true,"href":"https:\/\/coopcabaces.coop\/fr\/wp-json\/wp\/v2\/comments?post=4695"}],"version-history":[{"count":5,"href":"https:\/\/coopcabaces.coop\/fr\/wp-json\/wp\/v2\/pages\/4695\/revisions"}],"predecessor-version":[{"id":8232,"href":"https:\/\/coopcabaces.coop\/fr\/wp-json\/wp\/v2\/pages\/4695\/revisions\/8232"}],"wp:attachment":[{"href":"https:\/\/coopcabaces.coop\/fr\/wp-json\/wp\/v2\/media?parent=4695"}],"curies":[{"name":"wp","href":"https:\/\/api.w.org\/{rel}","templated":true}]}}