{"id":4701,"date":"2022-01-28T21:20:18","date_gmt":"2022-01-28T19:20:18","guid":{"rendered":"https:\/\/coopcabaces.coop\/politique-de-confidentialite\/"},"modified":"2025-04-09T00:06:50","modified_gmt":"2025-04-08T22:06:50","slug":"politique-de-confidentialite","status":"publish","type":"page","link":"https:\/\/coopcabaces.coop\/fr\/politique-de-confidentialite\/","title":{"rendered":"Politique de confidentialit\u00e9"},"content":{"rendered":"\n<p>Conform\u00e9ment au r\u00e8glement (UE) 2016\/679 du Parlement europ\u00e9en et du Conseil, du 27 avril, relatif \u00e0 la protection des personnes physiques \u00e0 l&rsquo;\u00e9gard du traitement des donn\u00e9es \u00e0 caract\u00e8re personnel et \u00e0 la libre circulation de ces donn\u00e9es, et \u00e0 la l\u00e9gislation espagnole sur la protection des donn\u00e9es, la loi 3\/2018, du 5 d\u00e9cembre, sur la protection des donn\u00e9es et la garantie des droits num\u00e9riques, ainsi que la loi 34\/2002, du 11 juillet, sur les services de la soci\u00e9t\u00e9 de l&rsquo;information et du commerce \u00e9lectronique (LSSICE ou LSSI), l&rsquo;entit\u00e9 li\u00e9e ici vous informe du traitement des donn\u00e9es personnelles conform\u00e9ment \u00e0 la pr\u00e9sente politique de confidentialit\u00e9.<\/p>\n\n<p>L&rsquo;entit\u00e9 responsable de ce site Web, AGRICOLA I SECCIO DE CREDIT CABACES, SCCL, ci-apr\u00e8s, AGRICOLA I SC CABACES, met ce document \u00e0 la disposition des utilisateurs du site Web pour les informer de sa politique de confidentialit\u00e9 concernant la protection des donn\u00e9es personnelles.<\/p>\n\n<p>Toute personne qui acc\u00e8de \u00e0 ce site Web assume le r\u00f4le d&rsquo;utilisateur, s&rsquo;engageant \u00e0 respecter strictement les dispositions indiqu\u00e9es ici, ainsi que toute autre disposition l\u00e9gale pouvant \u00eatre applicable \u00e0 tout moment.<\/p>\n\n<p><strong>Responsable du traitement des donn\u00e9es<\/strong><\/p>\n\n<p>Identit\u00e9 du Responsable : AGRICOLA I SECCIO DE CREDIT CABACES, SCCL<\/p>\n\n<p>Nom commercial : AGRICOLA I SC CABACES<\/p>\n\n<p>NIF \/ CIF : F-43011600<\/p>\n\n<p>Adresse : Carrer Beat Joan d&rsquo;Organy\u00e0, 1, 43373-CABAC\u00c9S<\/p>\n\n<p>Courriel : <a href=\"mailto:info@coopcabaces.coop\">info@coopcabaces.coop<\/a><\/p>\n\n<p>Courriel pour exercer vos droits : <a href=\"mailto:rgpd@coopcabaces.coop\">rgpd@coopcabaces.coop<\/a><\/p>\n\n<p>Activit\u00e9 : Coop\u00e9rative agricole avec Section Cr\u00e9dit et boutique en ligne.<\/p>\n\n<p>  Inscrite au Registre des Coop\u00e9ratives de la Generalitat num\u00e9ro : 56.<\/p>\n\n<p>Aux fins des dispositions du R\u00e8glement g\u00e9n\u00e9ral sur la protection des donn\u00e9es (RGPD 2016\/679) et de la loi 3\/2018, du 5 d\u00e9cembre, sur la protection des donn\u00e9es et la garantie des droits num\u00e9riques, les donn\u00e9es personnelles que vous nous fournissez via les formulaires du site Web, l&rsquo;enregistrement des comptes clients et des commandes, les achats dans la boutique en ligne, etc. recevront le traitement des donn\u00e9es \u00ab utilisateur \u00bb.<\/p>\n\n<p><strong>Finalit\u00e9s du traitement des donn\u00e9es<\/strong><\/p>\n\n<p>Nous traitons les donn\u00e9es personnelles de nos contacts, partenaires, utilisateurs et clients afin de g\u00e9rer la relation avec notre entit\u00e9 et, en particulier, les aspects contractuels, l&rsquo;envoi d&rsquo;informations sur notre entit\u00e9 et le secteur, et l&rsquo;envoi de communications informatives et commerciales (\u00e9galement par voie \u00e9lectronique) et la vente des produits inclus dans le catalogue de la boutique en ligne.<\/p>\n\n<p>Toutes les donn\u00e9es que vous nous fournissez \u00e0 travers l&rsquo;inscription et la cr\u00e9ation d&rsquo;un compte utilisateur, la commande et\/ou les formulaires de contact, seront incorpor\u00e9es dans une base de donn\u00e9es appartenant \u00e0 AGRICOLA I SC CABACES afin de pouvoir g\u00e9rer la demande ou les commandes et leur collecte et, \u00e9galement, pour envoyer des informations sur les produits et services commercialis\u00e9s par AGRICOLA I SC CABACES, ainsi que pour l&rsquo;envoi de promotions commerciales d&rsquo;autres entreprises li\u00e9es aux secteurs susceptibles de vous int\u00e9resser.<\/p>\n\n<p><strong>Conservation des donn\u00e9es<\/strong><\/p>\n\n<p>Les donn\u00e9es personnelles des clients seront conserv\u00e9es pendant une dur\u00e9e de 5 ans conform\u00e9ment \u00e0 la r\u00e9glementation fiscale en vigueur.<\/p>\n\n<p>Les donn\u00e9es de contact seront conserv\u00e9es jusqu&rsquo;\u00e0 ce que leur suppression soit demand\u00e9e.<\/p>\n\n<p>Dans tous les cas, AGRICOLA I SC CABACES conservera vos donn\u00e9es personnelles aussi longtemps qu&rsquo;elles seront n\u00e9cessaires \u00e0 la fourniture des services contract\u00e9s, \u00e0 moins que nous ne soyons invit\u00e9s \u00e0 les supprimer. Toutefois, elles seront conserv\u00e9es pendant la dur\u00e9e n\u00e9cessaire au respect des obligations l\u00e9gales qui correspondent dans chaque cas en fonction du type de donn\u00e9es et de la finalit\u00e9 de leur collecte.<\/p>\n\n<p><strong>L\u00e9gitimation du traitement des donn\u00e9es<\/strong><\/p>\n\n<p>La base juridique du traitement de vos donn\u00e9es est dans la plupart des cas l&rsquo;existence d&rsquo;un contrat pr\u00e9alable avec AGRICOLA I SC CABACES, ou \u00e0 d\u00e9faut, le consentement expr\u00e8s de l&rsquo;utilisateur, accord\u00e9 dans les formulaires pouvant \u00eatre remplis et dans les commandes pass\u00e9es dans la boutique en ligne.<\/p>\n\n<p>L&rsquo;offre prospective ou commerciale de produits et services est fond\u00e9e sur le consentement sollicit\u00e9, sans qu&rsquo;en aucun cas le retrait de ce consentement conditionne l&rsquo;ex\u00e9cution de la vente.<\/p>\n\n<p>Le consentement \u00e0 recevoir des informations sur les produits commercialis\u00e9s par AGRICOLA I SC CABACES ou d&rsquo;autres soci\u00e9t\u00e9s s\u00e9lectionn\u00e9es par nous sera consid\u00e9r\u00e9 comme donn\u00e9 de mani\u00e8re manifeste et sans \u00e9quivoque en communiquant vos donn\u00e9es \u00e0 AGRICOLA I SC CABACES. Ces messages publicitaires peuvent \u00eatre envoy\u00e9s par tout moyen, y compris par des syst\u00e8mes d&rsquo;appel automatique par l&rsquo;interm\u00e9diaire de services de t\u00e9l\u00e9communications sans intervention humaine : SMS, MMS et messages \u00e9lectroniques. Nous vous informons que les donn\u00e9es que vous nous fournissez ne seront en aucun cas c\u00e9d\u00e9es \u00e0 des soci\u00e9t\u00e9s de publicit\u00e9.<\/p>\n\n<p>Sauf indication contraire expresse, il sera consid\u00e9r\u00e9 n\u00e9cessaire de compl\u00e9ter toutes les donn\u00e9es requises dans les formulaires et sections que vous trouverez sur ce site Web.<\/p>\n\n<p><strong>Destinataires<\/strong><\/p>\n\n<p>Les donn\u00e9es ne pourront \u00eatre communiqu\u00e9es qu&rsquo;aux organismes li\u00e9s \u00e0 AGRICOLA I SC CABACES dans le domaine de la gestion de ses produits et\/ou services aux m\u00eames fins vis\u00e9es ci-dessus, comme ce serait le cas des entreprises de transport, ainsi qu&rsquo;aux Administrations Publiques comp\u00e9tentes lorsque la r\u00e9glementation en vigueur l&rsquo;exige.<\/p>\n\n<p>Le personnel d&rsquo;AGRICOLA I SC CABACES pourra acc\u00e9der \u00e0 vos donn\u00e9es en fonction de chacune des finalit\u00e9s du traitement et avec les objectifs d\u00e9crits dans la pr\u00e9sente politique de confidentialit\u00e9. Tous les employ\u00e9s d&rsquo;AGRICOLA I SC CABACES ont \u00e9t\u00e9 form\u00e9s et inform\u00e9s de leurs responsabilit\u00e9s \u00e0 cet \u00e9gard et signent l&rsquo;accord de confidentialit\u00e9 et de bonnes pratiques correspondant. De m\u00eame, les organisations n\u00e9cessaires \u00e0 la bonne gestion de la prestation du service, telles que, par exemple, les fournisseurs informatiques et les gestionnaires de sites Web, les soci\u00e9t\u00e9s postales et de messagerie ou les soci\u00e9t\u00e9s de gestion des paiements, peuvent acc\u00e9der \u00e0 vos donn\u00e9es.<\/p>\n\n<p>AGRICOLA I SC CABACES a \u00e9tabli des contrats ou des accords contractuels et des mesures de s\u00e9curit\u00e9 avec ces tiers, pour garantir le niveau appropri\u00e9 de s\u00e9curit\u00e9 et de protection des donn\u00e9es personnelles.<\/p>\n\n<p><strong>Droits de l&rsquo;int\u00e9ress\u00e9<\/strong><\/p>\n\n<p>Vous pouvez demander \u00e0 tout moment l\u2019acc\u00e8s, la rectification, la suppression, la limitation du traitement, la portabilit\u00e9 et l\u2019opposition au traitement de vos donn\u00e9es.<\/p>\n\n<p>L&rsquo;utilisateur enregistr\u00e9 conserve \u00e0 tout moment la possibilit\u00e9 d&rsquo;exercer ses droits d&rsquo;acc\u00e8s, de rectification, d&rsquo;opposition, de suppression, de limitation du traitement, de portabilit\u00e9 ou d&rsquo;opposition au traitement de ses donn\u00e9es en envoyant un courrier \u00e9lectronique \u00e0 <a href=\"mailto:rgpd@coopcabaces.coop\">rgpd@coopcabaces.coop<\/a> ou un courrier postal \u00e0 Carrer Beat Joan d&rsquo;Organy\u00e0, 1 43373-Cabac\u00e9s, avec la mention RGPD et accompagn\u00e9 d&rsquo;un document prouvant son identit\u00e9.<\/p>\n\n<p>De m\u00eame, et conform\u00e9ment \u00e0 la loi 34\/2002, du 1er juillet, sur les services de la soci\u00e9t\u00e9 de l&rsquo;information et du commerce \u00e9lectronique, vous pouvez r\u00e9voquer \u00e0 tout moment le consentement donn\u00e9 \u00e0 la r\u00e9ception de communications commerciales. Vous pouvez \u00e9galement contacter l&rsquo;AEPD ( <a href=\"http:\/\/www.agpd.es\/\">www.agpd.es<\/a> ) si vos droits et libert\u00e9s ont \u00e9t\u00e9 viol\u00e9s. <\/p>\n\n<p><strong>Typologie des donn\u00e9es<\/strong><\/p>\n\n<p>Les donn\u00e9es d&rsquo;identification de base (nom, pr\u00e9nom, NIF), les donn\u00e9es de contact (adresse postale et \u00e9lectronique, num\u00e9ro de t\u00e9l\u00e9phone) et les donn\u00e9es bancaires (num\u00e9ro de carte de cr\u00e9dit) sont trait\u00e9es. Les cat\u00e9gories de donn\u00e9es sp\u00e9cialement prot\u00e9g\u00e9es ne sont pas trait\u00e9es.<\/p>\n\n<p>Les informations ne sont pas supprim\u00e9es, sauf si la suppression est demand\u00e9e par l&rsquo;utilisateur et, tant que cette suppression est appropri\u00e9e. Les informations sont toujours disponibles, bien qu&rsquo;elles puissent \u00eatre bloqu\u00e9es pour des envois informatifs, marketing et\/ou commerciaux, si l&rsquo;utilisateur a exerc\u00e9 ses droits de suppression, de limitation de traitement ou d&rsquo;opposition.<\/p>\n\n<p>Les donn\u00e9es personnelles qui seront trait\u00e9es seront les donn\u00e9es personnelles que l&rsquo;utilisateur a fournies \u00e0 AGRICOLA I SC CABACES lors du remplissage des formulaires de contact et des proc\u00e9dures d&rsquo;achat par tout autre moyen (Chat, WhatsApp, Telegram, t\u00e9l\u00e9phone, email).<\/p>\n\n<p>Toutefois, en cas d&rsquo;utilisation des r\u00e9seaux sociaux, la politique de confidentialit\u00e9 et de s\u00e9curit\u00e9 qui y est pr\u00e9vue sera applicable et AGRICOLA I SC CABACES n&rsquo;aura aucune responsabilit\u00e9 en mati\u00e8re de protection des donn\u00e9es. Dans le cas o\u00f9 des donn\u00e9es d&rsquo;utilisateur sont demand\u00e9es via un r\u00e9seau social, la politique de confidentialit\u00e9 applicable sera celle correspondant audit r\u00e9seau social.<\/p>\n\n<p><strong>Exactitude et v\u00e9racit\u00e9 des donn\u00e9es<\/strong><\/p>\n\n<p>En tant qu&rsquo;utilisateur, vous \u00eates seul responsable de la v\u00e9racit\u00e9 et de l&rsquo;exactitude des donn\u00e9es que vous nous fournissez, exon\u00e9rant AGRICOLA I SC CABACES de toute responsabilit\u00e9 \u00e0 cet \u00e9gard, y compris le fait que vous nous fournissiez des donn\u00e9es provenant de tiers.<\/p>\n\n<p>Les utilisateurs garantissent et sont responsables, dans tous les cas, de l&rsquo;exactitude, de la validit\u00e9 et de l&rsquo;authenticit\u00e9 des donn\u00e9es personnelles fournies, et s&rsquo;engagent \u00e0 les tenir d\u00fbment \u00e0 jour. L&rsquo;utilisateur s&rsquo;engage \u00e0 fournir des informations compl\u00e8tes et correctes dans le formulaire de contact ou d&rsquo;inscription, ainsi que dans l&rsquo;inscription de l&rsquo;utilisateur \u00e0 la boutique en ligne. Si vous fournissez des donn\u00e9es provenant de tiers, vous devez obtenir leur consentement pr\u00e9alable.<\/p>\n\n<p>Si vous nous fournissez des donn\u00e9es personnelles concernant une autre personne, vous serez responsable du respect de toutes les obligations de consentement et d\u2019information relatives \u00e0 la l\u00e9gislation applicable en mati\u00e8re de protection des donn\u00e9es et relatives \u00e0 cette divulgation. Dans la mesure requise par la l\u00e9gislation applicable en mati\u00e8re de protection des donn\u00e9es, vous devez vous assurer que vous avez d\u00fbment inform\u00e9 l\u2019autre personne et que vous avez son consentement.<\/p>\n\n<p>L&rsquo;insertion et la communication de donn\u00e9es personnelles de mineurs ne sont pas autoris\u00e9es sur ce site Web, ce qui exempte express\u00e9ment AGRICOLA I SC CABACES de toute r\u00e9clamation ou p\u00e9nalit\u00e9 \u00e9ventuelle d\u00e9riv\u00e9e de ce fait, assumant l&rsquo;utilisateur qui a livr\u00e9 et envoy\u00e9 les informations l&rsquo;enti\u00e8re responsabilit\u00e9 qui pourrait en r\u00e9sulter.<\/p>\n\n<p><strong>Politique de s\u00e9curit\u00e9 et d&rsquo;acc\u00e8s \u00e0 l&rsquo;information<\/strong><\/p>\n\n<p>L&rsquo;acc\u00e8s \u00e0 la base de donn\u00e9es est prot\u00e9g\u00e9 par un nom d&rsquo;utilisateur et un mot de passe. Dans le cas d&rsquo;un acc\u00e8s \u00e0 distance autoris\u00e9, cela se fait via des protocoles de communication SSL s\u00e9curis\u00e9s.<\/p>\n\n<p>Cependant, AGRICOLA I SC CABACES ne peut garantir l&rsquo;impr\u00e9gnation absolue du r\u00e9seau Internet et donc la violation des donn\u00e9es par acc\u00e8s frauduleux \u00e0 celui-ci par des tiers, et ne peut assumer aucune responsabilit\u00e9 pour ces attaques.<\/p>\n\n<p><strong>Politique de r\u00e9ponse aux incidents de s\u00e9curit\u00e9<\/strong><\/p>\n\n<p><a><\/a>  AGRICOLA I SC CABACES a adopt\u00e9 des mesures de protection techniques et organisationnelles appropri\u00e9es et ces mesures sont appliqu\u00e9es aux donn\u00e9es qui pourraient \u00eatre affect\u00e9es par d&rsquo;\u00e9ventuelles failles de s\u00e9curit\u00e9. Les donn\u00e9es des clients\/utilisateurs ne sont pas accessibles aux personnes qui ne sont pas autoris\u00e9es \u00e0 y acc\u00e9der. Dans le cas o\u00f9 AGRICOLA I SC CABACES identifie une violation de la s\u00e9curit\u00e9 des donn\u00e9es personnelles compromettant ses utilisateurs, l&rsquo;autorit\u00e9 comp\u00e9tente sera inform\u00e9e dans les 72 heures suivantes et les utilisateurs, le cas \u00e9ch\u00e9ant, dans les plus brefs d\u00e9lais.  <\/p>\n\n<p><strong>Courrier commercial<\/strong><\/p>\n\n<p>Conform\u00e9ment \u00e0 la LSSICE, AGRICOLA et SC CABACES, SCCL ne se livre pas \u00e0 des pratiques de spam, elle n&rsquo;enverra donc pas d&rsquo;e-mails commerciaux par voie \u00e9lectronique qui n&rsquo;ont pas \u00e9t\u00e9 pr\u00e9alablement demand\u00e9s ou autoris\u00e9s par l&rsquo;utilisateur. Par cons\u00e9quent, dans chacun des formulaires ins\u00e9r\u00e9s sur le site, l&rsquo;utilisateur a la possibilit\u00e9 de donner son consentement pour recevoir des informations commerciales.<\/p>\n\n<p>Conform\u00e9ment aux dispositions de la loi 34\/2002 du 1er juillet sur les services de la soci\u00e9t\u00e9 de l&rsquo;information et du commerce \u00e9lectronique, AGRICOLA I SC CABACES, SCCL s&rsquo;engage \u00e0 ne pas envoyer de communications commerciales sans les identifier correctement.<\/p>\n\n<p><strong>L\u00e9gislation applicable et juridiction<\/strong><\/p>\n\n<p>Toute controverse survenant dans l&rsquo;interpr\u00e9tation ou l&rsquo;ex\u00e9cution de la pr\u00e9sente politique de confidentialit\u00e9 sera interpr\u00e9t\u00e9e sur la base de la l\u00e9gislation espagnole. De m\u00eame, AGRICOLA I SC CABACES par l&rsquo;interm\u00e9diaire de sa repr\u00e9sentation l\u00e9gale et l&rsquo;utilisateur, renon\u00e7ant \u00e0 toute autre juridiction qui pourrait leur correspondre, se soumettent \u00e0 celle des Cours et Tribunaux de la ville de Tarragone.<\/p>\n\n<p><strong>Modifications de la politique de confidentialit\u00e9<\/strong><\/p>\n\n<p>AGRICOLA I SC CABACES se r\u00e9serve le droit de modifier cette politique pour l&rsquo;adapter \u00e0 la nouvelle l\u00e9gislation ou jurisprudence. Dans ces cas, AGRICOLA I SC CABACES annoncera sur cette page les modifications introduites avec indication de la date de la derni\u00e8re version.<\/p>\n\n<p>Version\u00a0: avril 2025<\/p>\n<p>[dkpdf-button]<\/p>\n","protected":false},"excerpt":{"rendered":"<p>Conform\u00e9ment au r\u00e8glement (UE) 2016\/679 du Parlement europ\u00e9en et du Conseil, du 27 avril, relatif \u00e0 la protection des personnes<\/p>\n","protected":false},"author":1,"featured_media":0,"parent":0,"menu_order":0,"comment_status":"closed","ping_status":"open","template":"","meta":{"footnotes":""},"class_list":["post-4701","page","type-page","status-publish","hentry"],"yoast_head":"<!-- This site is optimized with the Yoast SEO plugin v27.0 - https:\/\/yoast.com\/product\/yoast-seo-wordpress\/ -->\n<title>Politique de confidentialit\u00e9 - Cooperativa Cabac\u00e9s<\/title>\n<meta name=\"robots\" content=\"index, follow, max-snippet:-1, max-image-preview:large, max-video-preview:-1\" \/>\n<link rel=\"canonical\" href=\"https:\/\/coopcabaces.coop\/fr\/politique-de-confidentialite\/\" \/>\n<meta property=\"og:locale\" content=\"fr_FR\" \/>\n<meta property=\"og:type\" content=\"article\" \/>\n<meta property=\"og:title\" content=\"Politique de confidentialit\u00e9 - Cooperativa Cabac\u00e9s\" \/>\n<meta property=\"og:description\" content=\"Conform\u00e9ment au r\u00e8glement (UE) 2016\/679 du Parlement europ\u00e9en et du Conseil, du 27 avril, relatif \u00e0 la protection des personnes\" \/>\n<meta property=\"og:url\" content=\"https:\/\/coopcabaces.coop\/fr\/politique-de-confidentialite\/\" \/>\n<meta property=\"og:site_name\" content=\"Cooperativa Cabac\u00e9s\" \/>\n<meta property=\"article:modified_time\" content=\"2025-04-08T22:06:50+00:00\" \/>\n<meta name=\"twitter:card\" content=\"summary_large_image\" \/>\n<meta name=\"twitter:label1\" content=\"Dur\u00e9e de lecture estim\u00e9e\" \/>\n\t<meta name=\"twitter:data1\" content=\"10 minutes\" \/>\n<script type=\"application\/ld+json\" class=\"yoast-schema-graph\">{\"@context\":\"https:\/\/schema.org\",\"@graph\":[{\"@type\":\"WebPage\",\"@id\":\"https:\/\/coopcabaces.coop\/fr\/politique-de-confidentialite\/\",\"url\":\"https:\/\/coopcabaces.coop\/fr\/politique-de-confidentialite\/\",\"name\":\"Politique de confidentialit\u00e9 - Cooperativa Cabac\u00e9s\",\"isPartOf\":{\"@id\":\"https:\/\/coopcabaces.coop\/fr\/#website\"},\"datePublished\":\"2022-01-28T19:20:18+00:00\",\"dateModified\":\"2025-04-08T22:06:50+00:00\",\"breadcrumb\":{\"@id\":\"https:\/\/coopcabaces.coop\/fr\/politique-de-confidentialite\/#breadcrumb\"},\"inLanguage\":\"fr-FR\",\"potentialAction\":[{\"@type\":\"ReadAction\",\"target\":[\"https:\/\/coopcabaces.coop\/fr\/politique-de-confidentialite\/\"]}]},{\"@type\":\"BreadcrumbList\",\"@id\":\"https:\/\/coopcabaces.coop\/fr\/politique-de-confidentialite\/#breadcrumb\",\"itemListElement\":[{\"@type\":\"ListItem\",\"position\":1,\"name\":\"Inici\",\"item\":\"https:\/\/coopcabaces.coop\/fr\/debut\/\"},{\"@type\":\"ListItem\",\"position\":2,\"name\":\"Politique de confidentialit\u00e9\"}]},{\"@type\":\"WebSite\",\"@id\":\"https:\/\/coopcabaces.coop\/fr\/#website\",\"url\":\"https:\/\/coopcabaces.coop\/fr\/\",\"name\":\"Cooperativa Cabac\u00e9s\",\"description\":\"Oli d&#039;oliva verge extra Baronia de Cabac\u00e9s\",\"publisher\":{\"@id\":\"https:\/\/coopcabaces.coop\/fr\/#organization\"},\"potentialAction\":[{\"@type\":\"SearchAction\",\"target\":{\"@type\":\"EntryPoint\",\"urlTemplate\":\"https:\/\/coopcabaces.coop\/fr\/?s={search_term_string}\"},\"query-input\":{\"@type\":\"PropertyValueSpecification\",\"valueRequired\":true,\"valueName\":\"search_term_string\"}}],\"inLanguage\":\"fr-FR\"},{\"@type\":\"Organization\",\"@id\":\"https:\/\/coopcabaces.coop\/fr\/#organization\",\"name\":\"Agr\u00edcola i Secci\u00f3 de Cr\u00e8dit de Cabac\u00e9s, S.C.C.L.\",\"url\":\"https:\/\/coopcabaces.coop\/fr\/\",\"logo\":{\"@type\":\"ImageObject\",\"inLanguage\":\"fr-FR\",\"@id\":\"https:\/\/coopcabaces.coop\/fr\/#\/schema\/logo\/image\/\",\"url\":\"https:\/\/coopcabaces.coop\/wp-content\/uploads\/2021\/11\/cooperativa-cabaces-logo-1454943363.jpg\",\"contentUrl\":\"https:\/\/coopcabaces.coop\/wp-content\/uploads\/2021\/11\/cooperativa-cabaces-logo-1454943363.jpg\",\"width\":402,\"height\":132,\"caption\":\"Agr\u00edcola i Secci\u00f3 de Cr\u00e8dit de Cabac\u00e9s, S.C.C.L.\"},\"image\":{\"@id\":\"https:\/\/coopcabaces.coop\/fr\/#\/schema\/logo\/image\/\"},\"sameAs\":[\"https:\/\/instagram.com\/agr.isec.cre.decabaces\"]}]}<\/script>\n<!-- \/ Yoast SEO plugin. -->","yoast_head_json":{"title":"Politique de confidentialit\u00e9 - Cooperativa Cabac\u00e9s","robots":{"index":"index","follow":"follow","max-snippet":"max-snippet:-1","max-image-preview":"max-image-preview:large","max-video-preview":"max-video-preview:-1"},"canonical":"https:\/\/coopcabaces.coop\/fr\/politique-de-confidentialite\/","og_locale":"fr_FR","og_type":"article","og_title":"Politique de confidentialit\u00e9 - Cooperativa Cabac\u00e9s","og_description":"Conform\u00e9ment au r\u00e8glement (UE) 2016\/679 du Parlement europ\u00e9en et du Conseil, du 27 avril, relatif \u00e0 la protection des personnes","og_url":"https:\/\/coopcabaces.coop\/fr\/politique-de-confidentialite\/","og_site_name":"Cooperativa Cabac\u00e9s","article_modified_time":"2025-04-08T22:06:50+00:00","twitter_card":"summary_large_image","twitter_misc":{"Dur\u00e9e de lecture estim\u00e9e":"10 minutes"},"schema":{"@context":"https:\/\/schema.org","@graph":[{"@type":"WebPage","@id":"https:\/\/coopcabaces.coop\/fr\/politique-de-confidentialite\/","url":"https:\/\/coopcabaces.coop\/fr\/politique-de-confidentialite\/","name":"Politique de confidentialit\u00e9 - Cooperativa Cabac\u00e9s","isPartOf":{"@id":"https:\/\/coopcabaces.coop\/fr\/#website"},"datePublished":"2022-01-28T19:20:18+00:00","dateModified":"2025-04-08T22:06:50+00:00","breadcrumb":{"@id":"https:\/\/coopcabaces.coop\/fr\/politique-de-confidentialite\/#breadcrumb"},"inLanguage":"fr-FR","potentialAction":[{"@type":"ReadAction","target":["https:\/\/coopcabaces.coop\/fr\/politique-de-confidentialite\/"]}]},{"@type":"BreadcrumbList","@id":"https:\/\/coopcabaces.coop\/fr\/politique-de-confidentialite\/#breadcrumb","itemListElement":[{"@type":"ListItem","position":1,"name":"Inici","item":"https:\/\/coopcabaces.coop\/fr\/debut\/"},{"@type":"ListItem","position":2,"name":"Politique de confidentialit\u00e9"}]},{"@type":"WebSite","@id":"https:\/\/coopcabaces.coop\/fr\/#website","url":"https:\/\/coopcabaces.coop\/fr\/","name":"Cooperativa Cabac\u00e9s","description":"Oli d&#039;oliva verge extra Baronia de Cabac\u00e9s","publisher":{"@id":"https:\/\/coopcabaces.coop\/fr\/#organization"},"potentialAction":[{"@type":"SearchAction","target":{"@type":"EntryPoint","urlTemplate":"https:\/\/coopcabaces.coop\/fr\/?s={search_term_string}"},"query-input":{"@type":"PropertyValueSpecification","valueRequired":true,"valueName":"search_term_string"}}],"inLanguage":"fr-FR"},{"@type":"Organization","@id":"https:\/\/coopcabaces.coop\/fr\/#organization","name":"Agr\u00edcola i Secci\u00f3 de Cr\u00e8dit de Cabac\u00e9s, S.C.C.L.","url":"https:\/\/coopcabaces.coop\/fr\/","logo":{"@type":"ImageObject","inLanguage":"fr-FR","@id":"https:\/\/coopcabaces.coop\/fr\/#\/schema\/logo\/image\/","url":"https:\/\/coopcabaces.coop\/wp-content\/uploads\/2021\/11\/cooperativa-cabaces-logo-1454943363.jpg","contentUrl":"https:\/\/coopcabaces.coop\/wp-content\/uploads\/2021\/11\/cooperativa-cabaces-logo-1454943363.jpg","width":402,"height":132,"caption":"Agr\u00edcola i Secci\u00f3 de Cr\u00e8dit de Cabac\u00e9s, S.C.C.L."},"image":{"@id":"https:\/\/coopcabaces.coop\/fr\/#\/schema\/logo\/image\/"},"sameAs":["https:\/\/instagram.com\/agr.isec.cre.decabaces"]}]}},"jetpack_sharing_enabled":true,"_links":{"self":[{"href":"https:\/\/coopcabaces.coop\/fr\/wp-json\/wp\/v2\/pages\/4701","targetHints":{"allow":["GET"]}}],"collection":[{"href":"https:\/\/coopcabaces.coop\/fr\/wp-json\/wp\/v2\/pages"}],"about":[{"href":"https:\/\/coopcabaces.coop\/fr\/wp-json\/wp\/v2\/types\/page"}],"author":[{"embeddable":true,"href":"https:\/\/coopcabaces.coop\/fr\/wp-json\/wp\/v2\/users\/1"}],"replies":[{"embeddable":true,"href":"https:\/\/coopcabaces.coop\/fr\/wp-json\/wp\/v2\/comments?post=4701"}],"version-history":[{"count":2,"href":"https:\/\/coopcabaces.coop\/fr\/wp-json\/wp\/v2\/pages\/4701\/revisions"}],"predecessor-version":[{"id":8229,"href":"https:\/\/coopcabaces.coop\/fr\/wp-json\/wp\/v2\/pages\/4701\/revisions\/8229"}],"wp:attachment":[{"href":"https:\/\/coopcabaces.coop\/fr\/wp-json\/wp\/v2\/media?parent=4701"}],"curies":[{"name":"wp","href":"https:\/\/api.w.org\/{rel}","templated":true}]}}