{"id":4705,"date":"2022-01-30T21:35:02","date_gmt":"2022-01-30T19:35:02","guid":{"rendered":"https:\/\/coopcabaces.coop\/condition-dutilisation\/"},"modified":"2025-04-09T00:02:59","modified_gmt":"2025-04-08T22:02:59","slug":"condition-dutilisation","status":"publish","type":"page","link":"https:\/\/coopcabaces.coop\/fr\/condition-dutilisation\/","title":{"rendered":"Conditions d&rsquo;utilisation"},"content":{"rendered":"\n<p><strong>CONDITIONS D&rsquo;UTILISATION<\/strong><\/p>\n\n<p><a><\/a>  Conform\u00e9ment \u00e0 l&rsquo;art. 10 LSSICE, le prestataire de services de la soci\u00e9t\u00e9 de l&rsquo;information, porte \u00e0 votre connaissance les informations suivantes : <\/p>\n\n<p>Identit\u00e9 du Responsable : AGRICOLA I SECCIO DE CREDIT CABACES, SCCL<\/p>\n\n<p>NIF \/ CIF : F-43011600<\/p>\n\n<p>Adresse : Carrer Beat Joan d&rsquo;Organy\u00e0, 1, 43373-CABAC\u00c9S<\/p>\n\n<p>Courriel : <a href=\"mailto:info@coopcabaces.coop\">info@coopcabaces.coop<\/a><\/p>\n\n<p>Courriel pour exercer vos droits : <a href=\"mailto:rgpd@coopcabaces.coop\">rgpd@coopcabaces.coop<\/a><\/p>\n\n<p>Inscrite au Registre des Coop\u00e9ratives de la Generalitat num\u00e9ro : 56<\/p>\n\n<p>Num\u00e9ro d&rsquo;enregistrement RIA (alimentaire) : 16-04289\/CAT<\/p>\n\n<p><strong>Acceptation de l&rsquo;utilisateur<\/strong><\/p>\n\n<p>Le pr\u00e9sent document (ci-apr\u00e8s d\u00e9nomm\u00e9 \u00ab Conditions d&rsquo;utilisation \u00bb) vise \u00e0 r\u00e9glementer l&rsquo;utilisation du site Web qu&rsquo;AGRICOLA I SECCIO DE CREDIT CABACES, SCCL (ci-apr\u00e8s, \u00ab AGRICOLA I SC CABACES \u00bb) met \u00e0 la disposition du public \u00e0 l&rsquo;adresse <a href=\"https:\/\/coopcabaces.coop\/fr\/\">https:\/\/coopcabaces.coop<\/a> .<\/p>\n\n<p>Les droits de propri\u00e9t\u00e9 intellectuelle de ce site Web, des bases de donn\u00e9es et des diff\u00e9rents \u00e9l\u00e9ments qu&rsquo;ils contiennent sont la propri\u00e9t\u00e9 d&rsquo;AGRICOLA I SC CABACES, qui a le droit exclusif d&rsquo;exploiter les droits du site Web lui-m\u00eame et, en particulier, ceux de reproduction, distribution, communication publique, maintenance et transformation.<\/p>\n\n<p>L&rsquo;utilisation du site Web par un tiers attribue la condition d&rsquo;utilisateur et implique l&rsquo;acceptation compl\u00e8te par ledit utilisateur de chacune des conditions \u00e9tablies dans les pr\u00e9sentes Conditions d&rsquo;Utilisation.<\/p>\n\n<p><strong>Utilisation correcte du site Web<\/strong><\/p>\n\n<p>L&rsquo;utilisateur s&rsquo;engage \u00e0 utiliser le site Web, les contenus et les services conform\u00e9ment \u00e0 la Loi, aux pr\u00e9sentes Conditions d&rsquo;Utilisation, \u00e0 la Politique de Confidentialit\u00e9, aux bonnes pratiques et \u00e0 l&rsquo;ordre public. De m\u00eame, l&rsquo;utilisateur s&rsquo;engage \u00e0 ne pas utiliser le site Web ou les services fournis par son interm\u00e9diaire \u00e0 des fins illicites ou contraires au contenu de la pr\u00e9sente politique de confidentialit\u00e9, qui portent atteinte aux int\u00e9r\u00eats ou aux droits de tiers, ou qui peuvent de quelque mani\u00e8re que ce soit endommager, rendre inutilisable ou d\u00e9t\u00e9riorer le site Web lui-m\u00eame ou ses services ou emp\u00eacher d&rsquo;autres utilisateurs de faire un usage satisfaisant du site Web.<\/p>\n\n<p>De m\u00eame, l&rsquo;utilisateur s&rsquo;engage express\u00e9ment \u00e0 ne pas d\u00e9truire, alt\u00e9rer, rendre inutilisables ou, de toute autre mani\u00e8re, endommager les donn\u00e9es, programmes ou documents \u00e9lectroniques et autres contenus sur ce site Web.<\/p>\n\n<p>L&rsquo;utilisateur s&rsquo;engage \u00e0 ne pas entraver l&rsquo;acc\u00e8s des autres utilisateurs au service par la consommation massive des ressources informatiques \u00e0 travers lesquelles AGRICOLA I SC CABACES fournit les services, ainsi qu&rsquo;\u00e0 ne pas effectuer d&rsquo;actions qui endommagent, interrompent ou g\u00e9n\u00e8rent des erreurs dans les syst\u00e8mes susmentionn\u00e9s.<\/p>\n\n<p>L&rsquo;utilisateur s&rsquo;engage \u00e0 ne pas introduire de programmes, virus, macro-instructions, mini-applications, contr\u00f4les de tout type ou tout autre dispositif logique ou s\u00e9quence de caract\u00e8res qui provoquent ou peuvent provoquer tout type d&rsquo;alt\u00e9ration dans les syst\u00e8mes informatiques d&rsquo;AGRICOLA I SC CABACES ou de tiers ou, le cas \u00e9ch\u00e9ant, violent les droits de propri\u00e9t\u00e9 intellectuelle ou industrielle.<\/p>\n\n<p>L&rsquo;utilisateur s&rsquo;engage \u00e0 ne pas faire un usage abusif des informations, messages, graphiques, dessins, fichiers sonores et\/ou d&rsquo;images, photographies, programmes et, en g\u00e9n\u00e9ral, de tout type de mat\u00e9riel accessible via ce site Web ou les services qu&rsquo;il propose.<\/p>\n\n<p>Ce site Web dispose d&rsquo;un syst\u00e8me automatis\u00e9 de d\u00e9tection des commentaires ind\u00e9sirables via <a href=\"https:\/\/jetpack.com\/\">https:\/\/jetpack.com\/<\/a><\/p>\n\n<p>Il n&rsquo;est pas permis, sauf dans les cas o\u00f9 AGRICOLA I SC CABACES l&rsquo;autorise express\u00e9ment, d&rsquo;\u00e9tablir des liens depuis des portails ou des sites Web tiers vers des pages Web d&rsquo;AGRICOLA I SC CABACES, autres que la page principale de son portail, accessible \u00e0 l&rsquo;adresse URL <a href=\"https:\/\/coopcabaces.coop\/fr\/\">https:\/\/coopcabaces.coop<\/a> , ni de pr\u00e9senter les pages Web d&rsquo;AGRICOLA I SC CABACES ou les informations qu&rsquo;elles contiennent sous des cadres, des signes distinctifs, des marques ou des noms sociaux ou commerciaux d&rsquo;une autre personne, entreprise ou entit\u00e9.<\/p>\n\n<p><strong>Propri\u00e9t\u00e9 intellectuelle et industrielle<\/strong><\/p>\n\n<p>Ce site Web et tout son contenu, y compris les textes, documents, photographies, dessins, repr\u00e9sentations graphiques, bases de donn\u00e9es, programmes informatiques, ainsi que les logos, marques, noms commerciaux et autres signes distinctifs sont la propri\u00e9t\u00e9 d&rsquo;AGRICOLA I SC CABACES ou de tiers qui ont autoris\u00e9 son utilisation.<\/p>\n\n<p><strong>Tous droits r\u00e9serv\u00e9s.<\/strong><\/p>\n\n<p>En vertu des dispositions de l&rsquo;art. 8 et 32.1, deuxi\u00e8me paragraphe, de la Loi sur la Propri\u00e9t\u00e9 Intellectuelle, la reproduction, la distribution et la communication publique, y compris son mode de mise \u00e0 disposition, de tout ou partie du contenu de ce site Web, \u00e0 des fins commerciales, sur tout support et par tout moyen technique, sans l&rsquo;autorisation d&rsquo;AGRICOLA I SC CABACES, sont express\u00e9ment interdites.<\/p>\n\n<p>L&rsquo;utilisateur s&rsquo;engage \u00e0 respecter les droits de propri\u00e9t\u00e9 intellectuelle et industrielle d\u00e9tenus par AGRICOLA I SC CABACES. Vous pourrez visualiser les \u00e9l\u00e9ments du portail et m\u00eame les imprimer, les copier et les stocker sur le disque dur de votre ordinateur ou sur tout autre support physique \u00e0 condition que ce soit, uniquement et exclusivement, pour votre usage personnel et priv\u00e9. L&rsquo;Utilisateur doit s&rsquo;abstenir de supprimer, d&rsquo;alt\u00e9rer, d&rsquo;\u00e9luder ou de manipuler tout dispositif de protection ou syst\u00e8me de s\u00e9curit\u00e9 qui pourrait \u00eatre install\u00e9 sur les pages d&rsquo;AGRICOLA I SC CABACES.<\/p>\n\n<p><strong>Exclusion de garanties et de responsabilit\u00e9<\/strong><\/p>\n\n<p>AGRICOLA I SC CABACES n&rsquo;est en aucun cas responsable des dommages de toute nature qui pourraient \u00eatre caus\u00e9s, \u00e0 titre d&rsquo;exemple : erreurs ou omissions dans le contenu, manque de disponibilit\u00e9 du portail ou transmission de virus ou de programmes malveillants ou nuisibles dans le contenu, malgr\u00e9 avoir adopt\u00e9 toutes les mesures technologiques n\u00e9cessaires pour l&rsquo;\u00e9viter.<\/p>\n\n<p>\u2022 Responsabilit\u00e9 d&rsquo;AGRICOLA I SC CABACES pour l&rsquo;utilisation du site Web<\/p>\n\n<p>L&rsquo;utilisateur est seul responsable des infractions qui pourraient \u00eatre commises et des dommages qui pourraient \u00eatre caus\u00e9s ou qui seront caus\u00e9s par l&rsquo;utilisation de ce site Web. De son c\u00f4t\u00e9, AGRICOLA I SC CABACES est exon\u00e9r\u00e9e de toute responsabilit\u00e9 pouvant d\u00e9couler des actions de l&rsquo;utilisateur.<\/p>\n\n<p>L&rsquo;utilisateur sera seul responsable de toute r\u00e9clamation ou action l\u00e9gale, judiciaire ou extrajudiciaire initi\u00e9e par des tiers contre AGRICOLA I SC CABACES, fond\u00e9e sur l&rsquo;utilisation du site Web par l&rsquo;utilisateur. Le cas \u00e9ch\u00e9ant, l&rsquo;utilisateur assumera tous les frais, co\u00fbts et indemnisations r\u00e9clam\u00e9s \u00e0 AGRICOLA I SC CABACES en raison de r\u00e9clamations ou d&rsquo;actions en justice qui lui sont attribu\u00e9es.<\/p>\n\n<p>\u2022 Responsabilit\u00e9 d&rsquo;AGRICOLA I SC CABACES pour le fonctionnement du site Web<\/p>\n\n<p>Ce site Web a \u00e9t\u00e9 examin\u00e9 et test\u00e9 pour garantir son bon fonctionnement. En principe, un fonctionnement quotidien correct peut \u00eatre garanti. Toutefois, il ne peut \u00eatre exclu que des circonstances surviennent, telles que des erreurs de programmation, des interruptions de service pour effectuer des t\u00e2ches de maintenance, ou que des \u00e9v\u00e9nements ind\u00e9pendants de sa volont\u00e9 se produisent, tels que des causes de force majeure, des catastrophes naturelles, des actions de pirates informatiques ou de crackers, ou des circonstances similaires qui rendent l&rsquo;acc\u00e8s au site Web impossible.<\/p>\n\n<p>\u2022 Responsabilit\u00e9 d&rsquo;AGRICOLA I SC CABACES pour les liens du site Web<\/p>\n\n<p>Depuis le site Web, il est possible d&rsquo;\u00eatre redirig\u00e9 vers du contenu tiers. \u00c9tant donn\u00e9 qu&rsquo;AGRICOLA I SC CABACES ne peut pas toujours contr\u00f4ler le contenu introduit par des tiers sur son site Web, la coop\u00e9rative n&rsquo;assume aucun type de responsabilit\u00e9 \u00e0 l&rsquo;\u00e9gard de ce contenu. Dans tous les cas, tout lien qui pourrait contrevenir \u00e0 la l\u00e9gislation nationale ou internationale, \u00e0 la morale ou \u00e0 l&rsquo;ordre public sera imm\u00e9diatement supprim\u00e9, en proc\u00e9dant \u00e0 la suppression imm\u00e9diate de la redirection vers ledit site Web et en informant les autorit\u00e9s comp\u00e9tentes du contenu en question.<\/p>\n\n<p><strong>Navigation<\/strong><\/p>\n\n<p>Lors de la navigation sur le Web, des donn\u00e9es non identifiables peuvent \u00eatre collect\u00e9es, qui peuvent inclure des adresses IP, une localisation g\u00e9ographique (approximative), un enregistrement de la mani\u00e8re dont les services et les sites Web sont utilis\u00e9s et d&rsquo;autres donn\u00e9es qui ne peuvent pas \u00eatre utilis\u00e9es pour identifier l&rsquo;utilisateur. Les donn\u00e9es non identifiantes incluent \u00e9galement les donn\u00e9es relatives \u00e0 vos habitudes de navigation via des services tiers. Ce site Web utilise les services d&rsquo;analyse propres et tiers suivants :<\/p>\n\n<p>\u2022 Matomo (propre)<\/p>\n\n<p>Nous utilisons ces informations pour analyser les tendances, administrer le site, suivre les mouvements des utilisateurs sur le site et recueillir des informations d\u00e9mographiques sur notre base d&rsquo;utilisateurs dans son ensemble.<\/p>\n\n<p>\u2022 Jetpack (tiers)<\/p>\n\n<p>Nous utilisons ces informations pour analyser et d\u00e9tecter automatiquement les spams dans les commentaires et autres formulaires et les supprimer.<\/p>\n\n<p>Version\u00a0: avril 2025<\/p>\n<p>[dkpdf-button]<\/p>\n","protected":false},"excerpt":{"rendered":"<p>CONDITIONS D&rsquo;UTILISATION Conform\u00e9ment \u00e0 l&rsquo;art. 10 LSSICE, le prestataire de services de la soci\u00e9t\u00e9 de l&rsquo;information, porte \u00e0 votre connaissance<\/p>\n","protected":false},"author":1,"featured_media":0,"parent":0,"menu_order":0,"comment_status":"closed","ping_status":"closed","template":"","meta":{"footnotes":""},"class_list":["post-4705","page","type-page","status-publish","hentry"],"yoast_head":"<!-- This site is optimized with the Yoast SEO plugin v27.0 - https:\/\/yoast.com\/product\/yoast-seo-wordpress\/ -->\n<title>Conditions d&#039;utilisation - Cooperativa Cabac\u00e9s<\/title>\n<meta name=\"robots\" content=\"index, follow, max-snippet:-1, max-image-preview:large, max-video-preview:-1\" \/>\n<link rel=\"canonical\" href=\"https:\/\/coopcabaces.coop\/fr\/condition-dutilisation\/\" \/>\n<meta property=\"og:locale\" content=\"fr_FR\" \/>\n<meta property=\"og:type\" content=\"article\" \/>\n<meta property=\"og:title\" content=\"Conditions d&#039;utilisation - Cooperativa Cabac\u00e9s\" \/>\n<meta property=\"og:description\" content=\"CONDITIONS D&rsquo;UTILISATION Conform\u00e9ment \u00e0 l&rsquo;art. 10 LSSICE, le prestataire de services de la soci\u00e9t\u00e9 de l&rsquo;information, porte \u00e0 votre connaissance\" \/>\n<meta property=\"og:url\" content=\"https:\/\/coopcabaces.coop\/fr\/condition-dutilisation\/\" \/>\n<meta property=\"og:site_name\" content=\"Cooperativa Cabac\u00e9s\" \/>\n<meta property=\"article:modified_time\" content=\"2025-04-08T22:02:59+00:00\" \/>\n<meta name=\"twitter:card\" content=\"summary_large_image\" \/>\n<meta name=\"twitter:label1\" content=\"Dur\u00e9e de lecture estim\u00e9e\" \/>\n\t<meta name=\"twitter:data1\" content=\"7 minutes\" \/>\n<script type=\"application\/ld+json\" class=\"yoast-schema-graph\">{\"@context\":\"https:\/\/schema.org\",\"@graph\":[{\"@type\":\"WebPage\",\"@id\":\"https:\/\/coopcabaces.coop\/fr\/condition-dutilisation\/\",\"url\":\"https:\/\/coopcabaces.coop\/fr\/condition-dutilisation\/\",\"name\":\"Conditions d'utilisation - Cooperativa Cabac\u00e9s\",\"isPartOf\":{\"@id\":\"https:\/\/coopcabaces.coop\/fr\/#website\"},\"datePublished\":\"2022-01-30T19:35:02+00:00\",\"dateModified\":\"2025-04-08T22:02:59+00:00\",\"breadcrumb\":{\"@id\":\"https:\/\/coopcabaces.coop\/fr\/condition-dutilisation\/#breadcrumb\"},\"inLanguage\":\"fr-FR\",\"potentialAction\":[{\"@type\":\"ReadAction\",\"target\":[\"https:\/\/coopcabaces.coop\/fr\/condition-dutilisation\/\"]}]},{\"@type\":\"BreadcrumbList\",\"@id\":\"https:\/\/coopcabaces.coop\/fr\/condition-dutilisation\/#breadcrumb\",\"itemListElement\":[{\"@type\":\"ListItem\",\"position\":1,\"name\":\"Inici\",\"item\":\"https:\/\/coopcabaces.coop\/fr\/debut\/\"},{\"@type\":\"ListItem\",\"position\":2,\"name\":\"Conditions d&#8217;utilisation\"}]},{\"@type\":\"WebSite\",\"@id\":\"https:\/\/coopcabaces.coop\/fr\/#website\",\"url\":\"https:\/\/coopcabaces.coop\/fr\/\",\"name\":\"Cooperativa Cabac\u00e9s\",\"description\":\"Oli d&#039;oliva verge extra Baronia de Cabac\u00e9s\",\"publisher\":{\"@id\":\"https:\/\/coopcabaces.coop\/fr\/#organization\"},\"potentialAction\":[{\"@type\":\"SearchAction\",\"target\":{\"@type\":\"EntryPoint\",\"urlTemplate\":\"https:\/\/coopcabaces.coop\/fr\/?s={search_term_string}\"},\"query-input\":{\"@type\":\"PropertyValueSpecification\",\"valueRequired\":true,\"valueName\":\"search_term_string\"}}],\"inLanguage\":\"fr-FR\"},{\"@type\":\"Organization\",\"@id\":\"https:\/\/coopcabaces.coop\/fr\/#organization\",\"name\":\"Agr\u00edcola i Secci\u00f3 de Cr\u00e8dit de Cabac\u00e9s, S.C.C.L.\",\"url\":\"https:\/\/coopcabaces.coop\/fr\/\",\"logo\":{\"@type\":\"ImageObject\",\"inLanguage\":\"fr-FR\",\"@id\":\"https:\/\/coopcabaces.coop\/fr\/#\/schema\/logo\/image\/\",\"url\":\"https:\/\/coopcabaces.coop\/wp-content\/uploads\/2021\/11\/cooperativa-cabaces-logo-1454943363.jpg\",\"contentUrl\":\"https:\/\/coopcabaces.coop\/wp-content\/uploads\/2021\/11\/cooperativa-cabaces-logo-1454943363.jpg\",\"width\":402,\"height\":132,\"caption\":\"Agr\u00edcola i Secci\u00f3 de Cr\u00e8dit de Cabac\u00e9s, S.C.C.L.\"},\"image\":{\"@id\":\"https:\/\/coopcabaces.coop\/fr\/#\/schema\/logo\/image\/\"},\"sameAs\":[\"https:\/\/instagram.com\/agr.isec.cre.decabaces\"]}]}<\/script>\n<!-- \/ Yoast SEO plugin. -->","yoast_head_json":{"title":"Conditions d'utilisation - Cooperativa Cabac\u00e9s","robots":{"index":"index","follow":"follow","max-snippet":"max-snippet:-1","max-image-preview":"max-image-preview:large","max-video-preview":"max-video-preview:-1"},"canonical":"https:\/\/coopcabaces.coop\/fr\/condition-dutilisation\/","og_locale":"fr_FR","og_type":"article","og_title":"Conditions d'utilisation - Cooperativa Cabac\u00e9s","og_description":"CONDITIONS D&rsquo;UTILISATION Conform\u00e9ment \u00e0 l&rsquo;art. 10 LSSICE, le prestataire de services de la soci\u00e9t\u00e9 de l&rsquo;information, porte \u00e0 votre connaissance","og_url":"https:\/\/coopcabaces.coop\/fr\/condition-dutilisation\/","og_site_name":"Cooperativa Cabac\u00e9s","article_modified_time":"2025-04-08T22:02:59+00:00","twitter_card":"summary_large_image","twitter_misc":{"Dur\u00e9e de lecture estim\u00e9e":"7 minutes"},"schema":{"@context":"https:\/\/schema.org","@graph":[{"@type":"WebPage","@id":"https:\/\/coopcabaces.coop\/fr\/condition-dutilisation\/","url":"https:\/\/coopcabaces.coop\/fr\/condition-dutilisation\/","name":"Conditions d'utilisation - Cooperativa Cabac\u00e9s","isPartOf":{"@id":"https:\/\/coopcabaces.coop\/fr\/#website"},"datePublished":"2022-01-30T19:35:02+00:00","dateModified":"2025-04-08T22:02:59+00:00","breadcrumb":{"@id":"https:\/\/coopcabaces.coop\/fr\/condition-dutilisation\/#breadcrumb"},"inLanguage":"fr-FR","potentialAction":[{"@type":"ReadAction","target":["https:\/\/coopcabaces.coop\/fr\/condition-dutilisation\/"]}]},{"@type":"BreadcrumbList","@id":"https:\/\/coopcabaces.coop\/fr\/condition-dutilisation\/#breadcrumb","itemListElement":[{"@type":"ListItem","position":1,"name":"Inici","item":"https:\/\/coopcabaces.coop\/fr\/debut\/"},{"@type":"ListItem","position":2,"name":"Conditions d&#8217;utilisation"}]},{"@type":"WebSite","@id":"https:\/\/coopcabaces.coop\/fr\/#website","url":"https:\/\/coopcabaces.coop\/fr\/","name":"Cooperativa Cabac\u00e9s","description":"Oli d&#039;oliva verge extra Baronia de Cabac\u00e9s","publisher":{"@id":"https:\/\/coopcabaces.coop\/fr\/#organization"},"potentialAction":[{"@type":"SearchAction","target":{"@type":"EntryPoint","urlTemplate":"https:\/\/coopcabaces.coop\/fr\/?s={search_term_string}"},"query-input":{"@type":"PropertyValueSpecification","valueRequired":true,"valueName":"search_term_string"}}],"inLanguage":"fr-FR"},{"@type":"Organization","@id":"https:\/\/coopcabaces.coop\/fr\/#organization","name":"Agr\u00edcola i Secci\u00f3 de Cr\u00e8dit de Cabac\u00e9s, S.C.C.L.","url":"https:\/\/coopcabaces.coop\/fr\/","logo":{"@type":"ImageObject","inLanguage":"fr-FR","@id":"https:\/\/coopcabaces.coop\/fr\/#\/schema\/logo\/image\/","url":"https:\/\/coopcabaces.coop\/wp-content\/uploads\/2021\/11\/cooperativa-cabaces-logo-1454943363.jpg","contentUrl":"https:\/\/coopcabaces.coop\/wp-content\/uploads\/2021\/11\/cooperativa-cabaces-logo-1454943363.jpg","width":402,"height":132,"caption":"Agr\u00edcola i Secci\u00f3 de Cr\u00e8dit de Cabac\u00e9s, S.C.C.L."},"image":{"@id":"https:\/\/coopcabaces.coop\/fr\/#\/schema\/logo\/image\/"},"sameAs":["https:\/\/instagram.com\/agr.isec.cre.decabaces"]}]}},"jetpack_sharing_enabled":true,"_links":{"self":[{"href":"https:\/\/coopcabaces.coop\/fr\/wp-json\/wp\/v2\/pages\/4705","targetHints":{"allow":["GET"]}}],"collection":[{"href":"https:\/\/coopcabaces.coop\/fr\/wp-json\/wp\/v2\/pages"}],"about":[{"href":"https:\/\/coopcabaces.coop\/fr\/wp-json\/wp\/v2\/types\/page"}],"author":[{"embeddable":true,"href":"https:\/\/coopcabaces.coop\/fr\/wp-json\/wp\/v2\/users\/1"}],"replies":[{"embeddable":true,"href":"https:\/\/coopcabaces.coop\/fr\/wp-json\/wp\/v2\/comments?post=4705"}],"version-history":[{"count":3,"href":"https:\/\/coopcabaces.coop\/fr\/wp-json\/wp\/v2\/pages\/4705\/revisions"}],"predecessor-version":[{"id":8225,"href":"https:\/\/coopcabaces.coop\/fr\/wp-json\/wp\/v2\/pages\/4705\/revisions\/8225"}],"wp:attachment":[{"href":"https:\/\/coopcabaces.coop\/fr\/wp-json\/wp\/v2\/media?parent=4705"}],"curies":[{"name":"wp","href":"https:\/\/api.w.org\/{rel}","templated":true}]}}