{"id":4544,"date":"2021-11-10T20:25:42","date_gmt":"2021-11-10T18:25:42","guid":{"rendered":"https:\/\/coopcabaces.coop\/producte\/carton-de-6-unites-de-500ml\/"},"modified":"2025-04-08T23:39:40","modified_gmt":"2025-04-08T21:39:40","slug":"carton-de-6-unites-de-500ml","status":"publish","type":"product","link":"https:\/\/coopcabaces.coop\/fr\/product\/carton-de-6-unites-de-500ml\/","title":{"rendered":"Caisse de 6 unit\u00e9s de 500ml"},"content":{"rendered":"\t\t<div data-elementor-type=\"wp-post\" data-elementor-id=\"4544\" class=\"elementor elementor-4544 elementor-2127\">\n\t\t\t\t\t\t<section class=\"wd-negative-gap elementor-section elementor-top-section elementor-element elementor-element-10a8df3 elementor-section-boxed elementor-section-height-default elementor-section-height-default\" data-id=\"10a8df3\" data-element_type=\"section\" data-e-type=\"section\">\n\t\t\t\t\t\t<div class=\"elementor-container elementor-column-gap-default\">\n\t\t\t\t\t<div class=\"elementor-column elementor-col-33 elementor-top-column elementor-element elementor-element-33afcdb\" data-id=\"33afcdb\" data-element_type=\"column\" data-e-type=\"column\">\n\t\t\t<div class=\"elementor-widget-wrap elementor-element-populated\">\n\t\t\t\t\t\t<div class=\"elementor-element elementor-element-22b5693 elementor-widget elementor-widget-wd_infobox\" data-id=\"22b5693\" data-element_type=\"widget\" data-e-type=\"widget\" data-widget_type=\"wd_infobox.default\">\n\t\t\t\t<div class=\"elementor-widget-container\">\n\t\t\t\t\t\t\t<div class=\"info-box-wrapper\">\n\t\t\t<div class=\"wd-info-box text-left box-icon-align-left box-style-base color-scheme- wd-items-top\">\n\t\t\t\t\t\t\t\t\t<div class=\"box-icon-wrapper  box-with-icon box-icon-simple\">\n\t\t\t\t\t\t<div class=\"info-box-icon\">\n\t\t\t\t\t\t\t\t\t\t\t\t\t\t\t<img data-recalc-dims=\"1\" loading=\"lazy\" decoding=\"async\" width=\"50\" height=\"50\" src=\"https:\/\/i0.wp.com\/coopcabaces.coop\/wp-content\/uploads\/2021\/11\/Artboard-1.png?resize=50%2C50&#038;ssl=1\" class=\"attachment-50x50 size-50x50\" alt=\"\" srcset=\"https:\/\/i0.wp.com\/coopcabaces.coop\/wp-content\/uploads\/2021\/11\/Artboard-1.png?w=50&amp;ssl=1 50w, https:\/\/i0.wp.com\/coopcabaces.coop\/wp-content\/uploads\/2021\/11\/Artboard-1.png?resize=100%2C100&amp;ssl=1 100w, https:\/\/i0.wp.com\/coopcabaces.coop\/wp-content\/uploads\/2021\/11\/Artboard-1.png?resize=300%2C300&amp;ssl=1 300w, https:\/\/i0.wp.com\/coopcabaces.coop\/wp-content\/uploads\/2021\/11\/Artboard-1.png?resize=150%2C150&amp;ssl=1 150w, https:\/\/i0.wp.com\/coopcabaces.coop\/wp-content\/uploads\/2021\/11\/Artboard-1.png?resize=768%2C768&amp;ssl=1 768w, https:\/\/i0.wp.com\/coopcabaces.coop\/wp-content\/uploads\/2021\/11\/Artboard-1.png?resize=45%2C45&amp;ssl=1 45w, https:\/\/i0.wp.com\/coopcabaces.coop\/wp-content\/uploads\/2021\/11\/Artboard-1.png?w=1000&amp;ssl=1 1000w\" sizes=\"auto, (max-width: 50px) 100vw, 50px\" \/>\t\t\t\t\t\t\t\t\t\t\t\t\t<\/div>\n\t\t\t\t\t<\/div>\n\t\t\t\t\n\t\t\t\t<div class=\"info-box-content\">\n\t\t\t\t\t\n\t\t\t\t\t\t\t\t\t\t\t<h4\t\t\t\t\t\tclass=\"info-box-title title box-title-style-default wd-fontsize-m\" data-elementor-setting-key=\"title\">\n\t\t\t\t\t\t\t\tHuile d'olive extra vierge Baronia de Cabac\u00e9s\t\t\t\t\t\t<\/h4>\n\t\t\t\t\t\n\t\t\t\t\t<div class=\"info-box-inner reset-last-child\"data-elementor-setting-key=\"content\"><p>Huile d'olive extra vierge Arbequina, de la plus haute qualit\u00e9, obtenue directement des olives Cabac\u00e9s et uniquement par des proc\u00e9d\u00e9s m\u00e9caniques.<\/p>\n<\/div>\n\n\t\t\t\t\t\t\t\t\t<\/div>\n\n\t\t\t\t\t\t\t<\/div>\n\t\t<\/div>\n\t\t\t\t\t\t<\/div>\n\t\t\t\t<\/div>\n\t\t\t\t\t<\/div>\n\t\t<\/div>\n\t\t\t\t<div class=\"elementor-column elementor-col-33 elementor-top-column elementor-element elementor-element-759c213\" data-id=\"759c213\" data-element_type=\"column\" data-e-type=\"column\">\n\t\t\t<div class=\"elementor-widget-wrap elementor-element-populated\">\n\t\t\t\t\t\t<div class=\"elementor-element elementor-element-707b47e elementor-widget elementor-widget-wd_infobox\" data-id=\"707b47e\" data-element_type=\"widget\" data-e-type=\"widget\" data-widget_type=\"wd_infobox.default\">\n\t\t\t\t<div class=\"elementor-widget-container\">\n\t\t\t\t\t\t\t<div class=\"info-box-wrapper\">\n\t\t\t<div class=\"wd-info-box text-left box-icon-align-left box-style-base color-scheme- wd-items-top\">\n\t\t\t\t\t\t\t\t\t<div class=\"box-icon-wrapper  box-with-icon box-icon-simple\">\n\t\t\t\t\t\t<div class=\"info-box-icon\">\n\t\t\t\t\t\t\t\t\t\t\t\t\t\t\t<img data-recalc-dims=\"1\" loading=\"lazy\" decoding=\"async\" width=\"50\" height=\"50\" src=\"https:\/\/i0.wp.com\/coopcabaces.coop\/wp-content\/uploads\/2021\/11\/Artboard-1.png?resize=50%2C50&#038;ssl=1\" class=\"attachment-50x50 size-50x50\" alt=\"\" srcset=\"https:\/\/i0.wp.com\/coopcabaces.coop\/wp-content\/uploads\/2021\/11\/Artboard-1.png?w=50&amp;ssl=1 50w, https:\/\/i0.wp.com\/coopcabaces.coop\/wp-content\/uploads\/2021\/11\/Artboard-1.png?resize=100%2C100&amp;ssl=1 100w, https:\/\/i0.wp.com\/coopcabaces.coop\/wp-content\/uploads\/2021\/11\/Artboard-1.png?resize=300%2C300&amp;ssl=1 300w, https:\/\/i0.wp.com\/coopcabaces.coop\/wp-content\/uploads\/2021\/11\/Artboard-1.png?resize=150%2C150&amp;ssl=1 150w, https:\/\/i0.wp.com\/coopcabaces.coop\/wp-content\/uploads\/2021\/11\/Artboard-1.png?resize=768%2C768&amp;ssl=1 768w, https:\/\/i0.wp.com\/coopcabaces.coop\/wp-content\/uploads\/2021\/11\/Artboard-1.png?resize=45%2C45&amp;ssl=1 45w, https:\/\/i0.wp.com\/coopcabaces.coop\/wp-content\/uploads\/2021\/11\/Artboard-1.png?w=1000&amp;ssl=1 1000w\" sizes=\"auto, (max-width: 50px) 100vw, 50px\" \/>\t\t\t\t\t\t\t\t\t\t\t\t\t<\/div>\n\t\t\t\t\t<\/div>\n\t\t\t\t\n\t\t\t\t<div class=\"info-box-content\">\n\t\t\t\t\t\n\t\t\t\t\t\t\t\t\t\t\t<h4\t\t\t\t\t\tclass=\"info-box-title title box-title-style-default wd-fontsize-m\" data-elementor-setting-key=\"title\">\n\t\t\t\t\t\t\t\tPr\u00e9servation\t\t\t\t\t\t<\/h4>\n\t\t\t\t\t\n\t\t\t\t\t<div class=\"info-box-inner reset-last-child\"data-elementor-setting-key=\"content\"><p>Le niveau d'antioxydants naturels est suffisant pour garantir une dur\u00e9e de conservation \u00e0 long terme. Au fil du temps, les ar\u00f4mes \u00e9volueront vers des sensations de maturit\u00e9, et l'intensit\u00e9 de l'amertume et de l'astringence diminuera. Il est recommand\u00e9 de conserver dans un endroit frais et sec, en \u00e9vitant l'exposition \u00e0 des odeurs l\u00e9g\u00e8res et fortes.<\/p>\n<\/div>\n\n\t\t\t\t\t\t\t\t\t<\/div>\n\n\t\t\t\t\t\t\t<\/div>\n\t\t<\/div>\n\t\t\t\t\t\t<\/div>\n\t\t\t\t<\/div>\n\t\t\t\t\t<\/div>\n\t\t<\/div>\n\t\t\t\t<div class=\"elementor-column elementor-col-33 elementor-top-column elementor-element elementor-element-8c623f0\" data-id=\"8c623f0\" data-element_type=\"column\" data-e-type=\"column\">\n\t\t\t<div class=\"elementor-widget-wrap elementor-element-populated\">\n\t\t\t\t\t\t<div class=\"elementor-element elementor-element-b0df068 elementor-widget elementor-widget-wd_infobox\" data-id=\"b0df068\" data-element_type=\"widget\" data-e-type=\"widget\" data-widget_type=\"wd_infobox.default\">\n\t\t\t\t<div class=\"elementor-widget-container\">\n\t\t\t\t\t\t\t<div class=\"info-box-wrapper\">\n\t\t\t<div class=\"wd-info-box text-left box-icon-align-left box-style-base color-scheme- wd-items-top with-btn box-btn-static\">\n\t\t\t\t\t\t\t\t\t<div class=\"box-icon-wrapper  box-with-icon box-icon-simple\">\n\t\t\t\t\t\t<div class=\"info-box-icon\">\n\t\t\t\t\t\t\t\t\t\t\t\t\t\t\t<img data-recalc-dims=\"1\" loading=\"lazy\" decoding=\"async\" width=\"50\" height=\"50\" src=\"https:\/\/i0.wp.com\/coopcabaces.coop\/wp-content\/uploads\/2021\/11\/Artboard-1.png?resize=50%2C50&#038;ssl=1\" class=\"attachment-50x50 size-50x50\" alt=\"\" srcset=\"https:\/\/i0.wp.com\/coopcabaces.coop\/wp-content\/uploads\/2021\/11\/Artboard-1.png?w=50&amp;ssl=1 50w, https:\/\/i0.wp.com\/coopcabaces.coop\/wp-content\/uploads\/2021\/11\/Artboard-1.png?resize=100%2C100&amp;ssl=1 100w, https:\/\/i0.wp.com\/coopcabaces.coop\/wp-content\/uploads\/2021\/11\/Artboard-1.png?resize=300%2C300&amp;ssl=1 300w, https:\/\/i0.wp.com\/coopcabaces.coop\/wp-content\/uploads\/2021\/11\/Artboard-1.png?resize=150%2C150&amp;ssl=1 150w, https:\/\/i0.wp.com\/coopcabaces.coop\/wp-content\/uploads\/2021\/11\/Artboard-1.png?resize=768%2C768&amp;ssl=1 768w, https:\/\/i0.wp.com\/coopcabaces.coop\/wp-content\/uploads\/2021\/11\/Artboard-1.png?resize=45%2C45&amp;ssl=1 45w, https:\/\/i0.wp.com\/coopcabaces.coop\/wp-content\/uploads\/2021\/11\/Artboard-1.png?w=1000&amp;ssl=1 1000w\" sizes=\"auto, (max-width: 50px) 100vw, 50px\" \/>\t\t\t\t\t\t\t\t\t\t\t\t\t<\/div>\n\t\t\t\t\t<\/div>\n\t\t\t\t\n\t\t\t\t<div class=\"info-box-content\">\n\t\t\t\t\t\n\t\t\t\t\t\t\t\t\t\t\t<h4\t\t\t\t\t\tclass=\"info-box-title title box-title-style-default wd-fontsize-m\" data-elementor-setting-key=\"title\">\n\t\t\t\t\t\t\t\tPlus d'information\t\t\t\t\t\t<\/h4>\n\t\t\t\t\t\n\t\t\t\t\t<div class=\"info-box-inner reset-last-child\"data-elementor-setting-key=\"content\"><p>Pour plus d'informations, visitez la page des caract\u00e9ristiques de l'huile d'olive extra vierge Baronia de Cabac\u00e9s :<\/p>\n<\/div>\n\n\t\t\t\t\t\t\t\t\t\t\t<div class=\"info-btn-wrapper\">\n\t\t\t\t\t\t\t\t\t<div class=\"wd-button-wrapper text-left\" >\n\t\t\t<a class=\"btn btn-style-default btn-shape-rectangle btn-size-default btn-icon-pos-right\"  href=\"https:\/\/coopcabaces.coop\/fr\/huile-dolive-extra-vierge-baronia-de-cabaces\/\">\n\t\t\t\t<span class=\"wd-btn-text\" data-elementor-setting-key=\"text\">\n\t\t\t\t\tHuile d&#039;olive extra vierge Baronia de Cabac\u00e9s\t\t\t\t<\/span>\n\n\t\t\t\t\t\t\t<\/a>\n\t\t<\/div>\n\t\t\t\t\t\t\t\t<\/div>\n\t\t\t\t\t\t\t\t\t<\/div>\n\n\t\t\t\t\t\t\t<\/div>\n\t\t<\/div>\n\t\t\t\t\t\t<\/div>\n\t\t\t\t<\/div>\n\t\t\t\t\t<\/div>\n\t\t<\/div>\n\t\t\t\t\t<\/div>\n\t\t<\/section>\n\t\t\t\t<\/div>\n\t\t","protected":false},"excerpt":{"rendered":"<p>Caisse de 6 bouteilles en verre de 500 ml d&rsquo;huile d&rsquo;olive extra vierge Baronia de Cabac\u00e9s.<\/p>\n","protected":false},"featured_media":4637,"comment_status":"closed","ping_status":"closed","template":"","meta":[],"product_brand":[],"product_cat":[151],"product_tag":[152,148,145,146,147],"class_list":{"0":"post-4544","1":"product","2":"type-product","3":"status-publish","4":"has-post-thumbnail","6":"product_cat-agriculture-conventionnelle","7":"product_tag-conventionnel","8":"product_tag-extra-fr","9":"product_tag-huile","10":"product_tag-olive-fr","11":"product_tag-vierge","13":"first","14":"outofstock","15":"taxable","16":"shipping-taxable","17":"purchasable","18":"product-type-simple"},"yoast_head":"<!-- This site is optimized with the Yoast SEO plugin v27.0 - https:\/\/yoast.com\/product\/yoast-seo-wordpress\/ -->\n<title>Caisse de 6 unit\u00e9s de 500ml - Cooperativa Cabac\u00e9s<\/title>\n<meta name=\"description\" content=\"Huile d&#039;olive extra vierge Baronia de Cabac\u00e9s, obtenue directement des olives et uniquement par des proc\u00e9d\u00e9s m\u00e9caniques.\" \/>\n<meta name=\"robots\" content=\"index, follow, max-snippet:-1, max-image-preview:large, max-video-preview:-1\" \/>\n<link rel=\"canonical\" href=\"https:\/\/coopcabaces.coop\/fr\/product\/carton-de-6-unites-de-500ml\/\" \/>\n<meta property=\"og:locale\" content=\"fr_FR\" \/>\n<meta property=\"og:type\" content=\"article\" \/>\n<meta property=\"og:title\" content=\"Caisse de 6 unit\u00e9s de 500ml - Cooperativa Cabac\u00e9s\" \/>\n<meta property=\"og:description\" content=\"Huile d&#039;olive extra vierge Baronia de Cabac\u00e9s, obtenue directement des olives et uniquement par des proc\u00e9d\u00e9s m\u00e9caniques.\" \/>\n<meta property=\"og:url\" content=\"https:\/\/coopcabaces.coop\/fr\/product\/carton-de-6-unites-de-500ml\/\" \/>\n<meta property=\"og:site_name\" content=\"Cooperativa Cabac\u00e9s\" \/>\n<meta property=\"article:modified_time\" content=\"2025-04-08T21:39:40+00:00\" \/>\n<meta property=\"og:image\" content=\"https:\/\/i0.wp.com\/coopcabaces.coop\/wp-content\/uploads\/2021\/11\/CON500ML-2.png?fit=600%2C800&ssl=1\" \/>\n\t<meta property=\"og:image:width\" content=\"600\" \/>\n\t<meta property=\"og:image:height\" content=\"800\" \/>\n\t<meta property=\"og:image:type\" content=\"image\/png\" \/>\n<meta name=\"twitter:card\" content=\"summary_large_image\" \/>\n<meta name=\"twitter:label1\" content=\"Dur\u00e9e de lecture estim\u00e9e\" \/>\n\t<meta name=\"twitter:data1\" content=\"1 minute\" \/>\n<script type=\"application\/ld+json\" class=\"yoast-schema-graph\">{\"@context\":\"https:\/\/schema.org\",\"@graph\":[{\"@type\":\"WebPage\",\"@id\":\"https:\/\/coopcabaces.coop\/fr\/product\/carton-de-6-unites-de-500ml\/\",\"url\":\"https:\/\/coopcabaces.coop\/fr\/product\/carton-de-6-unites-de-500ml\/\",\"name\":\"Caisse de 6 unit\u00e9s de 500ml - Cooperativa Cabac\u00e9s\",\"isPartOf\":{\"@id\":\"https:\/\/coopcabaces.coop\/fr\/#website\"},\"primaryImageOfPage\":{\"@id\":\"https:\/\/coopcabaces.coop\/fr\/product\/carton-de-6-unites-de-500ml\/#primaryimage\"},\"image\":{\"@id\":\"https:\/\/coopcabaces.coop\/fr\/product\/carton-de-6-unites-de-500ml\/#primaryimage\"},\"thumbnailUrl\":\"https:\/\/i0.wp.com\/coopcabaces.coop\/wp-content\/uploads\/2021\/11\/CON500ML-2.png?fit=600%2C800&ssl=1\",\"datePublished\":\"2021-11-10T18:25:42+00:00\",\"dateModified\":\"2025-04-08T21:39:40+00:00\",\"description\":\"Huile d'olive extra vierge Baronia de Cabac\u00e9s, obtenue directement des olives et uniquement par des proc\u00e9d\u00e9s m\u00e9caniques.\",\"breadcrumb\":{\"@id\":\"https:\/\/coopcabaces.coop\/fr\/product\/carton-de-6-unites-de-500ml\/#breadcrumb\"},\"inLanguage\":\"fr-FR\",\"potentialAction\":[{\"@type\":\"ReadAction\",\"target\":[\"https:\/\/coopcabaces.coop\/fr\/product\/carton-de-6-unites-de-500ml\/\"]}]},{\"@type\":\"ImageObject\",\"inLanguage\":\"fr-FR\",\"@id\":\"https:\/\/coopcabaces.coop\/fr\/product\/carton-de-6-unites-de-500ml\/#primaryimage\",\"url\":\"https:\/\/i0.wp.com\/coopcabaces.coop\/wp-content\/uploads\/2021\/11\/CON500ML-2.png?fit=600%2C800&ssl=1\",\"contentUrl\":\"https:\/\/i0.wp.com\/coopcabaces.coop\/wp-content\/uploads\/2021\/11\/CON500ML-2.png?fit=600%2C800&ssl=1\",\"width\":600,\"height\":800},{\"@type\":\"BreadcrumbList\",\"@id\":\"https:\/\/coopcabaces.coop\/fr\/product\/carton-de-6-unites-de-500ml\/#breadcrumb\",\"itemListElement\":[{\"@type\":\"ListItem\",\"position\":1,\"name\":\"Inici\",\"item\":\"https:\/\/coopcabaces.coop\/fr\/debut\/\"},{\"@type\":\"ListItem\",\"position\":2,\"name\":\"Boutique\",\"item\":\"https:\/\/coopcabaces.coop\/fr\/boutique\/\"},{\"@type\":\"ListItem\",\"position\":3,\"name\":\"Caisse de 6 unit\u00e9s de 500ml\"}]},{\"@type\":\"WebSite\",\"@id\":\"https:\/\/coopcabaces.coop\/fr\/#website\",\"url\":\"https:\/\/coopcabaces.coop\/fr\/\",\"name\":\"Cooperativa Cabac\u00e9s\",\"description\":\"Oli d&#039;oliva verge extra Baronia de Cabac\u00e9s\",\"publisher\":{\"@id\":\"https:\/\/coopcabaces.coop\/fr\/#organization\"},\"potentialAction\":[{\"@type\":\"SearchAction\",\"target\":{\"@type\":\"EntryPoint\",\"urlTemplate\":\"https:\/\/coopcabaces.coop\/fr\/?s={search_term_string}\"},\"query-input\":{\"@type\":\"PropertyValueSpecification\",\"valueRequired\":true,\"valueName\":\"search_term_string\"}}],\"inLanguage\":\"fr-FR\"},{\"@type\":\"Organization\",\"@id\":\"https:\/\/coopcabaces.coop\/fr\/#organization\",\"name\":\"Agr\u00edcola i Secci\u00f3 de Cr\u00e8dit de Cabac\u00e9s, S.C.C.L.\",\"url\":\"https:\/\/coopcabaces.coop\/fr\/\",\"logo\":{\"@type\":\"ImageObject\",\"inLanguage\":\"fr-FR\",\"@id\":\"https:\/\/coopcabaces.coop\/fr\/#\/schema\/logo\/image\/\",\"url\":\"https:\/\/coopcabaces.coop\/wp-content\/uploads\/2021\/11\/cooperativa-cabaces-logo-1454943363.jpg\",\"contentUrl\":\"https:\/\/coopcabaces.coop\/wp-content\/uploads\/2021\/11\/cooperativa-cabaces-logo-1454943363.jpg\",\"width\":402,\"height\":132,\"caption\":\"Agr\u00edcola i Secci\u00f3 de Cr\u00e8dit de Cabac\u00e9s, S.C.C.L.\"},\"image\":{\"@id\":\"https:\/\/coopcabaces.coop\/fr\/#\/schema\/logo\/image\/\"},\"sameAs\":[\"https:\/\/instagram.com\/agr.isec.cre.decabaces\"]}]}<\/script>\n<!-- \/ Yoast SEO plugin. -->","yoast_head_json":{"title":"Caisse de 6 unit\u00e9s de 500ml - Cooperativa Cabac\u00e9s","description":"Huile d'olive extra vierge Baronia de Cabac\u00e9s, obtenue directement des olives et uniquement par des proc\u00e9d\u00e9s m\u00e9caniques.","robots":{"index":"index","follow":"follow","max-snippet":"max-snippet:-1","max-image-preview":"max-image-preview:large","max-video-preview":"max-video-preview:-1"},"canonical":"https:\/\/coopcabaces.coop\/fr\/product\/carton-de-6-unites-de-500ml\/","og_locale":"fr_FR","og_type":"article","og_title":"Caisse de 6 unit\u00e9s de 500ml - Cooperativa Cabac\u00e9s","og_description":"Huile d'olive extra vierge Baronia de Cabac\u00e9s, obtenue directement des olives et uniquement par des proc\u00e9d\u00e9s m\u00e9caniques.","og_url":"https:\/\/coopcabaces.coop\/fr\/product\/carton-de-6-unites-de-500ml\/","og_site_name":"Cooperativa Cabac\u00e9s","article_modified_time":"2025-04-08T21:39:40+00:00","og_image":[{"width":600,"height":800,"url":"https:\/\/i0.wp.com\/coopcabaces.coop\/wp-content\/uploads\/2021\/11\/CON500ML-2.png?fit=600%2C800&ssl=1","type":"image\/png"}],"twitter_card":"summary_large_image","twitter_misc":{"Dur\u00e9e de lecture estim\u00e9e":"1 minute"},"schema":{"@context":"https:\/\/schema.org","@graph":[{"@type":"WebPage","@id":"https:\/\/coopcabaces.coop\/fr\/product\/carton-de-6-unites-de-500ml\/","url":"https:\/\/coopcabaces.coop\/fr\/product\/carton-de-6-unites-de-500ml\/","name":"Caisse de 6 unit\u00e9s de 500ml - Cooperativa Cabac\u00e9s","isPartOf":{"@id":"https:\/\/coopcabaces.coop\/fr\/#website"},"primaryImageOfPage":{"@id":"https:\/\/coopcabaces.coop\/fr\/product\/carton-de-6-unites-de-500ml\/#primaryimage"},"image":{"@id":"https:\/\/coopcabaces.coop\/fr\/product\/carton-de-6-unites-de-500ml\/#primaryimage"},"thumbnailUrl":"https:\/\/i0.wp.com\/coopcabaces.coop\/wp-content\/uploads\/2021\/11\/CON500ML-2.png?fit=600%2C800&ssl=1","datePublished":"2021-11-10T18:25:42+00:00","dateModified":"2025-04-08T21:39:40+00:00","description":"Huile d'olive extra vierge Baronia de Cabac\u00e9s, obtenue directement des olives et uniquement par des proc\u00e9d\u00e9s m\u00e9caniques.","breadcrumb":{"@id":"https:\/\/coopcabaces.coop\/fr\/product\/carton-de-6-unites-de-500ml\/#breadcrumb"},"inLanguage":"fr-FR","potentialAction":[{"@type":"ReadAction","target":["https:\/\/coopcabaces.coop\/fr\/product\/carton-de-6-unites-de-500ml\/"]}]},{"@type":"ImageObject","inLanguage":"fr-FR","@id":"https:\/\/coopcabaces.coop\/fr\/product\/carton-de-6-unites-de-500ml\/#primaryimage","url":"https:\/\/i0.wp.com\/coopcabaces.coop\/wp-content\/uploads\/2021\/11\/CON500ML-2.png?fit=600%2C800&ssl=1","contentUrl":"https:\/\/i0.wp.com\/coopcabaces.coop\/wp-content\/uploads\/2021\/11\/CON500ML-2.png?fit=600%2C800&ssl=1","width":600,"height":800},{"@type":"BreadcrumbList","@id":"https:\/\/coopcabaces.coop\/fr\/product\/carton-de-6-unites-de-500ml\/#breadcrumb","itemListElement":[{"@type":"ListItem","position":1,"name":"Inici","item":"https:\/\/coopcabaces.coop\/fr\/debut\/"},{"@type":"ListItem","position":2,"name":"Boutique","item":"https:\/\/coopcabaces.coop\/fr\/boutique\/"},{"@type":"ListItem","position":3,"name":"Caisse de 6 unit\u00e9s de 500ml"}]},{"@type":"WebSite","@id":"https:\/\/coopcabaces.coop\/fr\/#website","url":"https:\/\/coopcabaces.coop\/fr\/","name":"Cooperativa Cabac\u00e9s","description":"Oli d&#039;oliva verge extra Baronia de Cabac\u00e9s","publisher":{"@id":"https:\/\/coopcabaces.coop\/fr\/#organization"},"potentialAction":[{"@type":"SearchAction","target":{"@type":"EntryPoint","urlTemplate":"https:\/\/coopcabaces.coop\/fr\/?s={search_term_string}"},"query-input":{"@type":"PropertyValueSpecification","valueRequired":true,"valueName":"search_term_string"}}],"inLanguage":"fr-FR"},{"@type":"Organization","@id":"https:\/\/coopcabaces.coop\/fr\/#organization","name":"Agr\u00edcola i Secci\u00f3 de Cr\u00e8dit de Cabac\u00e9s, S.C.C.L.","url":"https:\/\/coopcabaces.coop\/fr\/","logo":{"@type":"ImageObject","inLanguage":"fr-FR","@id":"https:\/\/coopcabaces.coop\/fr\/#\/schema\/logo\/image\/","url":"https:\/\/coopcabaces.coop\/wp-content\/uploads\/2021\/11\/cooperativa-cabaces-logo-1454943363.jpg","contentUrl":"https:\/\/coopcabaces.coop\/wp-content\/uploads\/2021\/11\/cooperativa-cabaces-logo-1454943363.jpg","width":402,"height":132,"caption":"Agr\u00edcola i Secci\u00f3 de Cr\u00e8dit de Cabac\u00e9s, S.C.C.L."},"image":{"@id":"https:\/\/coopcabaces.coop\/fr\/#\/schema\/logo\/image\/"},"sameAs":["https:\/\/instagram.com\/agr.isec.cre.decabaces"]}]}},"jetpack_sharing_enabled":true,"_links":{"self":[{"href":"https:\/\/coopcabaces.coop\/fr\/wp-json\/wp\/v2\/product\/4544","targetHints":{"allow":["GET"]}}],"collection":[{"href":"https:\/\/coopcabaces.coop\/fr\/wp-json\/wp\/v2\/product"}],"about":[{"href":"https:\/\/coopcabaces.coop\/fr\/wp-json\/wp\/v2\/types\/product"}],"replies":[{"embeddable":true,"href":"https:\/\/coopcabaces.coop\/fr\/wp-json\/wp\/v2\/comments?post=4544"}],"version-history":[{"count":10,"href":"https:\/\/coopcabaces.coop\/fr\/wp-json\/wp\/v2\/product\/4544\/revisions"}],"predecessor-version":[{"id":8188,"href":"https:\/\/coopcabaces.coop\/fr\/wp-json\/wp\/v2\/product\/4544\/revisions\/8188"}],"wp:featuredmedia":[{"embeddable":true,"href":"https:\/\/coopcabaces.coop\/fr\/wp-json\/wp\/v2\/media\/4637"}],"wp:attachment":[{"href":"https:\/\/coopcabaces.coop\/fr\/wp-json\/wp\/v2\/media?parent=4544"}],"wp:term":[{"taxonomy":"product_brand","embeddable":true,"href":"https:\/\/coopcabaces.coop\/fr\/wp-json\/wp\/v2\/product_brand?post=4544"},{"taxonomy":"product_cat","embeddable":true,"href":"https:\/\/coopcabaces.coop\/fr\/wp-json\/wp\/v2\/product_cat?post=4544"},{"taxonomy":"product_tag","embeddable":true,"href":"https:\/\/coopcabaces.coop\/fr\/wp-json\/wp\/v2\/product_tag?post=4544"}],"curies":[{"name":"wp","href":"https:\/\/api.w.org\/{rel}","templated":true}]}}