{"id":6450,"date":"2023-11-09T21:15:32","date_gmt":"2023-11-09T19:15:32","guid":{"rendered":"https:\/\/coopcabaces.coop\/?post_type=product&#038;p=6450"},"modified":"2025-10-24T13:15:19","modified_gmt":"2025-10-24T11:15:19","slug":"carton-de-3-unites-de-5l-copia-copia","status":"publish","type":"product","link":"https:\/\/coopcabaces.coop\/fr\/product\/carton-de-3-unites-de-5l-copia-copia\/","title":{"rendered":"Caisse de 8 unit\u00e9s de 2l Non filtr\u00e9"},"content":{"rendered":"\t\t<div data-elementor-type=\"wp-post\" data-elementor-id=\"6450\" class=\"elementor elementor-6450 elementor-6447\">\n\t\t\t\t\t\t<section class=\"wd-negative-gap elementor-section elementor-top-section elementor-element elementor-element-10a8df3 elementor-section-boxed elementor-section-height-default elementor-section-height-default\" data-id=\"10a8df3\" data-element_type=\"section\" data-e-type=\"section\">\n\t\t\t\t\t\t<div class=\"elementor-container elementor-column-gap-default\">\n\t\t\t\t\t<div class=\"elementor-column elementor-col-33 elementor-top-column elementor-element elementor-element-bb809e3\" data-id=\"bb809e3\" data-element_type=\"column\" data-e-type=\"column\">\n\t\t\t<div class=\"elementor-widget-wrap elementor-element-populated\">\n\t\t\t\t\t\t<div class=\"elementor-element elementor-element-4f419fc elementor-widget elementor-widget-wd_infobox\" data-id=\"4f419fc\" data-element_type=\"widget\" data-e-type=\"widget\" data-widget_type=\"wd_infobox.default\">\n\t\t\t\t<div class=\"elementor-widget-container\">\n\t\t\t\t\t\t\t<div class=\"info-box-wrapper\">\n\t\t\t<div class=\"wd-info-box text-left box-icon-align-left box-style-base color-scheme- wd-items-top\">\n\t\t\t\t\t\t\t\t\t<div class=\"box-icon-wrapper  box-with-icon box-icon-simple\">\n\t\t\t\t\t\t<div class=\"info-box-icon\">\n\t\t\t\t\t\t\t\t\t\t\t\t\t\t\t<img data-recalc-dims=\"1\" loading=\"lazy\" decoding=\"async\" width=\"50\" height=\"50\" src=\"https:\/\/i0.wp.com\/coopcabaces.coop\/wp-content\/uploads\/2021\/11\/Artboard-1.png?resize=50%2C50&#038;ssl=1\" class=\"attachment-50x50 size-50x50\" alt=\"\" srcset=\"https:\/\/i0.wp.com\/coopcabaces.coop\/wp-content\/uploads\/2021\/11\/Artboard-1.png?w=50&amp;ssl=1 50w, https:\/\/i0.wp.com\/coopcabaces.coop\/wp-content\/uploads\/2021\/11\/Artboard-1.png?resize=100%2C100&amp;ssl=1 100w, https:\/\/i0.wp.com\/coopcabaces.coop\/wp-content\/uploads\/2021\/11\/Artboard-1.png?resize=300%2C300&amp;ssl=1 300w, https:\/\/i0.wp.com\/coopcabaces.coop\/wp-content\/uploads\/2021\/11\/Artboard-1.png?resize=150%2C150&amp;ssl=1 150w, https:\/\/i0.wp.com\/coopcabaces.coop\/wp-content\/uploads\/2021\/11\/Artboard-1.png?resize=768%2C768&amp;ssl=1 768w, https:\/\/i0.wp.com\/coopcabaces.coop\/wp-content\/uploads\/2021\/11\/Artboard-1.png?resize=45%2C45&amp;ssl=1 45w, https:\/\/i0.wp.com\/coopcabaces.coop\/wp-content\/uploads\/2021\/11\/Artboard-1.png?w=1000&amp;ssl=1 1000w\" sizes=\"auto, (max-width: 50px) 100vw, 50px\" \/>\t\t\t\t\t\t\t\t\t\t\t\t\t<\/div>\n\t\t\t\t\t<\/div>\n\t\t\t\t\n\t\t\t\t<div class=\"info-box-content\">\n\t\t\t\t\t\n\t\t\t\t\t\t\t\t\t\t\t<h4\t\t\t\t\t\tclass=\"info-box-title title box-title-style-default wd-fontsize-m\" data-elementor-setting-key=\"title\">\n\t\t\t\t\t\t\t\tHuile d'olive extra vierge Baronia de Cabac\u00e9s\t\t\t\t\t\t<\/h4>\n\t\t\t\t\t\n\t\t\t\t\t<div class=\"info-box-inner reset-last-child\"data-elementor-setting-key=\"content\"><p>Huile d'olive extra vierge Arbequina, de la plus haute qualit\u00e9, obtenue directement des olives Cabac\u00e9s et uniquement par des proc\u00e9d\u00e9s m\u00e9caniques.<\/p>\n<\/div>\n\n\t\t\t\t\t\t\t\t\t<\/div>\n\n\t\t\t\t\t\t\t<\/div>\n\t\t<\/div>\n\t\t\t\t\t\t<\/div>\n\t\t\t\t<\/div>\n\t\t\t\t\t<\/div>\n\t\t<\/div>\n\t\t\t\t<div class=\"elementor-column elementor-col-33 elementor-top-column elementor-element elementor-element-55241b3\" data-id=\"55241b3\" data-element_type=\"column\" data-e-type=\"column\">\n\t\t\t<div class=\"elementor-widget-wrap elementor-element-populated\">\n\t\t\t\t\t\t<div class=\"elementor-element elementor-element-f03b937 elementor-widget elementor-widget-wd_infobox\" data-id=\"f03b937\" data-element_type=\"widget\" data-e-type=\"widget\" data-widget_type=\"wd_infobox.default\">\n\t\t\t\t<div class=\"elementor-widget-container\">\n\t\t\t\t\t\t\t<div class=\"info-box-wrapper\">\n\t\t\t<div class=\"wd-info-box text-left box-icon-align-left box-style-base color-scheme- wd-items-top\">\n\t\t\t\t\t\t\t\t\t<div class=\"box-icon-wrapper  box-with-icon box-icon-simple\">\n\t\t\t\t\t\t<div class=\"info-box-icon\">\n\t\t\t\t\t\t\t\t\t\t\t\t\t\t\t<img data-recalc-dims=\"1\" loading=\"lazy\" decoding=\"async\" width=\"50\" height=\"50\" src=\"https:\/\/i0.wp.com\/coopcabaces.coop\/wp-content\/uploads\/2021\/11\/Artboard-1.png?resize=50%2C50&#038;ssl=1\" class=\"attachment-50x50 size-50x50\" alt=\"\" srcset=\"https:\/\/i0.wp.com\/coopcabaces.coop\/wp-content\/uploads\/2021\/11\/Artboard-1.png?w=50&amp;ssl=1 50w, https:\/\/i0.wp.com\/coopcabaces.coop\/wp-content\/uploads\/2021\/11\/Artboard-1.png?resize=100%2C100&amp;ssl=1 100w, https:\/\/i0.wp.com\/coopcabaces.coop\/wp-content\/uploads\/2021\/11\/Artboard-1.png?resize=300%2C300&amp;ssl=1 300w, https:\/\/i0.wp.com\/coopcabaces.coop\/wp-content\/uploads\/2021\/11\/Artboard-1.png?resize=150%2C150&amp;ssl=1 150w, https:\/\/i0.wp.com\/coopcabaces.coop\/wp-content\/uploads\/2021\/11\/Artboard-1.png?resize=768%2C768&amp;ssl=1 768w, https:\/\/i0.wp.com\/coopcabaces.coop\/wp-content\/uploads\/2021\/11\/Artboard-1.png?resize=45%2C45&amp;ssl=1 45w, https:\/\/i0.wp.com\/coopcabaces.coop\/wp-content\/uploads\/2021\/11\/Artboard-1.png?w=1000&amp;ssl=1 1000w\" sizes=\"auto, (max-width: 50px) 100vw, 50px\" \/>\t\t\t\t\t\t\t\t\t\t\t\t\t<\/div>\n\t\t\t\t\t<\/div>\n\t\t\t\t\n\t\t\t\t<div class=\"info-box-content\">\n\t\t\t\t\t\n\t\t\t\t\t\t\t\t\t\t\t<h4\t\t\t\t\t\tclass=\"info-box-title title box-title-style-default wd-fontsize-m\" data-elementor-setting-key=\"title\">\n\t\t\t\t\t\t\t\tPr\u00e9servation\t\t\t\t\t\t<\/h4>\n\t\t\t\t\t\n\t\t\t\t\t<div class=\"info-box-inner reset-last-child\"data-elementor-setting-key=\"content\"><p>Il est recommand\u00e9 de consommer avant 3 mois car elle se d\u00e9grade plus vite que l'huile filtr\u00e9e. Conserver dans un endroit frais et sec, en \u00e9vitant l'exposition \u00e0 la lumi\u00e8re et aux odeurs fortes.<\/p>\n<\/div>\n\n\t\t\t\t\t\t\t\t\t<\/div>\n\n\t\t\t\t\t\t\t<\/div>\n\t\t<\/div>\n\t\t\t\t\t\t<\/div>\n\t\t\t\t<\/div>\n\t\t\t\t\t<\/div>\n\t\t<\/div>\n\t\t\t\t<div class=\"elementor-column elementor-col-33 elementor-top-column elementor-element elementor-element-64e60c0\" data-id=\"64e60c0\" data-element_type=\"column\" data-e-type=\"column\">\n\t\t\t<div class=\"elementor-widget-wrap elementor-element-populated\">\n\t\t\t\t\t\t<div class=\"elementor-element elementor-element-5c75cee elementor-widget elementor-widget-wd_infobox\" data-id=\"5c75cee\" data-element_type=\"widget\" data-e-type=\"widget\" data-widget_type=\"wd_infobox.default\">\n\t\t\t\t<div class=\"elementor-widget-container\">\n\t\t\t\t\t\t\t<div class=\"info-box-wrapper\">\n\t\t\t<div class=\"wd-info-box text-left box-icon-align-left box-style-base color-scheme- wd-items-top with-btn box-btn-static\">\n\t\t\t\t\t\t\t\t\t<div class=\"box-icon-wrapper  box-with-icon box-icon-simple\">\n\t\t\t\t\t\t<div class=\"info-box-icon\">\n\t\t\t\t\t\t\t\t\t\t\t\t\t\t\t<img data-recalc-dims=\"1\" loading=\"lazy\" decoding=\"async\" width=\"50\" height=\"50\" src=\"https:\/\/i0.wp.com\/coopcabaces.coop\/wp-content\/uploads\/2021\/11\/Artboard-1.png?resize=50%2C50&#038;ssl=1\" class=\"attachment-50x50 size-50x50\" alt=\"\" srcset=\"https:\/\/i0.wp.com\/coopcabaces.coop\/wp-content\/uploads\/2021\/11\/Artboard-1.png?w=50&amp;ssl=1 50w, https:\/\/i0.wp.com\/coopcabaces.coop\/wp-content\/uploads\/2021\/11\/Artboard-1.png?resize=100%2C100&amp;ssl=1 100w, https:\/\/i0.wp.com\/coopcabaces.coop\/wp-content\/uploads\/2021\/11\/Artboard-1.png?resize=300%2C300&amp;ssl=1 300w, https:\/\/i0.wp.com\/coopcabaces.coop\/wp-content\/uploads\/2021\/11\/Artboard-1.png?resize=150%2C150&amp;ssl=1 150w, https:\/\/i0.wp.com\/coopcabaces.coop\/wp-content\/uploads\/2021\/11\/Artboard-1.png?resize=768%2C768&amp;ssl=1 768w, https:\/\/i0.wp.com\/coopcabaces.coop\/wp-content\/uploads\/2021\/11\/Artboard-1.png?resize=45%2C45&amp;ssl=1 45w, https:\/\/i0.wp.com\/coopcabaces.coop\/wp-content\/uploads\/2021\/11\/Artboard-1.png?w=1000&amp;ssl=1 1000w\" sizes=\"auto, (max-width: 50px) 100vw, 50px\" \/>\t\t\t\t\t\t\t\t\t\t\t\t\t<\/div>\n\t\t\t\t\t<\/div>\n\t\t\t\t\n\t\t\t\t<div class=\"info-box-content\">\n\t\t\t\t\t\n\t\t\t\t\t\t\t\t\t\t\t<h4\t\t\t\t\t\tclass=\"info-box-title title box-title-style-default wd-fontsize-m\" data-elementor-setting-key=\"title\">\n\t\t\t\t\t\t\t\tPlus d'information\t\t\t\t\t\t<\/h4>\n\t\t\t\t\t\n\t\t\t\t\t<div class=\"info-box-inner reset-last-child\"data-elementor-setting-key=\"content\"><p>Pour plus d'informations, visitez la page des caract\u00e9ristiques de l'huile d'olive extra vierge Baronia de Cabac\u00e9s :<\/p>\n<\/div>\n\n\t\t\t\t\t\t\t\t\t\t\t<div class=\"info-btn-wrapper\">\n\t\t\t\t\t\t\t\t\t<div class=\"wd-button-wrapper text-left\" >\n\t\t\t<a class=\"btn btn-style-default btn-shape-rectangle btn-size-default btn-icon-pos-right\"  href=\"https:\/\/coopcabaces.coop\/fr\/huile-dolive-extra-vierge-baronia-de-cabaces\/\">\n\t\t\t\t<span class=\"wd-btn-text\" data-elementor-setting-key=\"text\">\n\t\t\t\t\tHuile d&#039;olive extra vierge Baronia de Cabac\u00e9s\t\t\t\t<\/span>\n\n\t\t\t\t\t\t\t<\/a>\n\t\t<\/div>\n\t\t\t\t\t\t\t\t<\/div>\n\t\t\t\t\t\t\t\t\t<\/div>\n\n\t\t\t\t\t\t\t<\/div>\n\t\t<\/div>\n\t\t\t\t\t\t<\/div>\n\t\t\t\t<\/div>\n\t\t\t\t\t<\/div>\n\t\t<\/div>\n\t\t\t\t\t<\/div>\n\t\t<\/section>\n\t\t\t\t<\/div>\n\t\t","protected":false},"excerpt":{"rendered":"<p>Caisse de 8 bouteilles de 2l d&rsquo;huile d&rsquo;olive extra vierge Baronia de Cabac\u00e9s. Non filtr\u00e9, il est recommand\u00e9 de consommer avant 3 mois.<\/p>\n","protected":false},"featured_media":7602,"comment_status":"closed","ping_status":"closed","template":"","meta":[],"product_brand":[],"product_cat":[159],"product_tag":[152,148,145,146,147],"class_list":{"0":"post-6450","1":"product","2":"type-product","3":"status-publish","4":"has-post-thumbnail","6":"product_cat-non-filtre","7":"product_tag-conventionnel","8":"product_tag-extra-fr","9":"product_tag-huile","10":"product_tag-olive-fr","11":"product_tag-vierge","13":"first","14":"instock","15":"taxable","16":"shipping-taxable","17":"purchasable","18":"product-type-simple"},"yoast_head":"<!-- This site is optimized with the Yoast SEO plugin v27.0 - https:\/\/yoast.com\/product\/yoast-seo-wordpress\/ -->\n<title>Caisse de 8 unit\u00e9s de 2l Non filtr\u00e9 - Cooperativa Cabac\u00e9s<\/title>\n<meta name=\"description\" content=\"Huile d&#039;olive extra vierge Baronia de Cabac\u00e9s, obtenue directement des olives et uniquement par des proc\u00e9d\u00e9s m\u00e9caniques.\" \/>\n<meta name=\"robots\" content=\"index, follow, max-snippet:-1, max-image-preview:large, max-video-preview:-1\" \/>\n<link rel=\"canonical\" href=\"https:\/\/coopcabaces.coop\/fr\/product\/carton-de-3-unites-de-5l-copia-copia\/\" \/>\n<meta property=\"og:locale\" content=\"fr_FR\" \/>\n<meta property=\"og:type\" content=\"article\" \/>\n<meta property=\"og:title\" content=\"Caisse de 8 unit\u00e9s de 2l Non filtr\u00e9 - Cooperativa Cabac\u00e9s\" \/>\n<meta property=\"og:description\" content=\"Huile d&#039;olive extra vierge Baronia de Cabac\u00e9s, obtenue directement des olives et uniquement par des proc\u00e9d\u00e9s m\u00e9caniques.\" \/>\n<meta property=\"og:url\" content=\"https:\/\/coopcabaces.coop\/fr\/product\/carton-de-3-unites-de-5l-copia-copia\/\" \/>\n<meta property=\"og:site_name\" content=\"Cooperativa Cabac\u00e9s\" \/>\n<meta property=\"article:modified_time\" content=\"2025-10-24T11:15:19+00:00\" \/>\n<meta property=\"og:image\" content=\"https:\/\/coopcabaces.coop\/wp-content\/uploads\/2023\/11\/2l-small-1.png\" \/>\n\t<meta property=\"og:image:width\" content=\"596\" \/>\n\t<meta property=\"og:image:height\" content=\"845\" \/>\n\t<meta property=\"og:image:type\" content=\"image\/png\" \/>\n<meta name=\"twitter:card\" content=\"summary_large_image\" \/>\n<meta name=\"twitter:label1\" content=\"Dur\u00e9e de lecture estim\u00e9e\" \/>\n\t<meta name=\"twitter:data1\" content=\"2 minutes\" \/>\n<script type=\"application\/ld+json\" class=\"yoast-schema-graph\">{\"@context\":\"https:\/\/schema.org\",\"@graph\":[{\"@type\":\"WebPage\",\"@id\":\"https:\/\/coopcabaces.coop\/fr\/product\/carton-de-3-unites-de-5l-copia-copia\/\",\"url\":\"https:\/\/coopcabaces.coop\/fr\/product\/carton-de-3-unites-de-5l-copia-copia\/\",\"name\":\"Caisse de 8 unit\u00e9s de 2l Non filtr\u00e9 - Cooperativa Cabac\u00e9s\",\"isPartOf\":{\"@id\":\"https:\/\/coopcabaces.coop\/fr\/#website\"},\"primaryImageOfPage\":{\"@id\":\"https:\/\/coopcabaces.coop\/fr\/product\/carton-de-3-unites-de-5l-copia-copia\/#primaryimage\"},\"image\":{\"@id\":\"https:\/\/coopcabaces.coop\/fr\/product\/carton-de-3-unites-de-5l-copia-copia\/#primaryimage\"},\"thumbnailUrl\":\"https:\/\/i0.wp.com\/coopcabaces.coop\/wp-content\/uploads\/2023\/11\/2l-small-1.png?fit=596%2C845&ssl=1\",\"datePublished\":\"2023-11-09T19:15:32+00:00\",\"dateModified\":\"2025-10-24T11:15:19+00:00\",\"description\":\"Huile d'olive extra vierge Baronia de Cabac\u00e9s, obtenue directement des olives et uniquement par des proc\u00e9d\u00e9s m\u00e9caniques.\",\"breadcrumb\":{\"@id\":\"https:\/\/coopcabaces.coop\/fr\/product\/carton-de-3-unites-de-5l-copia-copia\/#breadcrumb\"},\"inLanguage\":\"fr-FR\",\"potentialAction\":[{\"@type\":\"ReadAction\",\"target\":[\"https:\/\/coopcabaces.coop\/fr\/product\/carton-de-3-unites-de-5l-copia-copia\/\"]}]},{\"@type\":\"ImageObject\",\"inLanguage\":\"fr-FR\",\"@id\":\"https:\/\/coopcabaces.coop\/fr\/product\/carton-de-3-unites-de-5l-copia-copia\/#primaryimage\",\"url\":\"https:\/\/i0.wp.com\/coopcabaces.coop\/wp-content\/uploads\/2023\/11\/2l-small-1.png?fit=596%2C845&ssl=1\",\"contentUrl\":\"https:\/\/i0.wp.com\/coopcabaces.coop\/wp-content\/uploads\/2023\/11\/2l-small-1.png?fit=596%2C845&ssl=1\",\"width\":596,\"height\":845},{\"@type\":\"BreadcrumbList\",\"@id\":\"https:\/\/coopcabaces.coop\/fr\/product\/carton-de-3-unites-de-5l-copia-copia\/#breadcrumb\",\"itemListElement\":[{\"@type\":\"ListItem\",\"position\":1,\"name\":\"Inici\",\"item\":\"https:\/\/coopcabaces.coop\/fr\/debut\/\"},{\"@type\":\"ListItem\",\"position\":2,\"name\":\"Boutique\",\"item\":\"https:\/\/coopcabaces.coop\/fr\/boutique\/\"},{\"@type\":\"ListItem\",\"position\":3,\"name\":\"Caisse de 8 unit\u00e9s de 2l Non filtr\u00e9\"}]},{\"@type\":\"WebSite\",\"@id\":\"https:\/\/coopcabaces.coop\/fr\/#website\",\"url\":\"https:\/\/coopcabaces.coop\/fr\/\",\"name\":\"Cooperativa Cabac\u00e9s\",\"description\":\"Oli d&#039;oliva verge extra Baronia de Cabac\u00e9s\",\"publisher\":{\"@id\":\"https:\/\/coopcabaces.coop\/fr\/#organization\"},\"potentialAction\":[{\"@type\":\"SearchAction\",\"target\":{\"@type\":\"EntryPoint\",\"urlTemplate\":\"https:\/\/coopcabaces.coop\/fr\/?s={search_term_string}\"},\"query-input\":{\"@type\":\"PropertyValueSpecification\",\"valueRequired\":true,\"valueName\":\"search_term_string\"}}],\"inLanguage\":\"fr-FR\"},{\"@type\":\"Organization\",\"@id\":\"https:\/\/coopcabaces.coop\/fr\/#organization\",\"name\":\"Agr\u00edcola i Secci\u00f3 de Cr\u00e8dit de Cabac\u00e9s, S.C.C.L.\",\"url\":\"https:\/\/coopcabaces.coop\/fr\/\",\"logo\":{\"@type\":\"ImageObject\",\"inLanguage\":\"fr-FR\",\"@id\":\"https:\/\/coopcabaces.coop\/fr\/#\/schema\/logo\/image\/\",\"url\":\"https:\/\/coopcabaces.coop\/wp-content\/uploads\/2021\/11\/cooperativa-cabaces-logo-1454943363.jpg\",\"contentUrl\":\"https:\/\/coopcabaces.coop\/wp-content\/uploads\/2021\/11\/cooperativa-cabaces-logo-1454943363.jpg\",\"width\":402,\"height\":132,\"caption\":\"Agr\u00edcola i Secci\u00f3 de Cr\u00e8dit de Cabac\u00e9s, S.C.C.L.\"},\"image\":{\"@id\":\"https:\/\/coopcabaces.coop\/fr\/#\/schema\/logo\/image\/\"},\"sameAs\":[\"https:\/\/instagram.com\/agr.isec.cre.decabaces\"]}]}<\/script>\n<!-- \/ Yoast SEO plugin. -->","yoast_head_json":{"title":"Caisse de 8 unit\u00e9s de 2l Non filtr\u00e9 - Cooperativa Cabac\u00e9s","description":"Huile d'olive extra vierge Baronia de Cabac\u00e9s, obtenue directement des olives et uniquement par des proc\u00e9d\u00e9s m\u00e9caniques.","robots":{"index":"index","follow":"follow","max-snippet":"max-snippet:-1","max-image-preview":"max-image-preview:large","max-video-preview":"max-video-preview:-1"},"canonical":"https:\/\/coopcabaces.coop\/fr\/product\/carton-de-3-unites-de-5l-copia-copia\/","og_locale":"fr_FR","og_type":"article","og_title":"Caisse de 8 unit\u00e9s de 2l Non filtr\u00e9 - Cooperativa Cabac\u00e9s","og_description":"Huile d'olive extra vierge Baronia de Cabac\u00e9s, obtenue directement des olives et uniquement par des proc\u00e9d\u00e9s m\u00e9caniques.","og_url":"https:\/\/coopcabaces.coop\/fr\/product\/carton-de-3-unites-de-5l-copia-copia\/","og_site_name":"Cooperativa Cabac\u00e9s","article_modified_time":"2025-10-24T11:15:19+00:00","og_image":[{"width":596,"height":845,"url":"https:\/\/coopcabaces.coop\/wp-content\/uploads\/2023\/11\/2l-small-1.png","type":"image\/png"}],"twitter_card":"summary_large_image","twitter_misc":{"Dur\u00e9e de lecture estim\u00e9e":"2 minutes"},"schema":{"@context":"https:\/\/schema.org","@graph":[{"@type":"WebPage","@id":"https:\/\/coopcabaces.coop\/fr\/product\/carton-de-3-unites-de-5l-copia-copia\/","url":"https:\/\/coopcabaces.coop\/fr\/product\/carton-de-3-unites-de-5l-copia-copia\/","name":"Caisse de 8 unit\u00e9s de 2l Non filtr\u00e9 - Cooperativa Cabac\u00e9s","isPartOf":{"@id":"https:\/\/coopcabaces.coop\/fr\/#website"},"primaryImageOfPage":{"@id":"https:\/\/coopcabaces.coop\/fr\/product\/carton-de-3-unites-de-5l-copia-copia\/#primaryimage"},"image":{"@id":"https:\/\/coopcabaces.coop\/fr\/product\/carton-de-3-unites-de-5l-copia-copia\/#primaryimage"},"thumbnailUrl":"https:\/\/i0.wp.com\/coopcabaces.coop\/wp-content\/uploads\/2023\/11\/2l-small-1.png?fit=596%2C845&ssl=1","datePublished":"2023-11-09T19:15:32+00:00","dateModified":"2025-10-24T11:15:19+00:00","description":"Huile d'olive extra vierge Baronia de Cabac\u00e9s, obtenue directement des olives et uniquement par des proc\u00e9d\u00e9s m\u00e9caniques.","breadcrumb":{"@id":"https:\/\/coopcabaces.coop\/fr\/product\/carton-de-3-unites-de-5l-copia-copia\/#breadcrumb"},"inLanguage":"fr-FR","potentialAction":[{"@type":"ReadAction","target":["https:\/\/coopcabaces.coop\/fr\/product\/carton-de-3-unites-de-5l-copia-copia\/"]}]},{"@type":"ImageObject","inLanguage":"fr-FR","@id":"https:\/\/coopcabaces.coop\/fr\/product\/carton-de-3-unites-de-5l-copia-copia\/#primaryimage","url":"https:\/\/i0.wp.com\/coopcabaces.coop\/wp-content\/uploads\/2023\/11\/2l-small-1.png?fit=596%2C845&ssl=1","contentUrl":"https:\/\/i0.wp.com\/coopcabaces.coop\/wp-content\/uploads\/2023\/11\/2l-small-1.png?fit=596%2C845&ssl=1","width":596,"height":845},{"@type":"BreadcrumbList","@id":"https:\/\/coopcabaces.coop\/fr\/product\/carton-de-3-unites-de-5l-copia-copia\/#breadcrumb","itemListElement":[{"@type":"ListItem","position":1,"name":"Inici","item":"https:\/\/coopcabaces.coop\/fr\/debut\/"},{"@type":"ListItem","position":2,"name":"Boutique","item":"https:\/\/coopcabaces.coop\/fr\/boutique\/"},{"@type":"ListItem","position":3,"name":"Caisse de 8 unit\u00e9s de 2l Non filtr\u00e9"}]},{"@type":"WebSite","@id":"https:\/\/coopcabaces.coop\/fr\/#website","url":"https:\/\/coopcabaces.coop\/fr\/","name":"Cooperativa Cabac\u00e9s","description":"Oli d&#039;oliva verge extra Baronia de Cabac\u00e9s","publisher":{"@id":"https:\/\/coopcabaces.coop\/fr\/#organization"},"potentialAction":[{"@type":"SearchAction","target":{"@type":"EntryPoint","urlTemplate":"https:\/\/coopcabaces.coop\/fr\/?s={search_term_string}"},"query-input":{"@type":"PropertyValueSpecification","valueRequired":true,"valueName":"search_term_string"}}],"inLanguage":"fr-FR"},{"@type":"Organization","@id":"https:\/\/coopcabaces.coop\/fr\/#organization","name":"Agr\u00edcola i Secci\u00f3 de Cr\u00e8dit de Cabac\u00e9s, S.C.C.L.","url":"https:\/\/coopcabaces.coop\/fr\/","logo":{"@type":"ImageObject","inLanguage":"fr-FR","@id":"https:\/\/coopcabaces.coop\/fr\/#\/schema\/logo\/image\/","url":"https:\/\/coopcabaces.coop\/wp-content\/uploads\/2021\/11\/cooperativa-cabaces-logo-1454943363.jpg","contentUrl":"https:\/\/coopcabaces.coop\/wp-content\/uploads\/2021\/11\/cooperativa-cabaces-logo-1454943363.jpg","width":402,"height":132,"caption":"Agr\u00edcola i Secci\u00f3 de Cr\u00e8dit de Cabac\u00e9s, S.C.C.L."},"image":{"@id":"https:\/\/coopcabaces.coop\/fr\/#\/schema\/logo\/image\/"},"sameAs":["https:\/\/instagram.com\/agr.isec.cre.decabaces"]}]}},"jetpack_sharing_enabled":true,"_links":{"self":[{"href":"https:\/\/coopcabaces.coop\/fr\/wp-json\/wp\/v2\/product\/6450","targetHints":{"allow":["GET"]}}],"collection":[{"href":"https:\/\/coopcabaces.coop\/fr\/wp-json\/wp\/v2\/product"}],"about":[{"href":"https:\/\/coopcabaces.coop\/fr\/wp-json\/wp\/v2\/types\/product"}],"replies":[{"embeddable":true,"href":"https:\/\/coopcabaces.coop\/fr\/wp-json\/wp\/v2\/comments?post=6450"}],"version-history":[{"count":16,"href":"https:\/\/coopcabaces.coop\/fr\/wp-json\/wp\/v2\/product\/6450\/revisions"}],"predecessor-version":[{"id":8874,"href":"https:\/\/coopcabaces.coop\/fr\/wp-json\/wp\/v2\/product\/6450\/revisions\/8874"}],"wp:featuredmedia":[{"embeddable":true,"href":"https:\/\/coopcabaces.coop\/fr\/wp-json\/wp\/v2\/media\/7602"}],"wp:attachment":[{"href":"https:\/\/coopcabaces.coop\/fr\/wp-json\/wp\/v2\/media?parent=6450"}],"wp:term":[{"taxonomy":"product_brand","embeddable":true,"href":"https:\/\/coopcabaces.coop\/fr\/wp-json\/wp\/v2\/product_brand?post=6450"},{"taxonomy":"product_cat","embeddable":true,"href":"https:\/\/coopcabaces.coop\/fr\/wp-json\/wp\/v2\/product_cat?post=6450"},{"taxonomy":"product_tag","embeddable":true,"href":"https:\/\/coopcabaces.coop\/fr\/wp-json\/wp\/v2\/product_tag?post=6450"}],"curies":[{"name":"wp","href":"https:\/\/api.w.org\/{rel}","templated":true}]}}